{"id":4581,"date":"2024-01-22T14:16:49","date_gmt":"2024-01-22T13:16:49","guid":{"rendered":"https:\/\/www.portimex.com\/referenzen\/motorisations-portes-coupe-feu\/"},"modified":"2025-08-19T07:47:52","modified_gmt":"2025-08-19T05:47:52","slug":"motorisations-portes-coupe-feu","status":"publish","type":"page","link":"https:\/\/www.portimex.com\/fr\/referenzen\/motorisations-portes-coupe-feu\/","title":{"rendered":"Applications &#8211; Motorisations pour portes coupe-feu"},"content":{"rendered":"\n<div class=\"wp-block-genesis-blocks-gb-columns gb-layout-columns-1 one-column\"><div class=\"gb-layout-column-wrap gb-block-layout-column-gap-2 gb-is-responsive-column\">\n<div class=\"wp-block-genesis-blocks-gb-column gb-block-layout-column\"><div class=\"gb-block-layout-column-inner\"><div class=\"yoast-breadcrumbs\"><span><span><a href=\"https:\/\/www.portimex.com\/fr\/\">Home<\/a><\/span> \u00bb <span><a href=\"https:\/\/www.portimex.com\/referenzen\/\">Applications<\/a><\/span> \u00bb <span class=\"breadcrumb_last\" aria-current=\"page\">Applications &#8211; Motorisations pour portes coupe-feu<\/span><\/span><\/div>\n\n\n<h1 class=\"wp-block-heading\" style=\"padding-top:var(--wp--preset--spacing--40);font-size:40px;text-transform:uppercase\">Applications \u2013 Motorisations pour portes coupe-feu<\/h1>\n\n\n\n<p>Nos solutions de motorisation coupe-feu veillent toujours \u00e0 ce que le confort ne soit pas n\u00e9glig\u00e9, tout en garantissant une parfaite protection contre l\u2019incendie. Avec sa large gamme de composants pour le mouvement des portes et portails coupe-feu nouvellement install\u00e9s ou existants, Portimex offre des solutions pour les besoins les plus divers des clients, des composants individuels aux syst\u00e8mes de motorisation enti\u00e8rement automatis\u00e9s.<\/p>\n\n\n\n<div class=\"wp-block-uagb-container uagb-layout-grid uagb-block-c42f61f0 alignfull uagb-is-root-container\"><div class=\"uagb-container-inner-blocks-wrap\">\n<div class=\"wp-block-uagb-container uagb-block-50f933fe default uagb-is-root-container\">\n<div class=\"wp-block-uagb-image aligncenter uagb-block-0fb8ffbb wp-block-uagb-image--layout-default wp-block-uagb-image--effect-static wp-block-uagb-image--align-center\"><figure class=\"wp-block-uagb-image__figure\"><a class=\"\" href=\"https:\/\/www.portimex.com\/fr\/motorisation-coupe-feu-portes-fenetres-industrielles\/\" target=\"\" rel=\"noopener\"><img decoding=\"async\" srcset=\"https:\/\/www.portimex.com\/wp-content\/uploads\/2024\/12\/Brandschutzantriebe-Produkte.jpg ,https:\/\/www.portimex.com\/wp-content\/uploads\/2024\/12\/Brandschutzantriebe-Produkte.jpg 780w, https:\/\/www.portimex.com\/wp-content\/uploads\/2024\/12\/Brandschutzantriebe-Produkte.jpg 360w\" sizes=\"auto, (max-width: 480px) 150px\" src=\"https:\/\/www.portimex.com\/wp-content\/uploads\/2024\/12\/Brandschutzantriebe-Produkte.jpg\" alt=\"\" class=\"uag-image-4947\" width=\"300\" height=\"200\" title=\"Brandschutzantriebe-Produkte\" loading=\"lazy\" role=\"img\"\/><\/a><\/figure><\/div>\n\n\n\n<div class=\"wp-block-uagb-advanced-heading uagb-block-45a34a73\"><h4 class=\"uagb-heading-text\">Motorisation anti-incendie pour portes industrielles et fen\u00eatres-murs<\/h4><\/div>\n\n\n\n<p class=\"has-small-font-size\">Les produits utilis\u00e9s dans les entreprises de production doivent \u00eatre absolument fiables et adapt\u00e9s \u00e0 l\u2019application concern\u00e9e, car c\u2019est la seule fa\u00e7on de garantir le bon fonctionnement de l\u2019entreprise. C\u2019est pourquoi nous tenons toujours compte des conditions sur place et d\u00e9veloppons, en collaboration avec nos clients, des solutions qui contribuent \u00e0 la productivit\u00e9.<\/p>\n\n\n\n<div class=\"wp-block-uagb-buttons uagb-buttons__outer-wrap uagb-btn__small-btn uagb-btn-tablet__default-btn uagb-btn-mobile__default-btn uagb-block-a3936cfe\"><div class=\"uagb-buttons__wrap uagb-buttons-layout-wrap \">\n<div class=\"wp-block-uagb-buttons-child uagb-buttons__outer-wrap uagb-block-2896d578 wp-block-button\"><div class=\"uagb-button__wrapper\"><a class=\"uagb-buttons-repeater wp-block-button__link\" aria-label=\"\" href=\"https:\/\/www.portimex.com\/fr\/motorisation-coupe-feu-portes-fenetres-industrielles\/\" rel=\"follow noopener\" target=\"_self\" role=\"button\"><div class=\"uagb-button__link\">Lire Plus<\/div><span class=\"uagb-button__icon uagb-button__icon-position-after\"><svg xmlns=\"https:\/\/www.w3.org\/2000\/svg\" viewBox=\"0 0 448 512\" aria-hidden=\"true\" focussable=\"false\"><path d=\"M438.6 278.6l-160 160C272.4 444.9 264.2 448 256 448s-16.38-3.125-22.62-9.375c-12.5-12.5-12.5-32.75 0-45.25L338.8 288H32C14.33 288 .0016 273.7 .0016 256S14.33 224 32 224h306.8l-105.4-105.4c-12.5-12.5-12.5-32.75 0-45.25s32.75-12.5 45.25 0l160 160C451.1 245.9 451.1 266.1 438.6 278.6z\"><\/path><\/svg><\/span><\/a><\/div><\/div>\n<\/div><\/div>\n<\/div>\n\n\n\n<div class=\"wp-block-uagb-container uagb-block-c7f1cc5d default uagb-is-root-container\">\n<div class=\"wp-block-uagb-image aligncenter uagb-block-f2aad1e1 wp-block-uagb-image--layout-default wp-block-uagb-image--effect-static wp-block-uagb-image--align-center\"><figure class=\"wp-block-uagb-image__figure\"><a class=\"\" href=\"https:\/\/fr.dictator.de\/referenzen\/motorisations-coupe-feu-dans-theatre-design-et-fonctionnalite\/\" target=\"_blank\" rel=\"noreferrer noopener\"><img decoding=\"async\" srcset=\"https:\/\/www.portimex.com\/wp-content\/uploads\/2024\/05\/Brandschutz-Antrieb-Theater.jpg ,https:\/\/www.portimex.com\/wp-content\/uploads\/2024\/05\/Brandschutz-Antrieb-Theater.jpg 780w, https:\/\/www.portimex.com\/wp-content\/uploads\/2024\/05\/Brandschutz-Antrieb-Theater.jpg 360w\" sizes=\"auto, (max-width: 480px) 150px\" src=\"https:\/\/www.portimex.com\/wp-content\/uploads\/2024\/05\/Brandschutz-Antrieb-Theater.jpg\" alt=\"\" class=\"uag-image-3298\" width=\"300\" height=\"200\" title=\"Brandschutz-Antrieb-Theater\" loading=\"lazy\" role=\"img\"\/><\/a><\/figure><\/div>\n\n\n\n<div class=\"wp-block-uagb-advanced-heading uagb-block-0e3bf0ce\"><h4 class=\"uagb-heading-text\">Une motorisation coupe-feu ouvre des portes coupe-feu de 375 kg<\/h4><\/div>\n\n\n\n<p class=\"has-small-font-size\">Pour ce th\u00e9\u00e2tre, il \u00e9tait extr\u00eamement important de trouver une solution fiable et conforme aux r\u00e9glementations, car l\u2019inspection du b\u00e2timent avait constat\u00e9 des d\u00e9fauts dans le domaine de la protection anti-incendie. Sans une motorisation des portes coupe-feu conforme aux normes, le th\u00e9\u00e2tre n\u2019aurait pas pu d\u00e9marrer la nouvelle saison.<\/p>\n\n\n\n<div class=\"wp-block-uagb-buttons uagb-buttons__outer-wrap uagb-btn__small-btn uagb-btn-tablet__default-btn uagb-btn-mobile__default-btn uagb-block-5605ca87\"><div class=\"uagb-buttons__wrap uagb-buttons-layout-wrap \">\n<div class=\"wp-block-uagb-buttons-child uagb-buttons__outer-wrap uagb-block-15618ff4 wp-block-button\"><div class=\"uagb-button__wrapper\"><a class=\"uagb-buttons-repeater wp-block-button__link\" aria-label=\"\" href=\"https:\/\/fr.dictator.de\/referenzen\/motorisations-coupe-feu-dans-theatre-design-et-fonctionnalite\/\" rel=\"follow noopener\" target=\"_blank\" role=\"button\"><div class=\"uagb-button__link\">Lire Plus<\/div><span class=\"uagb-button__icon uagb-button__icon-position-after\"><svg xmlns=\"https:\/\/www.w3.org\/2000\/svg\" viewBox=\"0 0 448 512\" aria-hidden=\"true\" focussable=\"false\"><path d=\"M256 64C256 46.33 270.3 32 288 32H415.1C415.1 32 415.1 32 415.1 32C420.3 32 424.5 32.86 428.2 34.43C431.1 35.98 435.5 38.27 438.6 41.3C438.6 41.35 438.6 41.4 438.7 41.44C444.9 47.66 447.1 55.78 448 63.9C448 63.94 448 63.97 448 64V192C448 209.7 433.7 224 416 224C398.3 224 384 209.7 384 192V141.3L214.6 310.6C202.1 323.1 181.9 323.1 169.4 310.6C156.9 298.1 156.9 277.9 169.4 265.4L338.7 96H288C270.3 96 256 81.67 256 64V64zM0 128C0 92.65 28.65 64 64 64H160C177.7 64 192 78.33 192 96C192 113.7 177.7 128 160 128H64V416H352V320C352 302.3 366.3 288 384 288C401.7 288 416 302.3 416 320V416C416 451.3 387.3 480 352 480H64C28.65 480 0 451.3 0 416V128z\"><\/path><\/svg><\/span><\/a><\/div><\/div>\n<\/div><\/div>\n<\/div>\n\n\n\n<div class=\"wp-block-uagb-container uagb-block-eea817b3 default uagb-is-root-container\">\n<div class=\"wp-block-uagb-image aligncenter uagb-block-76b9b956 wp-block-uagb-image--layout-default wp-block-uagb-image--effect-static wp-block-uagb-image--align-center\"><figure class=\"wp-block-uagb-image__figure\"><a class=\"\" href=\"https:\/\/fr.dictator.de\/referenzen\/motorisation-coupe-feu-dans-zone-atex\/\" target=\"_blank\" rel=\"noreferrer noopener\"><img decoding=\"async\" srcset=\"https:\/\/www.portimex.com\/wp-content\/uploads\/2024\/05\/EX-Bereich-Antrieb.jpg ,https:\/\/www.portimex.com\/wp-content\/uploads\/2024\/05\/EX-Bereich-Antrieb.jpg 780w, https:\/\/www.portimex.com\/wp-content\/uploads\/2024\/05\/EX-Bereich-Antrieb.jpg 360w\" sizes=\"auto, (max-width: 480px) 150px\" src=\"https:\/\/www.portimex.com\/wp-content\/uploads\/2024\/05\/EX-Bereich-Antrieb.jpg\" alt=\"\" class=\"uag-image-3300\" width=\"300\" height=\"200\" title=\"EX-Bereich-Antrieb\" loading=\"lazy\" role=\"img\"\/><\/a><\/figure><\/div>\n\n\n\n<div class=\"wp-block-uagb-advanced-heading uagb-block-33e65728\"><h4 class=\"uagb-heading-text\">Automatisation de portes coupe-feu dans des zones \u00e0 risque d\u2019explosion<\/h4><\/div>\n\n\n\n<p class=\"has-small-font-size\">Dans une zone de stockage prot\u00e9g\u00e9e contre les explosions, trois portes coulissantes coupe-feu ont \u00e9t\u00e9 \u00e9quip\u00e9es d\u2019une motorisation de porte DICTATOR. La motorisation de porte devait non seulement r\u00e9pondre aux exigences ATEX, mais aussi tenir compte des exigences en mati\u00e8re de protection contre l\u2019incendie.<\/p>\n\n\n\n<div class=\"wp-block-uagb-buttons uagb-buttons__outer-wrap uagb-btn__small-btn uagb-btn-tablet__default-btn uagb-btn-mobile__default-btn uagb-block-904df52f\"><div class=\"uagb-buttons__wrap uagb-buttons-layout-wrap \">\n<div class=\"wp-block-uagb-buttons-child uagb-buttons__outer-wrap uagb-block-f2573398 wp-block-button\"><div class=\"uagb-button__wrapper\"><a class=\"uagb-buttons-repeater wp-block-button__link\" aria-label=\"\" href=\"https:\/\/fr.dictator.de\/referenzen\/motorisation-coupe-feu-dans-zone-atex\/\" rel=\"follow noopener\" target=\"_blank\" role=\"button\"><div class=\"uagb-button__link\">Lire Plus<\/div><span class=\"uagb-button__icon uagb-button__icon-position-after\"><svg xmlns=\"https:\/\/www.w3.org\/2000\/svg\" viewBox=\"0 0 448 512\" aria-hidden=\"true\" focussable=\"false\"><path d=\"M256 64C256 46.33 270.3 32 288 32H415.1C415.1 32 415.1 32 415.1 32C420.3 32 424.5 32.86 428.2 34.43C431.1 35.98 435.5 38.27 438.6 41.3C438.6 41.35 438.6 41.4 438.7 41.44C444.9 47.66 447.1 55.78 448 63.9C448 63.94 448 63.97 448 64V192C448 209.7 433.7 224 416 224C398.3 224 384 209.7 384 192V141.3L214.6 310.6C202.1 323.1 181.9 323.1 169.4 310.6C156.9 298.1 156.9 277.9 169.4 265.4L338.7 96H288C270.3 96 256 81.67 256 64V64zM0 128C0 92.65 28.65 64 64 64H160C177.7 64 192 78.33 192 96C192 113.7 177.7 128 160 128H64V416H352V320C352 302.3 366.3 288 384 288C401.7 288 416 302.3 416 320V416C416 451.3 387.3 480 352 480H64C28.65 480 0 451.3 0 416V128z\"><\/path><\/svg><\/span><\/a><\/div><\/div>\n<\/div><\/div>\n<\/div>\n<\/div><\/div>\n<\/div><\/div>\n<\/div><\/div>\n\n\n\n<p><\/p>\n","protected":false},"excerpt":{"rendered":"","protected":false},"author":2,"featured_media":0,"parent":4115,"menu_order":0,"comment_status":"closed","ping_status":"closed","template":"","meta":{"_acf_changed":false,"_uag_custom_page_level_css":"","_genesis_hide_title":true,"_genesis_hide_breadcrumbs":false,"_genesis_hide_singular_image":false,"_genesis_hide_footer_widgets":false,"_genesis_custom_body_class":"","_genesis_custom_post_class":"","_genesis_layout":"","footnotes":""},"class_list":{"0":"post-4581","1":"page","2":"type-page","3":"status-publish","5":"entry"},"acf":[],"yoast_head":"<!-- This site is optimized with the Yoast SEO plugin v25.7 - https:\/\/yoast.com\/wordpress\/plugins\/seo\/ -->\n<title>Applications - Motorisations pour portes coupe-feu<\/title>\n<meta name=\"description\" content=\"La motorisation coupe-feu ouvre les portes coupe-feu lourdes. Automatisation des portes coupe-feu dans les zones \u00e0 risque d&#039;explosion.\" \/>\n<meta name=\"robots\" content=\"index, follow, max-snippet:-1, max-image-preview:large, max-video-preview:-1\" \/>\n<link rel=\"canonical\" href=\"https:\/\/www.portimex.com\/fr\/referenzen\/motorisations-portes-coupe-feu\/\" \/>\n<meta property=\"og:locale\" content=\"fr_FR\" \/>\n<meta property=\"og:type\" content=\"article\" \/>\n<meta property=\"og:title\" content=\"Applications - Motorisations pour portes coupe-feu\" \/>\n<meta property=\"og:description\" content=\"La motorisation coupe-feu ouvre les portes coupe-feu lourdes. Automatisation des portes coupe-feu dans les zones \u00e0 risque d&#039;explosion.\" \/>\n<meta property=\"og:url\" content=\"https:\/\/www.portimex.com\/fr\/referenzen\/motorisations-portes-coupe-feu\/\" \/>\n<meta property=\"og:site_name\" content=\"Portimex\" \/>\n<meta property=\"article:modified_time\" content=\"2025-08-19T05:47:52+00:00\" \/>\n<meta property=\"og:image\" content=\"https:\/\/www.portimex.com\/wp-content\/uploads\/2024\/12\/Brandschutzantriebe-Produkte.jpg\" \/>\n<meta name=\"twitter:card\" content=\"summary_large_image\" \/>\n<meta name=\"twitter:label1\" content=\"Est. reading time\" \/>\n\t<meta name=\"twitter:data1\" content=\"2 minutes\" \/>\n<script type=\"application\/ld+json\" class=\"yoast-schema-graph\">{\"@context\":\"https:\/\/schema.org\",\"@graph\":[{\"@type\":\"WebPage\",\"@id\":\"https:\/\/www.portimex.com\/fr\/referenzen\/motorisations-portes-coupe-feu\/\",\"url\":\"https:\/\/www.portimex.com\/fr\/referenzen\/motorisations-portes-coupe-feu\/\",\"name\":\"Applications - Motorisations pour portes coupe-feu\",\"isPartOf\":{\"@id\":\"https:\/\/www.portimex.com\/#website\"},\"primaryImageOfPage\":{\"@id\":\"https:\/\/www.portimex.com\/fr\/referenzen\/motorisations-portes-coupe-feu\/#primaryimage\"},\"image\":{\"@id\":\"https:\/\/www.portimex.com\/fr\/referenzen\/motorisations-portes-coupe-feu\/#primaryimage\"},\"thumbnailUrl\":\"https:\/\/www.portimex.com\/wp-content\/uploads\/2024\/12\/Brandschutzantriebe-Produkte.jpg\",\"datePublished\":\"2024-01-22T13:16:49+00:00\",\"dateModified\":\"2025-08-19T05:47:52+00:00\",\"description\":\"La motorisation coupe-feu ouvre les portes coupe-feu lourdes. Automatisation des portes coupe-feu dans les zones \u00e0 risque d'explosion.\",\"breadcrumb\":{\"@id\":\"https:\/\/www.portimex.com\/fr\/referenzen\/motorisations-portes-coupe-feu\/#breadcrumb\"},\"inLanguage\":\"fr-CH\",\"potentialAction\":[{\"@type\":\"ReadAction\",\"target\":[\"https:\/\/www.portimex.com\/fr\/referenzen\/motorisations-portes-coupe-feu\/\"]}]},{\"@type\":\"ImageObject\",\"inLanguage\":\"fr-CH\",\"@id\":\"https:\/\/www.portimex.com\/fr\/referenzen\/motorisations-portes-coupe-feu\/#primaryimage\",\"url\":\"https:\/\/www.portimex.com\/wp-content\/uploads\/2024\/12\/Brandschutzantriebe-Produkte.jpg\",\"contentUrl\":\"https:\/\/www.portimex.com\/wp-content\/uploads\/2024\/12\/Brandschutzantriebe-Produkte.jpg\"},{\"@type\":\"BreadcrumbList\",\"@id\":\"https:\/\/www.portimex.com\/fr\/referenzen\/motorisations-portes-coupe-feu\/#breadcrumb\",\"itemListElement\":[{\"@type\":\"ListItem\",\"position\":1,\"name\":\"Home\",\"item\":\"https:\/\/www.portimex.com\/fr\/\"},{\"@type\":\"ListItem\",\"position\":2,\"name\":\"Applications\",\"item\":\"https:\/\/www.portimex.com\/referenzen\/\"},{\"@type\":\"ListItem\",\"position\":3,\"name\":\"Applications &#8211; Motorisations pour portes coupe-feu\"}]},{\"@type\":\"WebSite\",\"@id\":\"https:\/\/www.portimex.com\/#website\",\"url\":\"https:\/\/www.portimex.com\/\",\"name\":\"Portimex\",\"description\":\"\",\"publisher\":{\"@id\":\"https:\/\/www.portimex.com\/#organization\"},\"potentialAction\":[{\"@type\":\"SearchAction\",\"target\":{\"@type\":\"EntryPoint\",\"urlTemplate\":\"https:\/\/www.portimex.com\/?s={search_term_string}\"},\"query-input\":{\"@type\":\"PropertyValueSpecification\",\"valueRequired\":true,\"valueName\":\"search_term_string\"}}],\"inLanguage\":\"fr-CH\"},{\"@type\":\"Organization\",\"@id\":\"https:\/\/www.portimex.com\/#organization\",\"name\":\"Portimex\",\"url\":\"https:\/\/www.portimex.com\/\",\"logo\":{\"@type\":\"ImageObject\",\"inLanguage\":\"fr-CH\",\"@id\":\"https:\/\/www.portimex.com\/#\/schema\/logo\/image\/\",\"url\":\"https:\/\/www.portimex.com\/wp-content\/uploads\/2024\/05\/cropped-Portimex-Logo.jpg\",\"contentUrl\":\"https:\/\/www.portimex.com\/wp-content\/uploads\/2024\/05\/cropped-Portimex-Logo.jpg\",\"width\":198,\"height\":46,\"caption\":\"Portimex\"},\"image\":{\"@id\":\"https:\/\/www.portimex.com\/#\/schema\/logo\/image\/\"}}]}<\/script>\n<!-- \/ Yoast SEO plugin. -->","yoast_head_json":{"title":"Applications - Motorisations pour portes coupe-feu","description":"La motorisation coupe-feu ouvre les portes coupe-feu lourdes. Automatisation des portes coupe-feu dans les zones \u00e0 risque d'explosion.","robots":{"index":"index","follow":"follow","max-snippet":"max-snippet:-1","max-image-preview":"max-image-preview:large","max-video-preview":"max-video-preview:-1"},"canonical":"https:\/\/www.portimex.com\/fr\/referenzen\/motorisations-portes-coupe-feu\/","og_locale":"fr_FR","og_type":"article","og_title":"Applications - Motorisations pour portes coupe-feu","og_description":"La motorisation coupe-feu ouvre les portes coupe-feu lourdes. Automatisation des portes coupe-feu dans les zones \u00e0 risque d'explosion.","og_url":"https:\/\/www.portimex.com\/fr\/referenzen\/motorisations-portes-coupe-feu\/","og_site_name":"Portimex","article_modified_time":"2025-08-19T05:47:52+00:00","og_image":[{"url":"https:\/\/www.portimex.com\/wp-content\/uploads\/2024\/12\/Brandschutzantriebe-Produkte.jpg","type":"","width":"","height":""}],"twitter_card":"summary_large_image","twitter_misc":{"Est. reading time":"2 minutes"},"schema":{"@context":"https:\/\/schema.org","@graph":[{"@type":"WebPage","@id":"https:\/\/www.portimex.com\/fr\/referenzen\/motorisations-portes-coupe-feu\/","url":"https:\/\/www.portimex.com\/fr\/referenzen\/motorisations-portes-coupe-feu\/","name":"Applications - Motorisations pour portes coupe-feu","isPartOf":{"@id":"https:\/\/www.portimex.com\/#website"},"primaryImageOfPage":{"@id":"https:\/\/www.portimex.com\/fr\/referenzen\/motorisations-portes-coupe-feu\/#primaryimage"},"image":{"@id":"https:\/\/www.portimex.com\/fr\/referenzen\/motorisations-portes-coupe-feu\/#primaryimage"},"thumbnailUrl":"https:\/\/www.portimex.com\/wp-content\/uploads\/2024\/12\/Brandschutzantriebe-Produkte.jpg","datePublished":"2024-01-22T13:16:49+00:00","dateModified":"2025-08-19T05:47:52+00:00","description":"La motorisation coupe-feu ouvre les portes coupe-feu lourdes. Automatisation des portes coupe-feu dans les zones \u00e0 risque d'explosion.","breadcrumb":{"@id":"https:\/\/www.portimex.com\/fr\/referenzen\/motorisations-portes-coupe-feu\/#breadcrumb"},"inLanguage":"fr-CH","potentialAction":[{"@type":"ReadAction","target":["https:\/\/www.portimex.com\/fr\/referenzen\/motorisations-portes-coupe-feu\/"]}]},{"@type":"ImageObject","inLanguage":"fr-CH","@id":"https:\/\/www.portimex.com\/fr\/referenzen\/motorisations-portes-coupe-feu\/#primaryimage","url":"https:\/\/www.portimex.com\/wp-content\/uploads\/2024\/12\/Brandschutzantriebe-Produkte.jpg","contentUrl":"https:\/\/www.portimex.com\/wp-content\/uploads\/2024\/12\/Brandschutzantriebe-Produkte.jpg"},{"@type":"BreadcrumbList","@id":"https:\/\/www.portimex.com\/fr\/referenzen\/motorisations-portes-coupe-feu\/#breadcrumb","itemListElement":[{"@type":"ListItem","position":1,"name":"Home","item":"https:\/\/www.portimex.com\/fr\/"},{"@type":"ListItem","position":2,"name":"Applications","item":"https:\/\/www.portimex.com\/referenzen\/"},{"@type":"ListItem","position":3,"name":"Applications &#8211; Motorisations pour portes coupe-feu"}]},{"@type":"WebSite","@id":"https:\/\/www.portimex.com\/#website","url":"https:\/\/www.portimex.com\/","name":"Portimex","description":"","publisher":{"@id":"https:\/\/www.portimex.com\/#organization"},"potentialAction":[{"@type":"SearchAction","target":{"@type":"EntryPoint","urlTemplate":"https:\/\/www.portimex.com\/?s={search_term_string}"},"query-input":{"@type":"PropertyValueSpecification","valueRequired":true,"valueName":"search_term_string"}}],"inLanguage":"fr-CH"},{"@type":"Organization","@id":"https:\/\/www.portimex.com\/#organization","name":"Portimex","url":"https:\/\/www.portimex.com\/","logo":{"@type":"ImageObject","inLanguage":"fr-CH","@id":"https:\/\/www.portimex.com\/#\/schema\/logo\/image\/","url":"https:\/\/www.portimex.com\/wp-content\/uploads\/2024\/05\/cropped-Portimex-Logo.jpg","contentUrl":"https:\/\/www.portimex.com\/wp-content\/uploads\/2024\/05\/cropped-Portimex-Logo.jpg","width":198,"height":46,"caption":"Portimex"},"image":{"@id":"https:\/\/www.portimex.com\/#\/schema\/logo\/image\/"}}]}},"featured_image_src":null,"featured_image_src_square":null,"uagb_featured_image_src":{"full":false,"thumbnail":false,"medium":false,"medium_large":false,"large":false,"1536x1536":false,"2048x2048":false,"sidebar-featured":false,"genesis-singular-images":false,"gb-block-post-grid-landscape":false,"gb-block-post-grid-square":false},"uagb_author_info":{"display_name":"Verena W.","author_link":"https:\/\/www.portimex.com\/fr\/author\/v-weilermann\/"},"uagb_comment_info":0,"uagb_excerpt":null,"_links":{"self":[{"href":"https:\/\/www.portimex.com\/fr\/wp-json\/wp\/v2\/pages\/4581","targetHints":{"allow":["GET"]}}],"collection":[{"href":"https:\/\/www.portimex.com\/fr\/wp-json\/wp\/v2\/pages"}],"about":[{"href":"https:\/\/www.portimex.com\/fr\/wp-json\/wp\/v2\/types\/page"}],"author":[{"embeddable":true,"href":"https:\/\/www.portimex.com\/fr\/wp-json\/wp\/v2\/users\/2"}],"replies":[{"embeddable":true,"href":"https:\/\/www.portimex.com\/fr\/wp-json\/wp\/v2\/comments?post=4581"}],"version-history":[{"count":5,"href":"https:\/\/www.portimex.com\/fr\/wp-json\/wp\/v2\/pages\/4581\/revisions"}],"predecessor-version":[{"id":5499,"href":"https:\/\/www.portimex.com\/fr\/wp-json\/wp\/v2\/pages\/4581\/revisions\/5499"}],"up":[{"embeddable":true,"href":"https:\/\/www.portimex.com\/fr\/wp-json\/wp\/v2\/pages\/4115"}],"wp:attachment":[{"href":"https:\/\/www.portimex.com\/fr\/wp-json\/wp\/v2\/media?parent=4581"}],"curies":[{"name":"wp","href":"https:\/\/api.w.org\/{rel}","templated":true}]}}