{"id":4146,"date":"2023-12-13T12:12:46","date_gmt":"2023-12-13T11:12:46","guid":{"rendered":"https:\/\/www.portimex.com\/?page_id=4146"},"modified":"2024-06-25T15:57:15","modified_gmt":"2024-06-25T13:57:15","slug":"de-nous","status":"publish","type":"page","link":"https:\/\/www.portimex.com\/fr\/de-nous\/","title":{"rendered":"De nous"},"content":{"rendered":"\n<div class=\"wp-block-genesis-blocks-gb-columns gb-layout-columns-1 one-column\"><div class=\"gb-layout-column-wrap gb-block-layout-column-gap-2 gb-is-responsive-column\">\n<div class=\"wp-block-genesis-blocks-gb-column gb-block-layout-column\"><div class=\"gb-block-layout-column-inner\"><div class=\"yoast-breadcrumbs\"><span><span><a href=\"https:\/\/www.portimex.com\/fr\/\">Home<\/a><\/span> \u00bb <span class=\"breadcrumb_last\" aria-current=\"page\">De nous<\/span><\/span><\/div>\n\n\n<div class=\"wp-block-genesis-blocks-gb-columns gb-layout-columns-2 gb-2-col-wideleft\" style=\"margin-bottom:2%\"><div class=\"gb-layout-column-wrap gb-block-layout-column-gap-2 gb-is-responsive-column\">\n<div class=\"wp-block-genesis-blocks-gb-column gb-block-layout-column gb-is-vertically-aligned-top\"><div class=\"gb-block-layout-column-inner\">\n<h1 class=\"wp-block-heading\" style=\"margin-top:var(--wp--preset--spacing--40);margin-bottom:var(--wp--preset--spacing--30)\">De nous<\/h1>\n\n\n\n<h2 class=\"wp-block-heading\">Portimex<\/h2>\n\n\n\n<p>Rolf Bichler a fond\u00e9 l\u2019entreprise familiale Portimex il y a plus de 25 ans. Bient\u00f4t son expertise technique et son esprit inventif rendaient l\u2019entreprise Portimex bien connue dans le march\u00e9 pour la r\u00e9solution de probl\u00e8mes. Des affaires commerciales s\u2019occupait avec tout autant d\u2019expertise et savoir-faire sa femme, Daniela Bichler.<\/p>\n\n\n\n<p>Depuis 19 ans Portimex est l\u2019importeur suisse des produits DICTATOR. L\u2019entreprise distribue entre autres aussi des produits de Ditec et d&#8217;Entermatic.<\/p>\n\n\n\n<p>En 2015 on faisait le premier pas pour passer les r\u00eanes \u00e0 la prochaine g\u00e9n\u00e9ration : Katja Bichler, la fille de Rolf Bichler, est entr\u00e9e dans l\u2019entreprise et pendant tr\u00e8s peu de temps s\u2019est familiaris\u00e9e avec beaucoup d\u2019\u00e9lan et d\u2019enthousiasme avec son nouveau ressort.<\/p>\n\n\n\n<p>Le 1er janvier 2017, Katja Bichler s\u2019est charg\u00e9e de la gestion de l\u2019entreprise Portimex. Elle est assist\u00e9e par Tobias Sp\u00f6rri qui s\u2019occupe du service technique, des entretiens, des mises en marche et du conseil technique.<\/p>\n<\/div><\/div>\n\n\n\n<div class=\"wp-block-genesis-blocks-gb-column gb-block-layout-column gb-is-vertically-aligned-top\"><div class=\"gb-block-layout-column-inner\">\n<div class=\"wp-block-uagb-image uagb-block-6db3936d wp-block-uagb-image--layout-default wp-block-uagb-image--effect-static wp-block-uagb-image--align-none\"><figure class=\"wp-block-uagb-image__figure\"><img decoding=\"async\" srcset=\"https:\/\/www.portimex.com\/wp-content\/uploads\/2024\/04\/Portimex-Gebaeude.jpg ,https:\/\/www.portimex.com\/wp-content\/uploads\/2024\/04\/Portimex-Gebaeude.jpg 780w, https:\/\/www.portimex.com\/wp-content\/uploads\/2024\/04\/Portimex-Gebaeude.jpg 360w\" sizes=\"auto, (max-width: 480px) 150px\" src=\"https:\/\/www.portimex.com\/wp-content\/uploads\/2024\/04\/Portimex-Gebaeude.jpg\" alt=\"\" class=\"uag-image-2715\" width=\"800\" height=\"600\" title=\"\" loading=\"lazy\" role=\"img\"\/><\/figure><\/div>\n\n\n\n<div class=\"wp-block-uagb-image uagb-block-41ca1342 wp-block-uagb-image--layout-default wp-block-uagb-image--effect-static wp-block-uagb-image--align-none\"><figure class=\"wp-block-uagb-image__figure\"><img decoding=\"async\" srcset=\"https:\/\/www.portimex.com\/wp-content\/uploads\/2024\/04\/Portimex-Auto.jpg ,https:\/\/www.portimex.com\/wp-content\/uploads\/2024\/04\/Portimex-Auto.jpg 780w, https:\/\/www.portimex.com\/wp-content\/uploads\/2024\/04\/Portimex-Auto.jpg 360w\" sizes=\"auto, (max-width: 480px) 150px\" src=\"https:\/\/www.portimex.com\/wp-content\/uploads\/2024\/04\/Portimex-Auto.jpg\" alt=\"\" class=\"uag-image-2717\" width=\"600\" height=\"366\" title=\"\" loading=\"lazy\" role=\"img\"\/><\/figure><\/div>\n<\/div><\/div>\n<\/div><\/div>\n\n\n\n<div class=\"wp-block-genesis-blocks-gb-columns gb-layout-columns-2 gb-2-col-wideleft\" style=\"margin-bottom:2%\"><div class=\"gb-layout-column-wrap gb-block-layout-column-gap-2 gb-is-responsive-column\">\n<div class=\"wp-block-genesis-blocks-gb-column gb-block-layout-column gb-is-vertically-aligned-center\"><div class=\"gb-block-layout-column-inner\">\n<h2 class=\"wp-block-heading\"><strong>Le groupe DICTATOR<\/strong><\/h2>\n\n\n\n<p>DICTATOR s\u2019est fond\u00e9e en 1932. Depuis 1971 c\u2019est une entreprise familiale.<\/p>\n\n\n\n<p>Le si\u00e8ge principal est \u00e0 Neus\u00e4\u00df pr\u00e8s d\u2019Augsburg, Allemagne.<\/p>\n\n\n\n<p>Le groupe est repr\u00e9sent\u00e9 dans 18 pays partout dans le monde et employe environ 180 collaborateurs. Les sites de production se trouvent en Allemagne, les Pays-Bas, l\u2019Espagne et l\u2019Angleterre.<\/p>\n\n\n\n<p>La gamme de produits comprend un grand spectre de solutions standard et sp\u00e9ciales : \u00c9l\u00e9vateurs et ascenseurs, ferme-portes et accessoires, syst\u00e8mes sas, motorisation pour portes et portails, motorisations pour portes coupe-feu, accessoires pour \u00e9quipements coupe-feu, ressorts \u00e0 gaz et amortisseurs hydrauliques.<\/p>\n<\/div><\/div>\n\n\n\n<div class=\"wp-block-genesis-blocks-gb-column gb-block-layout-column gb-is-vertically-aligned-top\"><div class=\"gb-block-layout-column-inner\">\n<div class=\"wp-block-uagb-image uagb-block-bdb159d4 wp-block-uagb-image--layout-default wp-block-uagb-image--effect-static wp-block-uagb-image--align-none\"><figure class=\"wp-block-uagb-image__figure\"><img decoding=\"async\" srcset=\"https:\/\/www.portimex.com\/wp-content\/uploads\/2024\/04\/Firmengebaeude-DICTATOR-Neusaess.jpg ,https:\/\/www.portimex.com\/wp-content\/uploads\/2024\/04\/Firmengebaeude-DICTATOR-Neusaess.jpg 780w, https:\/\/www.portimex.com\/wp-content\/uploads\/2024\/04\/Firmengebaeude-DICTATOR-Neusaess.jpg 360w\" sizes=\"auto, (max-width: 480px) 150px\" src=\"https:\/\/www.portimex.com\/wp-content\/uploads\/2024\/04\/Firmengebaeude-DICTATOR-Neusaess.jpg\" alt=\"\" class=\"uag-image-2719\" width=\"800\" height=\"438\" title=\"\" loading=\"lazy\" role=\"img\"\/><\/figure><\/div>\n<\/div><\/div>\n<\/div><\/div>\n<\/div><\/div>\n<\/div><\/div>\n","protected":false},"excerpt":{"rendered":"","protected":false},"author":3,"featured_media":0,"parent":0,"menu_order":0,"comment_status":"closed","ping_status":"closed","template":"","meta":{"_acf_changed":false,"_uag_custom_page_level_css":"","_genesis_hide_title":true,"_genesis_hide_breadcrumbs":false,"_genesis_hide_singular_image":false,"_genesis_hide_footer_widgets":false,"_genesis_custom_body_class":"","_genesis_custom_post_class":"","_genesis_layout":"","footnotes":""},"class_list":{"0":"post-4146","1":"page","2":"type-page","3":"status-publish","5":"entry"},"acf":[],"yoast_head":"<!-- This site is optimized with the Yoast SEO plugin v25.7 - https:\/\/yoast.com\/wordpress\/plugins\/seo\/ -->\n<title>De nous - Portimex<\/title>\n<meta name=\"robots\" content=\"index, follow, max-snippet:-1, max-image-preview:large, max-video-preview:-1\" \/>\n<link rel=\"canonical\" href=\"https:\/\/www.portimex.com\/ueber-uns\/\" \/>\n<meta property=\"og:locale\" content=\"fr_FR\" \/>\n<meta property=\"og:type\" content=\"article\" \/>\n<meta property=\"og:title\" content=\"De nous - Portimex\" \/>\n<meta property=\"og:url\" content=\"https:\/\/www.portimex.com\/ueber-uns\/\" \/>\n<meta property=\"og:site_name\" content=\"Portimex\" \/>\n<meta property=\"article:modified_time\" content=\"2024-06-25T13:57:15+00:00\" \/>\n<meta property=\"og:image\" content=\"https:\/\/www.portimex.com\/wp-content\/uploads\/2024\/04\/Portimex-Gebaeude.jpg\" \/>\n<meta name=\"twitter:card\" content=\"summary_large_image\" \/>\n<meta name=\"twitter:label1\" content=\"Est. reading time\" \/>\n\t<meta name=\"twitter:data1\" content=\"2 minutes\" \/>\n<script type=\"application\/ld+json\" class=\"yoast-schema-graph\">{\"@context\":\"https:\/\/schema.org\",\"@graph\":[{\"@type\":\"WebPage\",\"@id\":\"https:\/\/www.portimex.com\/ueber-uns\/\",\"url\":\"https:\/\/www.portimex.com\/ueber-uns\/\",\"name\":\"De nous - Portimex\",\"isPartOf\":{\"@id\":\"https:\/\/www.portimex.com\/#website\"},\"primaryImageOfPage\":{\"@id\":\"https:\/\/www.portimex.com\/ueber-uns\/#primaryimage\"},\"image\":{\"@id\":\"https:\/\/www.portimex.com\/ueber-uns\/#primaryimage\"},\"thumbnailUrl\":\"https:\/\/www.portimex.com\/wp-content\/uploads\/2024\/04\/Portimex-Gebaeude.jpg\",\"datePublished\":\"2023-12-13T11:12:46+00:00\",\"dateModified\":\"2024-06-25T13:57:15+00:00\",\"breadcrumb\":{\"@id\":\"https:\/\/www.portimex.com\/ueber-uns\/#breadcrumb\"},\"inLanguage\":\"fr-CH\",\"potentialAction\":[{\"@type\":\"ReadAction\",\"target\":[\"https:\/\/www.portimex.com\/ueber-uns\/\"]}]},{\"@type\":\"ImageObject\",\"inLanguage\":\"fr-CH\",\"@id\":\"https:\/\/www.portimex.com\/ueber-uns\/#primaryimage\",\"url\":\"https:\/\/www.portimex.com\/wp-content\/uploads\/2024\/04\/Portimex-Gebaeude.jpg\",\"contentUrl\":\"https:\/\/www.portimex.com\/wp-content\/uploads\/2024\/04\/Portimex-Gebaeude.jpg\"},{\"@type\":\"BreadcrumbList\",\"@id\":\"https:\/\/www.portimex.com\/ueber-uns\/#breadcrumb\",\"itemListElement\":[{\"@type\":\"ListItem\",\"position\":1,\"name\":\"Home\",\"item\":\"https:\/\/www.portimex.com\/fr\/\"},{\"@type\":\"ListItem\",\"position\":2,\"name\":\"De nous\"}]},{\"@type\":\"WebSite\",\"@id\":\"https:\/\/www.portimex.com\/#website\",\"url\":\"https:\/\/www.portimex.com\/\",\"name\":\"Portimex\",\"description\":\"\",\"publisher\":{\"@id\":\"https:\/\/www.portimex.com\/#organization\"},\"potentialAction\":[{\"@type\":\"SearchAction\",\"target\":{\"@type\":\"EntryPoint\",\"urlTemplate\":\"https:\/\/www.portimex.com\/?s={search_term_string}\"},\"query-input\":{\"@type\":\"PropertyValueSpecification\",\"valueRequired\":true,\"valueName\":\"search_term_string\"}}],\"inLanguage\":\"fr-CH\"},{\"@type\":\"Organization\",\"@id\":\"https:\/\/www.portimex.com\/#organization\",\"name\":\"Portimex\",\"url\":\"https:\/\/www.portimex.com\/\",\"logo\":{\"@type\":\"ImageObject\",\"inLanguage\":\"fr-CH\",\"@id\":\"https:\/\/www.portimex.com\/#\/schema\/logo\/image\/\",\"url\":\"https:\/\/www.portimex.com\/wp-content\/uploads\/2024\/05\/cropped-Portimex-Logo.jpg\",\"contentUrl\":\"https:\/\/www.portimex.com\/wp-content\/uploads\/2024\/05\/cropped-Portimex-Logo.jpg\",\"width\":198,\"height\":46,\"caption\":\"Portimex\"},\"image\":{\"@id\":\"https:\/\/www.portimex.com\/#\/schema\/logo\/image\/\"}}]}<\/script>\n<!-- \/ Yoast SEO plugin. -->","yoast_head_json":{"title":"De nous - Portimex","robots":{"index":"index","follow":"follow","max-snippet":"max-snippet:-1","max-image-preview":"max-image-preview:large","max-video-preview":"max-video-preview:-1"},"canonical":"https:\/\/www.portimex.com\/ueber-uns\/","og_locale":"fr_FR","og_type":"article","og_title":"De nous - Portimex","og_url":"https:\/\/www.portimex.com\/ueber-uns\/","og_site_name":"Portimex","article_modified_time":"2024-06-25T13:57:15+00:00","og_image":[{"url":"https:\/\/www.portimex.com\/wp-content\/uploads\/2024\/04\/Portimex-Gebaeude.jpg","type":"","width":"","height":""}],"twitter_card":"summary_large_image","twitter_misc":{"Est. reading time":"2 minutes"},"schema":{"@context":"https:\/\/schema.org","@graph":[{"@type":"WebPage","@id":"https:\/\/www.portimex.com\/ueber-uns\/","url":"https:\/\/www.portimex.com\/ueber-uns\/","name":"De nous - Portimex","isPartOf":{"@id":"https:\/\/www.portimex.com\/#website"},"primaryImageOfPage":{"@id":"https:\/\/www.portimex.com\/ueber-uns\/#primaryimage"},"image":{"@id":"https:\/\/www.portimex.com\/ueber-uns\/#primaryimage"},"thumbnailUrl":"https:\/\/www.portimex.com\/wp-content\/uploads\/2024\/04\/Portimex-Gebaeude.jpg","datePublished":"2023-12-13T11:12:46+00:00","dateModified":"2024-06-25T13:57:15+00:00","breadcrumb":{"@id":"https:\/\/www.portimex.com\/ueber-uns\/#breadcrumb"},"inLanguage":"fr-CH","potentialAction":[{"@type":"ReadAction","target":["https:\/\/www.portimex.com\/ueber-uns\/"]}]},{"@type":"ImageObject","inLanguage":"fr-CH","@id":"https:\/\/www.portimex.com\/ueber-uns\/#primaryimage","url":"https:\/\/www.portimex.com\/wp-content\/uploads\/2024\/04\/Portimex-Gebaeude.jpg","contentUrl":"https:\/\/www.portimex.com\/wp-content\/uploads\/2024\/04\/Portimex-Gebaeude.jpg"},{"@type":"BreadcrumbList","@id":"https:\/\/www.portimex.com\/ueber-uns\/#breadcrumb","itemListElement":[{"@type":"ListItem","position":1,"name":"Home","item":"https:\/\/www.portimex.com\/fr\/"},{"@type":"ListItem","position":2,"name":"De nous"}]},{"@type":"WebSite","@id":"https:\/\/www.portimex.com\/#website","url":"https:\/\/www.portimex.com\/","name":"Portimex","description":"","publisher":{"@id":"https:\/\/www.portimex.com\/#organization"},"potentialAction":[{"@type":"SearchAction","target":{"@type":"EntryPoint","urlTemplate":"https:\/\/www.portimex.com\/?s={search_term_string}"},"query-input":{"@type":"PropertyValueSpecification","valueRequired":true,"valueName":"search_term_string"}}],"inLanguage":"fr-CH"},{"@type":"Organization","@id":"https:\/\/www.portimex.com\/#organization","name":"Portimex","url":"https:\/\/www.portimex.com\/","logo":{"@type":"ImageObject","inLanguage":"fr-CH","@id":"https:\/\/www.portimex.com\/#\/schema\/logo\/image\/","url":"https:\/\/www.portimex.com\/wp-content\/uploads\/2024\/05\/cropped-Portimex-Logo.jpg","contentUrl":"https:\/\/www.portimex.com\/wp-content\/uploads\/2024\/05\/cropped-Portimex-Logo.jpg","width":198,"height":46,"caption":"Portimex"},"image":{"@id":"https:\/\/www.portimex.com\/#\/schema\/logo\/image\/"}}]}},"featured_image_src":null,"featured_image_src_square":null,"uagb_featured_image_src":{"full":false,"thumbnail":false,"medium":false,"medium_large":false,"large":false,"1536x1536":false,"2048x2048":false,"sidebar-featured":false,"genesis-singular-images":false,"gb-block-post-grid-landscape":false,"gb-block-post-grid-square":false},"uagb_author_info":{"display_name":"Tanja L.","author_link":"https:\/\/www.portimex.com\/fr\/author\/t-lang\/"},"uagb_comment_info":0,"uagb_excerpt":null,"_links":{"self":[{"href":"https:\/\/www.portimex.com\/fr\/wp-json\/wp\/v2\/pages\/4146","targetHints":{"allow":["GET"]}}],"collection":[{"href":"https:\/\/www.portimex.com\/fr\/wp-json\/wp\/v2\/pages"}],"about":[{"href":"https:\/\/www.portimex.com\/fr\/wp-json\/wp\/v2\/types\/page"}],"author":[{"embeddable":true,"href":"https:\/\/www.portimex.com\/fr\/wp-json\/wp\/v2\/users\/3"}],"replies":[{"embeddable":true,"href":"https:\/\/www.portimex.com\/fr\/wp-json\/wp\/v2\/comments?post=4146"}],"version-history":[{"count":4,"href":"https:\/\/www.portimex.com\/fr\/wp-json\/wp\/v2\/pages\/4146\/revisions"}],"predecessor-version":[{"id":4200,"href":"https:\/\/www.portimex.com\/fr\/wp-json\/wp\/v2\/pages\/4146\/revisions\/4200"}],"wp:attachment":[{"href":"https:\/\/www.portimex.com\/fr\/wp-json\/wp\/v2\/media?parent=4146"}],"curies":[{"name":"wp","href":"https:\/\/api.w.org\/{rel}","templated":true}]}}