{"id":4123,"date":"2024-01-22T14:58:59","date_gmt":"2024-01-22T13:58:59","guid":{"rendered":"https:\/\/www.portimex.com\/?page_id=4123"},"modified":"2025-08-19T07:50:03","modified_gmt":"2025-08-19T05:50:03","slug":"applications-amortisseurs-hydrauliques","status":"publish","type":"page","link":"https:\/\/www.portimex.com\/fr\/referenzen\/applications-amortisseurs-hydrauliques\/","title":{"rendered":"Applications &#8211; Amortisseurs hydrauliques"},"content":{"rendered":"\n<div class=\"wp-block-genesis-blocks-gb-columns gb-layout-columns-1 one-column\"><div class=\"gb-layout-column-wrap gb-block-layout-column-gap-2 gb-is-responsive-column\">\n<div class=\"wp-block-genesis-blocks-gb-column gb-block-layout-column\"><div class=\"gb-block-layout-column-inner\"><div class=\"yoast-breadcrumbs\"><span><span><a href=\"https:\/\/www.portimex.com\/fr\/\">Home<\/a><\/span> \u00bb <span><a href=\"https:\/\/www.portimex.com\/referenzen\/\">Applications<\/a><\/span> \u00bb <span class=\"breadcrumb_last\" aria-current=\"page\">Applications &#8211; Amortisseurs hydrauliques<\/span><\/span><\/div>\n\n\n<h1 class=\"wp-block-heading\" style=\"padding-top:var(--wp--preset--spacing--40);font-size:40px;text-transform:uppercase\">Applications \u2013 Amortisseurs hydrauliques<\/h1>\n\n\n\n<p>La gamme d\u2019amortisseurs hydrauliques DICTATOR offre un large \u00e9ventail de diff\u00e9rents amortisseurs lin\u00e9aires ainsi que des amortisseurs radiaux pour une gamme encore plus large de solutions. En plus de la vaste gamme d\u2019amortisseurs standard, nous offrons \u00e9galement des amortisseurs hydrauliques sur mesure pour les besoins sp\u00e9cifiques de nos clients, m\u00eame en petites quantit\u00e9s ou \u00e0 l\u2019unit\u00e9.<\/p>\n\n\n\n<div class=\"wp-block-uagb-container uagb-layout-grid uagb-block-c42f61f0 alignfull uagb-is-root-container\"><div class=\"uagb-container-inner-blocks-wrap\">\n<div class=\"wp-block-uagb-container uagb-block-2151ad33 default uagb-is-root-container\">\n<div class=\"wp-block-uagb-image aligncenter uagb-block-c4f29346 wp-block-uagb-image--layout-default wp-block-uagb-image--effect-static wp-block-uagb-image--align-center\"><figure class=\"wp-block-uagb-image__figure\"><a class=\"\" href=\"https:\/\/fr.dictator.de\/referenzen\/amortisseurs-radiaux-portails-coulissantes-sur-pentes\/\" target=\"_blank\" rel=\"noreferrer noopener\"><img decoding=\"async\" srcset=\"https:\/\/www.portimex.com\/wp-content\/uploads\/2024\/05\/Schiebetor-steigendes-Gelaende.jpg ,https:\/\/www.portimex.com\/wp-content\/uploads\/2024\/05\/Schiebetor-steigendes-Gelaende.jpg 780w, https:\/\/www.portimex.com\/wp-content\/uploads\/2024\/05\/Schiebetor-steigendes-Gelaende.jpg 360w\" sizes=\"auto, (max-width: 480px) 150px\" src=\"https:\/\/www.portimex.com\/wp-content\/uploads\/2024\/05\/Schiebetor-steigendes-Gelaende.jpg\" alt=\"\" class=\"uag-image-3320\" width=\"300\" height=\"200\" title=\"Schiebetor-steigendes-Gelaende\" loading=\"lazy\" role=\"img\"\/><\/a><\/figure><\/div>\n\n\n\n<div class=\"wp-block-uagb-advanced-heading uagb-block-e1e05fc6\"><h4 class=\"uagb-heading-text\">Portails coulissants en pente \u00e0 vitesse contr\u00f4l\u00e9e<\/h4><\/div>\n\n\n\n<p class=\"has-small-font-size\">En fonctionnement normal, ces portails sont actionn\u00e9s par une motorisation. Mais que se passe-t-il si la motorisation est cass\u00e9e, d\u00e9fectueuse, s\u2019il y a une panne de courant ou m\u00eame simplement une erreur ? Le portail se lancerait dans la pente sans \u00eatre frein\u00e9, ce qui pourrait constituer un danger pour les personnes et pour le portail lui-m\u00eame. Un petit dispositif extr\u00eamement efficace permet d\u2019\u00e9viter ce sc\u00e9nario de malheur \u2013 l\u2019amortisseur radial.<\/p>\n\n\n\n<div class=\"wp-block-uagb-buttons uagb-buttons__outer-wrap uagb-btn__small-btn uagb-btn-tablet__default-btn uagb-btn-mobile__default-btn uagb-block-041cacdf\"><div class=\"uagb-buttons__wrap uagb-buttons-layout-wrap \">\n<div class=\"wp-block-uagb-buttons-child uagb-buttons__outer-wrap uagb-block-2690ebee wp-block-button\"><div class=\"uagb-button__wrapper\"><a class=\"uagb-buttons-repeater wp-block-button__link\" aria-label=\"\" href=\"https:\/\/fr.dictator.de\/referenzen\/amortisseurs-radiaux-portails-coulissantes-sur-pentes\/\" rel=\"follow noopener\" target=\"_blank\" role=\"button\"><div class=\"uagb-button__link\">Lire Plus<\/div><span class=\"uagb-button__icon uagb-button__icon-position-after\"><svg xmlns=\"https:\/\/www.w3.org\/2000\/svg\" viewBox=\"0 0 448 512\" aria-hidden=\"true\" focussable=\"false\"><path d=\"M256 64C256 46.33 270.3 32 288 32H415.1C415.1 32 415.1 32 415.1 32C420.3 32 424.5 32.86 428.2 34.43C431.1 35.98 435.5 38.27 438.6 41.3C438.6 41.35 438.6 41.4 438.7 41.44C444.9 47.66 447.1 55.78 448 63.9C448 63.94 448 63.97 448 64V192C448 209.7 433.7 224 416 224C398.3 224 384 209.7 384 192V141.3L214.6 310.6C202.1 323.1 181.9 323.1 169.4 310.6C156.9 298.1 156.9 277.9 169.4 265.4L338.7 96H288C270.3 96 256 81.67 256 64V64zM0 128C0 92.65 28.65 64 64 64H160C177.7 64 192 78.33 192 96C192 113.7 177.7 128 160 128H64V416H352V320C352 302.3 366.3 288 384 288C401.7 288 416 302.3 416 320V416C416 451.3 387.3 480 352 480H64C28.65 480 0 451.3 0 416V128z\"><\/path><\/svg><\/span><\/a><\/div><\/div>\n<\/div><\/div>\n<\/div>\n\n\n\n<div class=\"wp-block-uagb-container uagb-block-c7f1cc5d default uagb-is-root-container\">\n<div class=\"wp-block-uagb-image aligncenter uagb-block-f2aad1e1 wp-block-uagb-image--layout-default wp-block-uagb-image--effect-static wp-block-uagb-image--align-center\"><figure class=\"wp-block-uagb-image__figure\"><a class=\"\" href=\"https:\/\/fr.dictator.de\/referenzen\/amortisseur-montage-fixe-trains-intralogistiques\/\" target=\"_blank\" rel=\"noreferrer noopener\"><img decoding=\"async\" srcset=\"https:\/\/www.portimex.com\/wp-content\/uploads\/2024\/05\/Oeldaempfer-Industrie.jpg ,https:\/\/www.portimex.com\/wp-content\/uploads\/2024\/05\/Oeldaempfer-Industrie.jpg 780w, https:\/\/www.portimex.com\/wp-content\/uploads\/2024\/05\/Oeldaempfer-Industrie.jpg 360w\" sizes=\"auto, (max-width: 480px) 150px\" src=\"https:\/\/www.portimex.com\/wp-content\/uploads\/2024\/05\/Oeldaempfer-Industrie.jpg\" alt=\"\" class=\"uag-image-3322\" width=\"300\" height=\"200\" title=\"Oeldaempfer-Industrie\" loading=\"lazy\" role=\"img\"\/><\/a><\/figure><\/div>\n\n\n\n<div class=\"wp-block-uagb-advanced-heading uagb-block-0e3bf0ce\"><h4 class=\"uagb-heading-text\">Amortisseurs en montage fixe contribuent au bon fonctionnement et \u00e0 la pr\u00e9vention des accidents sur les trains remorqueurs<\/h4><\/div>\n\n\n\n<p class=\"has-small-font-size\">Les amortisseurs en montage fixe sont utilis\u00e9s dans de nombreuses applications diff\u00e9rentes pour faciliter le travail avec des \u00e9l\u00e9ments lourds. Ici, un amortisseur \u00e0 sur une barre de remorquage la maintient vers le haut pour gagner de la place et amortit le mouvement de descente de mani\u00e8re constante pour \u00e9viter les accidents potentiels.<\/p>\n\n\n\n<div class=\"wp-block-uagb-buttons uagb-buttons__outer-wrap uagb-btn__small-btn uagb-btn-tablet__default-btn uagb-btn-mobile__default-btn uagb-block-5605ca87\"><div class=\"uagb-buttons__wrap uagb-buttons-layout-wrap \">\n<div class=\"wp-block-uagb-buttons-child uagb-buttons__outer-wrap uagb-block-15618ff4 wp-block-button\"><div class=\"uagb-button__wrapper\"><a class=\"uagb-buttons-repeater wp-block-button__link\" aria-label=\"\" href=\"https:\/\/fr.dictator.de\/referenzen\/amortisseur-montage-fixe-trains-intralogistiques\/\" rel=\"follow noopener\" target=\"_blank\" role=\"button\"><div class=\"uagb-button__link\">Lire Plus<\/div><span class=\"uagb-button__icon uagb-button__icon-position-after\"><svg xmlns=\"https:\/\/www.w3.org\/2000\/svg\" viewBox=\"0 0 448 512\" aria-hidden=\"true\" focussable=\"false\"><path d=\"M256 64C256 46.33 270.3 32 288 32H415.1C415.1 32 415.1 32 415.1 32C420.3 32 424.5 32.86 428.2 34.43C431.1 35.98 435.5 38.27 438.6 41.3C438.6 41.35 438.6 41.4 438.7 41.44C444.9 47.66 447.1 55.78 448 63.9C448 63.94 448 63.97 448 64V192C448 209.7 433.7 224 416 224C398.3 224 384 209.7 384 192V141.3L214.6 310.6C202.1 323.1 181.9 323.1 169.4 310.6C156.9 298.1 156.9 277.9 169.4 265.4L338.7 96H288C270.3 96 256 81.67 256 64V64zM0 128C0 92.65 28.65 64 64 64H160C177.7 64 192 78.33 192 96C192 113.7 177.7 128 160 128H64V416H352V320C352 302.3 366.3 288 384 288C401.7 288 416 302.3 416 320V416C416 451.3 387.3 480 352 480H64C28.65 480 0 451.3 0 416V128z\"><\/path><\/svg><\/span><\/a><\/div><\/div>\n<\/div><\/div>\n<\/div>\n\n\n\n<div class=\"wp-block-uagb-container uagb-block-eea817b3 default uagb-is-root-container\">\n<div class=\"wp-block-uagb-image aligncenter uagb-block-76b9b956 wp-block-uagb-image--layout-default wp-block-uagb-image--effect-static wp-block-uagb-image--align-center\"><figure class=\"wp-block-uagb-image__figure\"><a class=\"\" href=\"https:\/\/fr.dictator.de\/referenzen\/amortisseurs-en-montage-fixe-reglables-permettent-de-larchitecture-prestigieuse\/\" target=\"_blank\" rel=\"noreferrer noopener\"><img decoding=\"async\" srcset=\"https:\/\/www.portimex.com\/wp-content\/uploads\/2024\/05\/Zufahrtstor-steigendes-Gelaende.jpg ,https:\/\/www.portimex.com\/wp-content\/uploads\/2024\/05\/Zufahrtstor-steigendes-Gelaende.jpg 780w, https:\/\/www.portimex.com\/wp-content\/uploads\/2024\/05\/Zufahrtstor-steigendes-Gelaende.jpg 360w\" sizes=\"auto, (max-width: 480px) 150px\" src=\"https:\/\/www.portimex.com\/wp-content\/uploads\/2024\/05\/Zufahrtstor-steigendes-Gelaende.jpg\" alt=\"\" class=\"uag-image-3324\" width=\"300\" height=\"200\" title=\"Zufahrtstor-steigendes-Gelaende\" loading=\"lazy\" role=\"img\"\/><\/a><\/figure><\/div>\n\n\n\n<div class=\"wp-block-uagb-advanced-heading uagb-block-33e65728\"><h4 class=\"uagb-heading-text\">Ouverture contr\u00f4l\u00e9e d\u2019un portail d\u2019acc\u00e8s sur mesure<\/h4><\/div>\n\n\n\n<p class=\"has-small-font-size\">Du point de vue architectural, un \u00e9l\u00e9ment qui attire le regard : un portail d\u2019acc\u00e8s qui semble \u00eatre le prolongement de la fa\u00e7ade de la maison. Techniquement, cependant, un d\u00e9fi en raison de ses 200 kg. Comme la porte est expos\u00e9e \u00e0 une forte charge de vent, elle doit \u00eatre ralentie lors de son ouverture afin d\u2019\u00e9viter un impact qui pourrait \u00eatre dangereux. Deux amortisseurs en montage fixe r\u00e9glables veillent \u00e0 ce que la porte s\u2019ouvre lentement et soit facile \u00e0 man\u0153uvrer, m\u00eame en cas de vent fort.<\/p>\n\n\n\n<div class=\"wp-block-uagb-buttons uagb-buttons__outer-wrap uagb-btn__small-btn uagb-btn-tablet__default-btn uagb-btn-mobile__default-btn uagb-block-904df52f\"><div class=\"uagb-buttons__wrap uagb-buttons-layout-wrap \">\n<div class=\"wp-block-uagb-buttons-child uagb-buttons__outer-wrap uagb-block-f2573398 wp-block-button\"><div class=\"uagb-button__wrapper\"><a class=\"uagb-buttons-repeater wp-block-button__link\" aria-label=\"\" href=\"https:\/\/fr.dictator.de\/referenzen\/amortisseurs-en-montage-fixe-reglables-permettent-de-larchitecture-prestigieuse\/\" rel=\"follow noopener\" target=\"_blank\" role=\"button\"><div class=\"uagb-button__link\">Lire Plus<\/div><span class=\"uagb-button__icon uagb-button__icon-position-after\"><svg xmlns=\"https:\/\/www.w3.org\/2000\/svg\" viewBox=\"0 0 448 512\" aria-hidden=\"true\" focussable=\"false\"><path d=\"M256 64C256 46.33 270.3 32 288 32H415.1C415.1 32 415.1 32 415.1 32C420.3 32 424.5 32.86 428.2 34.43C431.1 35.98 435.5 38.27 438.6 41.3C438.6 41.35 438.6 41.4 438.7 41.44C444.9 47.66 447.1 55.78 448 63.9C448 63.94 448 63.97 448 64V192C448 209.7 433.7 224 416 224C398.3 224 384 209.7 384 192V141.3L214.6 310.6C202.1 323.1 181.9 323.1 169.4 310.6C156.9 298.1 156.9 277.9 169.4 265.4L338.7 96H288C270.3 96 256 81.67 256 64V64zM0 128C0 92.65 28.65 64 64 64H160C177.7 64 192 78.33 192 96C192 113.7 177.7 128 160 128H64V416H352V320C352 302.3 366.3 288 384 288C401.7 288 416 302.3 416 320V416C416 451.3 387.3 480 352 480H64C28.65 480 0 451.3 0 416V128z\"><\/path><\/svg><\/span><\/a><\/div><\/div>\n<\/div><\/div>\n<\/div>\n<\/div><\/div>\n<\/div><\/div>\n<\/div><\/div>\n","protected":false},"excerpt":{"rendered":"","protected":false},"author":3,"featured_media":0,"parent":4115,"menu_order":0,"comment_status":"closed","ping_status":"closed","template":"","meta":{"_acf_changed":false,"_uag_custom_page_level_css":"","_genesis_hide_title":true,"_genesis_hide_breadcrumbs":false,"_genesis_hide_singular_image":false,"_genesis_hide_footer_widgets":false,"_genesis_custom_body_class":"","_genesis_custom_post_class":"","_genesis_layout":"","footnotes":""},"class_list":{"0":"post-4123","1":"page","2":"type-page","3":"status-publish","5":"entry"},"acf":[],"yoast_head":"<!-- This site is optimized with the Yoast SEO plugin v25.7 - https:\/\/yoast.com\/wordpress\/plugins\/seo\/ -->\n<title>Applications - Amortisseurs hydrauliques - Portimex<\/title>\n<meta name=\"robots\" content=\"index, follow, max-snippet:-1, max-image-preview:large, max-video-preview:-1\" \/>\n<link rel=\"canonical\" href=\"https:\/\/www.portimex.com\/fr\/referenzen\/applications-amortisseurs-hydrauliques\/\" \/>\n<meta property=\"og:locale\" content=\"fr_FR\" \/>\n<meta property=\"og:type\" content=\"article\" \/>\n<meta property=\"og:title\" content=\"Applications - Amortisseurs hydrauliques - Portimex\" \/>\n<meta property=\"og:url\" content=\"https:\/\/www.portimex.com\/fr\/referenzen\/applications-amortisseurs-hydrauliques\/\" \/>\n<meta property=\"og:site_name\" content=\"Portimex\" \/>\n<meta property=\"article:modified_time\" content=\"2025-08-19T05:50:03+00:00\" \/>\n<meta property=\"og:image\" content=\"https:\/\/www.portimex.com\/wp-content\/uploads\/2024\/05\/Schiebetor-steigendes-Gelaende.jpg\" \/>\n<meta name=\"twitter:card\" content=\"summary_large_image\" \/>\n<meta name=\"twitter:label1\" content=\"Est. reading time\" \/>\n\t<meta name=\"twitter:data1\" content=\"3 minutes\" \/>\n<script type=\"application\/ld+json\" class=\"yoast-schema-graph\">{\"@context\":\"https:\/\/schema.org\",\"@graph\":[{\"@type\":\"WebPage\",\"@id\":\"https:\/\/www.portimex.com\/fr\/referenzen\/applications-amortisseurs-hydrauliques\/\",\"url\":\"https:\/\/www.portimex.com\/fr\/referenzen\/applications-amortisseurs-hydrauliques\/\",\"name\":\"Applications - Amortisseurs hydrauliques - Portimex\",\"isPartOf\":{\"@id\":\"https:\/\/www.portimex.com\/#website\"},\"primaryImageOfPage\":{\"@id\":\"https:\/\/www.portimex.com\/fr\/referenzen\/applications-amortisseurs-hydrauliques\/#primaryimage\"},\"image\":{\"@id\":\"https:\/\/www.portimex.com\/fr\/referenzen\/applications-amortisseurs-hydrauliques\/#primaryimage\"},\"thumbnailUrl\":\"https:\/\/www.portimex.com\/wp-content\/uploads\/2024\/05\/Schiebetor-steigendes-Gelaende.jpg\",\"datePublished\":\"2024-01-22T13:58:59+00:00\",\"dateModified\":\"2025-08-19T05:50:03+00:00\",\"breadcrumb\":{\"@id\":\"https:\/\/www.portimex.com\/fr\/referenzen\/applications-amortisseurs-hydrauliques\/#breadcrumb\"},\"inLanguage\":\"fr-CH\",\"potentialAction\":[{\"@type\":\"ReadAction\",\"target\":[\"https:\/\/www.portimex.com\/fr\/referenzen\/applications-amortisseurs-hydrauliques\/\"]}]},{\"@type\":\"ImageObject\",\"inLanguage\":\"fr-CH\",\"@id\":\"https:\/\/www.portimex.com\/fr\/referenzen\/applications-amortisseurs-hydrauliques\/#primaryimage\",\"url\":\"https:\/\/www.portimex.com\/wp-content\/uploads\/2024\/05\/Schiebetor-steigendes-Gelaende.jpg\",\"contentUrl\":\"https:\/\/www.portimex.com\/wp-content\/uploads\/2024\/05\/Schiebetor-steigendes-Gelaende.jpg\"},{\"@type\":\"BreadcrumbList\",\"@id\":\"https:\/\/www.portimex.com\/fr\/referenzen\/applications-amortisseurs-hydrauliques\/#breadcrumb\",\"itemListElement\":[{\"@type\":\"ListItem\",\"position\":1,\"name\":\"Home\",\"item\":\"https:\/\/www.portimex.com\/fr\/\"},{\"@type\":\"ListItem\",\"position\":2,\"name\":\"Applications\",\"item\":\"https:\/\/www.portimex.com\/referenzen\/\"},{\"@type\":\"ListItem\",\"position\":3,\"name\":\"Applications &#8211; Amortisseurs hydrauliques\"}]},{\"@type\":\"WebSite\",\"@id\":\"https:\/\/www.portimex.com\/#website\",\"url\":\"https:\/\/www.portimex.com\/\",\"name\":\"Portimex\",\"description\":\"\",\"publisher\":{\"@id\":\"https:\/\/www.portimex.com\/#organization\"},\"potentialAction\":[{\"@type\":\"SearchAction\",\"target\":{\"@type\":\"EntryPoint\",\"urlTemplate\":\"https:\/\/www.portimex.com\/?s={search_term_string}\"},\"query-input\":{\"@type\":\"PropertyValueSpecification\",\"valueRequired\":true,\"valueName\":\"search_term_string\"}}],\"inLanguage\":\"fr-CH\"},{\"@type\":\"Organization\",\"@id\":\"https:\/\/www.portimex.com\/#organization\",\"name\":\"Portimex\",\"url\":\"https:\/\/www.portimex.com\/\",\"logo\":{\"@type\":\"ImageObject\",\"inLanguage\":\"fr-CH\",\"@id\":\"https:\/\/www.portimex.com\/#\/schema\/logo\/image\/\",\"url\":\"https:\/\/www.portimex.com\/wp-content\/uploads\/2024\/05\/cropped-Portimex-Logo.jpg\",\"contentUrl\":\"https:\/\/www.portimex.com\/wp-content\/uploads\/2024\/05\/cropped-Portimex-Logo.jpg\",\"width\":198,\"height\":46,\"caption\":\"Portimex\"},\"image\":{\"@id\":\"https:\/\/www.portimex.com\/#\/schema\/logo\/image\/\"}}]}<\/script>\n<!-- \/ Yoast SEO plugin. -->","yoast_head_json":{"title":"Applications - Amortisseurs hydrauliques - Portimex","robots":{"index":"index","follow":"follow","max-snippet":"max-snippet:-1","max-image-preview":"max-image-preview:large","max-video-preview":"max-video-preview:-1"},"canonical":"https:\/\/www.portimex.com\/fr\/referenzen\/applications-amortisseurs-hydrauliques\/","og_locale":"fr_FR","og_type":"article","og_title":"Applications - Amortisseurs hydrauliques - Portimex","og_url":"https:\/\/www.portimex.com\/fr\/referenzen\/applications-amortisseurs-hydrauliques\/","og_site_name":"Portimex","article_modified_time":"2025-08-19T05:50:03+00:00","og_image":[{"url":"https:\/\/www.portimex.com\/wp-content\/uploads\/2024\/05\/Schiebetor-steigendes-Gelaende.jpg","type":"","width":"","height":""}],"twitter_card":"summary_large_image","twitter_misc":{"Est. reading time":"3 minutes"},"schema":{"@context":"https:\/\/schema.org","@graph":[{"@type":"WebPage","@id":"https:\/\/www.portimex.com\/fr\/referenzen\/applications-amortisseurs-hydrauliques\/","url":"https:\/\/www.portimex.com\/fr\/referenzen\/applications-amortisseurs-hydrauliques\/","name":"Applications - Amortisseurs hydrauliques - Portimex","isPartOf":{"@id":"https:\/\/www.portimex.com\/#website"},"primaryImageOfPage":{"@id":"https:\/\/www.portimex.com\/fr\/referenzen\/applications-amortisseurs-hydrauliques\/#primaryimage"},"image":{"@id":"https:\/\/www.portimex.com\/fr\/referenzen\/applications-amortisseurs-hydrauliques\/#primaryimage"},"thumbnailUrl":"https:\/\/www.portimex.com\/wp-content\/uploads\/2024\/05\/Schiebetor-steigendes-Gelaende.jpg","datePublished":"2024-01-22T13:58:59+00:00","dateModified":"2025-08-19T05:50:03+00:00","breadcrumb":{"@id":"https:\/\/www.portimex.com\/fr\/referenzen\/applications-amortisseurs-hydrauliques\/#breadcrumb"},"inLanguage":"fr-CH","potentialAction":[{"@type":"ReadAction","target":["https:\/\/www.portimex.com\/fr\/referenzen\/applications-amortisseurs-hydrauliques\/"]}]},{"@type":"ImageObject","inLanguage":"fr-CH","@id":"https:\/\/www.portimex.com\/fr\/referenzen\/applications-amortisseurs-hydrauliques\/#primaryimage","url":"https:\/\/www.portimex.com\/wp-content\/uploads\/2024\/05\/Schiebetor-steigendes-Gelaende.jpg","contentUrl":"https:\/\/www.portimex.com\/wp-content\/uploads\/2024\/05\/Schiebetor-steigendes-Gelaende.jpg"},{"@type":"BreadcrumbList","@id":"https:\/\/www.portimex.com\/fr\/referenzen\/applications-amortisseurs-hydrauliques\/#breadcrumb","itemListElement":[{"@type":"ListItem","position":1,"name":"Home","item":"https:\/\/www.portimex.com\/fr\/"},{"@type":"ListItem","position":2,"name":"Applications","item":"https:\/\/www.portimex.com\/referenzen\/"},{"@type":"ListItem","position":3,"name":"Applications &#8211; Amortisseurs hydrauliques"}]},{"@type":"WebSite","@id":"https:\/\/www.portimex.com\/#website","url":"https:\/\/www.portimex.com\/","name":"Portimex","description":"","publisher":{"@id":"https:\/\/www.portimex.com\/#organization"},"potentialAction":[{"@type":"SearchAction","target":{"@type":"EntryPoint","urlTemplate":"https:\/\/www.portimex.com\/?s={search_term_string}"},"query-input":{"@type":"PropertyValueSpecification","valueRequired":true,"valueName":"search_term_string"}}],"inLanguage":"fr-CH"},{"@type":"Organization","@id":"https:\/\/www.portimex.com\/#organization","name":"Portimex","url":"https:\/\/www.portimex.com\/","logo":{"@type":"ImageObject","inLanguage":"fr-CH","@id":"https:\/\/www.portimex.com\/#\/schema\/logo\/image\/","url":"https:\/\/www.portimex.com\/wp-content\/uploads\/2024\/05\/cropped-Portimex-Logo.jpg","contentUrl":"https:\/\/www.portimex.com\/wp-content\/uploads\/2024\/05\/cropped-Portimex-Logo.jpg","width":198,"height":46,"caption":"Portimex"},"image":{"@id":"https:\/\/www.portimex.com\/#\/schema\/logo\/image\/"}}]}},"featured_image_src":null,"featured_image_src_square":null,"uagb_featured_image_src":{"full":false,"thumbnail":false,"medium":false,"medium_large":false,"large":false,"1536x1536":false,"2048x2048":false,"sidebar-featured":false,"genesis-singular-images":false,"gb-block-post-grid-landscape":false,"gb-block-post-grid-square":false},"uagb_author_info":{"display_name":"Tanja L.","author_link":"https:\/\/www.portimex.com\/fr\/author\/t-lang\/"},"uagb_comment_info":0,"uagb_excerpt":null,"_links":{"self":[{"href":"https:\/\/www.portimex.com\/fr\/wp-json\/wp\/v2\/pages\/4123","targetHints":{"allow":["GET"]}}],"collection":[{"href":"https:\/\/www.portimex.com\/fr\/wp-json\/wp\/v2\/pages"}],"about":[{"href":"https:\/\/www.portimex.com\/fr\/wp-json\/wp\/v2\/types\/page"}],"author":[{"embeddable":true,"href":"https:\/\/www.portimex.com\/fr\/wp-json\/wp\/v2\/users\/3"}],"replies":[{"embeddable":true,"href":"https:\/\/www.portimex.com\/fr\/wp-json\/wp\/v2\/comments?post=4123"}],"version-history":[{"count":5,"href":"https:\/\/www.portimex.com\/fr\/wp-json\/wp\/v2\/pages\/4123\/revisions"}],"predecessor-version":[{"id":5503,"href":"https:\/\/www.portimex.com\/fr\/wp-json\/wp\/v2\/pages\/4123\/revisions\/5503"}],"up":[{"embeddable":true,"href":"https:\/\/www.portimex.com\/fr\/wp-json\/wp\/v2\/pages\/4115"}],"wp:attachment":[{"href":"https:\/\/www.portimex.com\/fr\/wp-json\/wp\/v2\/media?parent=4123"}],"curies":[{"name":"wp","href":"https:\/\/api.w.org\/{rel}","templated":true}]}}