{"id":4096,"date":"2024-05-02T09:32:46","date_gmt":"2024-05-02T07:32:46","guid":{"rendered":"https:\/\/www.portimex.com\/?page_id=4096"},"modified":"2024-06-14T10:58:20","modified_gmt":"2024-06-14T08:58:20","slug":"ferme-porte-coulissant-dictamat-100-160bk","status":"publish","type":"page","link":"https:\/\/www.portimex.com\/fr\/produits\/ferme-portes-et-accessoires\/ferme-portes\/ferme-porte-coulissant-dictamat-100-160bk\/","title":{"rendered":"Ferme-portes coulissantes DICTAMAT 100BK et 160BK"},"content":{"rendered":"\n<div class=\"wp-block-genesis-blocks-gb-columns gb-layout-columns-1 one-column\"><div class=\"gb-layout-column-wrap gb-block-layout-column-gap-2 gb-is-responsive-column\">\n<div class=\"wp-block-genesis-blocks-gb-column gb-block-layout-column\"><div class=\"gb-block-layout-column-inner\"><div class=\"yoast-breadcrumbs\"><span><span><a href=\"https:\/\/www.portimex.com\/fr\/\">Home<\/a><\/span> \u00bb <span><a href=\"https:\/\/www.portimex.com\/fr\/produits\/\">Produits<\/a><\/span> \u00bb <span><a href=\"https:\/\/www.portimex.com\/fr\/produits\/ferme-portes-et-accessoires\/\">Ferme-portes et accessoires<\/a><\/span> \u00bb <span><a href=\"https:\/\/www.portimex.com\/fr\/produits\/ferme-portes-et-accessoires\/ferme-portes\/\">Ferme-portes<\/a><\/span> \u00bb <span class=\"breadcrumb_last\" aria-current=\"page\">Ferme-portes coulissantes DICTAMAT 100BK et 160BK<\/span><\/span><\/div>\n\n\n<h1 class=\"wp-block-heading\" style=\"padding-top:var(--wp--preset--spacing--40);font-size:40px;text-transform:uppercase\">Ferme-portes coulissantes DICTAMAT 100BK et 160BK<\/h1>\n\n\n\n<p>Le DICTAMAT 50BK n&#8217;est plus suffisant pour les portes coulissantes dont la course est sup\u00e9rieure \u00e0 1500mm. Dans ce cas, le DICTAMAT 100BK ou le DICTAMAT 650 peuvent \u00eatre utilis\u00e9s.<\/p>\n\n\n\n<p>Pour des portes coulissantes de, par example, 2000 mm, il ne serait pas appropri\u00e9 d&#8217;utiliser le DICTAMAT 650 pour des raisons esth\u00e9tiques. C&#8217;est pourquoi Portimex a d\u00e9velopp\u00e9 son propre set pour cette situation.<\/p>\n\n\n\n<div class=\"wp-block-genesis-blocks-gb-columns gb-layout-columns-2 gb-2-col-wideleft\"><div class=\"gb-layout-column-wrap gb-block-layout-column-gap-2 gb-is-responsive-column\">\n<div class=\"wp-block-genesis-blocks-gb-column gb-block-layout-column\"><div class=\"gb-block-layout-column-inner\">\n<h2 class=\"wp-block-heading has-large-font-size\">Ferme-portes coulissantes DICTAMAT 100BK et DICTAMAT 160BK<\/h2>\n\n\n\n<h3 class=\"wp-block-heading has-medium-font-size\">Propri\u00e9t\u00e9s<\/h3>\n\n\n\n<ul class=\"wp-block-list\">\n<li>Ouverture \u00e0 la main<\/li>\n\n\n\n<li>Fermeture avec enrouleur r\u00e9glable<\/li>\n\n\n\n<li>Force du ressort max. 100 N (pour DICTAMAT 100BK) ou 160 N (pour DICTAMAT 160BK)<\/li>\n\n\n\n<li>Trajets maximale 4 m<\/li>\n\n\n\n<li>Vitesse de fermeture r\u00e9glable par amortisseur radial LD100<\/li>\n\n\n\n<li>LD100 avec roue libre dans le sens de l&#8217;ouverture<\/li>\n\n\n\n<li>Geschlossener Seilkreislauf um D\u00e4mpfer und Umlenkrolle und Verbindung zum Fl\u00fcgel &#8211; somit konstante Schliessgeschwindigkeits-Regulierung in Schliessrichtung<\/li>\n\n\n\n<li>Syst\u00e8me ind\u00e9pendant du rail de coulisse<\/li>\n\n\n\n<li>Conception peu encombrante, car il n&#8217;est pas n\u00e9cessaire d&#8217;avoir une courroie crant\u00e9e<\/li>\n\n\n\n<li>Aucun contrepoids requis<\/li>\n<\/ul>\n<\/div><\/div>\n\n\n\n<div class=\"wp-block-genesis-blocks-gb-column gb-block-layout-column\"><div class=\"gb-block-layout-column-inner\">\n<div class=\"wp-block-uagb-image uagb-block-4125ffc1 wp-block-uagb-image--layout-default wp-block-uagb-image--effect-static wp-block-uagb-image--align-none\"><figure class=\"wp-block-uagb-image__figure\"><img decoding=\"async\" srcset=\"https:\/\/www.portimex.com\/wp-content\/uploads\/2024\/05\/DICTAMAT-100-BK.jpg ,https:\/\/www.portimex.com\/wp-content\/uploads\/2024\/05\/DICTAMAT-100-BK.jpg 780w, https:\/\/www.portimex.com\/wp-content\/uploads\/2024\/05\/DICTAMAT-100-BK.jpg 360w\" sizes=\"auto, (max-width: 480px) 150px\" src=\"https:\/\/www.portimex.com\/wp-content\/uploads\/2024\/05\/DICTAMAT-100-BK.jpg\" alt=\"\" class=\"uag-image-3116\" width=\"800\" height=\"800\" title=\"\" loading=\"lazy\" role=\"img\"\/><figcaption class=\"uagb-image-caption\">DICTAMAT 100BK<\/figcaption><\/figure><\/div>\n<\/div><\/div>\n<\/div><\/div>\n\n\n\n<div class=\"wp-block-genesis-blocks-gb-columns gb-layout-columns-2 gb-2-col-wideleft\"><div class=\"gb-layout-column-wrap gb-block-layout-column-gap-2 gb-is-responsive-column\">\n<div class=\"wp-block-genesis-blocks-gb-column gb-block-layout-column\"><div class=\"gb-block-layout-column-inner\">\n<h3 class=\"wp-block-heading has-medium-font-size\">Versions<\/h3>\n\n\n\n<details class=\"wp-block-details is-layout-flow wp-block-details-is-layout-flow\"><summary>DICTAMAT 100 BK \/ 160BK<\/summary>\n<p class=\"has-small-font-size\"><strong>DICTAMAT 100 \/ 160 Composants<\/strong><\/p>\n\n\n\n<ul class=\"wp-block-list\">\n<li class=\"has-small-font-size\">DICTAMAT 100: Enrouleur 100 N, trajet 4 m<\/li>\n\n\n\n<li class=\"has-small-font-size\">DICTAMAT 160: Enrouleur 160 N, trajet 4 m<\/li>\n\n\n\n<li class=\"has-small-font-size\">Amortisseur radial LD 100 avec poulie d = 65mm et \u00e9querre de montage<\/li>\n\n\n\n<li class=\"has-small-font-size\">Poulie de renvoi LD 100 acier zingu\u00e9e, diam\u00e8tre = 63mm<\/li>\n\n\n\n<li class=\"has-small-font-size\">Entra\u00eeneur de porte avec ressort compensateur et vis tendeuse, C\u00e2ble m\u00e9tallique 3 mm, longueur 25 rm<\/li>\n<\/ul>\n<\/details>\n\n\n\n<details class=\"wp-block-details is-layout-flow wp-block-details-is-layout-flow\"><summary>DICTAMAT 100BK \/ 160BK avec poulie de \u00d8 90 mm<\/summary>\n<p class=\"has-small-font-size\">Dispositif de fermeture DICTAMAT 100 BK avec poulie de \u00d8 90 mm Composants<\/p>\n\n\n\n<ul class=\"wp-block-list\">\n<li class=\"has-small-font-size\">DICTAMAT 100: Enrouleur 100 N, trajet 4 m<\/li>\n\n\n\n<li class=\"has-small-font-size\">DICTAMAT 160: Enrouleur 160 N, trajet 4 m<\/li>\n\n\n\n<li class=\"has-small-font-size\">Amortisseur radial LD 100 avec poulie d = 90mm et \u00e9querre de montage<\/li>\n\n\n\n<li class=\"has-small-font-size\">Poulie de renvoi LD 100 en acier zingu\u00e9, diam\u00e8tre = 90mm<\/li>\n\n\n\n<li class=\"has-small-font-size\">entra\u00eeneur de porte avec ressort compensateur et vis tendeuse, C\u00e2ble m\u00e9tallique de 3 mm, longueur 10 m<\/li>\n<\/ul>\n<\/details>\n\n\n\n<details class=\"wp-block-details is-layout-flow wp-block-details-is-layout-flow\"><summary>DICTAMAT 100BK \/ 160BK avec courroie crant\u00e9e<\/summary>\n<p>Fonction roue libre &#8211; DICTAMAT 100 oder 160 avec courroie crant\u00e9eLa porte est ferm\u00e9e par le DICTAMAT uniquement en cas d&#8217;incendie.Composants<\/p>\n\n\n\n<p class=\"has-small-font-size\"><strong><strong>COMPOSANT<\/strong><\/strong><\/p>\n\n\n\n<ul class=\"wp-block-list\">\n<li class=\"has-small-font-size\">Amortisseur radial LD 100 Z-Z26 avec roue dent\u00e9e Z26 pour courroie crant\u00e9e Z26-5M-B9, carter en mati\u00e8re plastique, avec kit de corni\u00e8res zingu\u00e9es<\/li>\n\n\n\n<li class=\"has-small-font-size\">Poulie de renvoi avec corni\u00e8res en acier zingu\u00e9 pour DICTAMAT 50 BK-Z, pour largeur de la courroie 10 mm<\/li>\n\n\n\n<li class=\"has-small-font-size\">Entra\u00eeneur + tendeur de courroie crant\u00e9e en acier zingu\u00e9e pour DICTAMAT 50 BK-Z<\/li>\n\n\n\n<li class=\"has-small-font-size\">Kit de corni\u00e8res pour les amortisseurs radiaux LD 50 et LD 100, zingu\u00e9es<\/li>\n\n\n\n<li class=\"has-small-font-size\">Enrouleur 160 N avec limiteur de couple et roue libre \/ trajet 6.5 m<br>ou<\/li>\n\n\n\n<li class=\"has-small-font-size\">Enrouleur \u00d8 177, 100 N avec limiteur de couple, corni\u00e8re zingu\u00e9e<\/li>\n<\/ul>\n<\/details>\n\n\n\n<h3 class=\"wp-block-heading has-medium-font-size\" style=\"padding-top:var(--wp--preset--spacing--40)\">Accessoires<\/h3>\n\n\n\n<details class=\"wp-block-details is-layout-flow wp-block-details-is-layout-flow\"><summary>Dispositif de blocage<\/summary>\n<p>Si vous souhaitez fixer la porte en position OUVERTE, par exemple pour pouvoir passer avec des palettes, vous pouvez acheter un set de ventouses \u00e9lectromagn\u00e9tiques suppl\u00e9mentaire.En poussant le bouton de d\u00e9verrouillage manuel, la porte se referme. Pour ce faire, nous disposons des d\u00e9tecteurs de fum\u00e9e appropri\u00e9s et des unit\u00e9s de commande afin que la porte se ferme en cas d&#8217;incendie.<\/p>\n\n\n\n<p class=\"has-small-font-size\"><strong>Composants<\/strong><\/p>\n\n\n\n<ul class=\"wp-block-list\">\n<li class=\"has-small-font-size\">Ventouse \u00e9lectromagn\u00e9tique avec corni\u00e8re<\/li>\n\n\n\n<li class=\"has-small-font-size\">Contre-plaque<\/li>\n\n\n\n<li class=\"has-small-font-size\">Bouton de d\u00e9clenchement, touche \u00e0 bascule rouge<\/li>\n<\/ul>\n\n\n\n<ul class=\"wp-block-list\"><\/ul>\n<\/details>\n\n\n\n<details class=\"wp-block-details is-layout-flow wp-block-details-is-layout-flow\"><summary>\u00c9querre de fixation pour l&#8217;enrouleur<\/summary>\n<p class=\"has-small-font-size\">Pour simplifier l&#8217;installation de l&#8217;enrouleur dans les endroits difficiles.<\/p>\n\n\n\n<p class=\"has-small-font-size\"><strong>Composants<\/strong><\/p>\n\n\n\n<ul class=\"wp-block-list\">\n<li class=\"has-small-font-size\">\u00c9querre de fixation murale D650 &amp; FSR 160N, promatis\u00e9e &#8211; pour utilisation avec EKU-Porta 300, HAWA-Super 500 ou conditions d&#8217;espace sp\u00e9ciales<\/li>\n<\/ul>\n<\/details>\n<\/div><\/div>\n\n\n\n<div class=\"wp-block-genesis-blocks-gb-column gb-block-layout-column\"><div class=\"gb-block-layout-column-inner\">\n<div class=\"wp-block-uagb-image uagb-block-9dd8ca53 wp-block-uagb-image--layout-default wp-block-uagb-image--effect-static wp-block-uagb-image--align-none\"><figure class=\"wp-block-uagb-image__figure\"><img decoding=\"async\" srcset=\"https:\/\/www.portimex.com\/wp-content\/uploads\/2024\/05\/D50-mit-Magnet-Skizze-1024x450.png ,https:\/\/www.portimex.com\/wp-content\/uploads\/2024\/05\/D50-mit-Magnet-Skizze.png 780w, https:\/\/www.portimex.com\/wp-content\/uploads\/2024\/05\/D50-mit-Magnet-Skizze.png 360w\" sizes=\"auto, (max-width: 480px) 150px\" src=\"https:\/\/www.portimex.com\/wp-content\/uploads\/2024\/05\/D50-mit-Magnet-Skizze-1024x450.png\" alt=\"\" class=\"uag-image-3148\" width=\"1105\" height=\"486\" title=\"\" loading=\"lazy\" role=\"img\"\/><figcaption class=\"uagb-image-caption\">DICTAMAT avec aimant<\/figcaption><\/figure><\/div>\n\n\n\n<div class=\"wp-block-uagb-image uagb-block-3f172c04 wp-block-uagb-image--layout-default wp-block-uagb-image--effect-static wp-block-uagb-image--align-none\"><figure class=\"wp-block-uagb-image__figure\"><img decoding=\"async\" srcset=\"https:\/\/www.portimex.com\/wp-content\/uploads\/2024\/05\/DICTAMAT-100BK-Tuer.jpg ,https:\/\/www.portimex.com\/wp-content\/uploads\/2024\/05\/DICTAMAT-100BK-Tuer.jpg 780w, https:\/\/www.portimex.com\/wp-content\/uploads\/2024\/05\/DICTAMAT-100BK-Tuer.jpg 360w\" sizes=\"auto, (max-width: 480px) 150px\" src=\"https:\/\/www.portimex.com\/wp-content\/uploads\/2024\/05\/DICTAMAT-100BK-Tuer.jpg\" alt=\"\" class=\"uag-image-3150\" width=\"408\" height=\"306\" title=\"\" loading=\"lazy\" role=\"img\"\/><figcaption class=\"uagb-image-caption\">DICTAMAT 100 BK avec porte<\/figcaption><\/figure><\/div>\n<\/div><\/div>\n<\/div><\/div>\n<\/div><\/div>\n<\/div><\/div>\n","protected":false},"excerpt":{"rendered":"","protected":false},"author":3,"featured_media":0,"parent":4088,"menu_order":0,"comment_status":"closed","ping_status":"closed","template":"","meta":{"_acf_changed":false,"_uag_custom_page_level_css":"","_genesis_hide_title":true,"_genesis_hide_breadcrumbs":false,"_genesis_hide_singular_image":false,"_genesis_hide_footer_widgets":false,"_genesis_custom_body_class":"","_genesis_custom_post_class":"","_genesis_layout":"","footnotes":""},"class_list":{"0":"post-4096","1":"page","2":"type-page","3":"status-publish","5":"entry"},"acf":[],"yoast_head":"<!-- This site is optimized with the Yoast SEO plugin v25.7 - https:\/\/yoast.com\/wordpress\/plugins\/seo\/ -->\n<title>Ferme-portes coulissantes DICTAMAT 100BK et 160BK - Portimex<\/title>\n<meta name=\"robots\" content=\"index, follow, max-snippet:-1, max-image-preview:large, max-video-preview:-1\" \/>\n<link rel=\"canonical\" href=\"https:\/\/www.portimex.com\/fr\/produits\/ferme-portes-et-accessoires\/ferme-portes\/ferme-porte-coulissant-dictamat-100-160bk\/\" \/>\n<meta property=\"og:locale\" content=\"fr_FR\" \/>\n<meta property=\"og:type\" content=\"article\" \/>\n<meta property=\"og:title\" content=\"Ferme-portes coulissantes DICTAMAT 100BK et 160BK - Portimex\" \/>\n<meta property=\"og:url\" content=\"https:\/\/www.portimex.com\/fr\/produits\/ferme-portes-et-accessoires\/ferme-portes\/ferme-porte-coulissant-dictamat-100-160bk\/\" \/>\n<meta property=\"og:site_name\" content=\"Portimex\" \/>\n<meta property=\"article:modified_time\" content=\"2024-06-14T08:58:20+00:00\" \/>\n<meta property=\"og:image\" content=\"https:\/\/www.portimex.com\/wp-content\/uploads\/2024\/05\/DICTAMAT-100-BK.jpg\" \/>\n<meta name=\"twitter:card\" content=\"summary_large_image\" \/>\n<meta name=\"twitter:label1\" content=\"Est. reading time\" \/>\n\t<meta name=\"twitter:data1\" content=\"4 minutes\" \/>\n<script type=\"application\/ld+json\" class=\"yoast-schema-graph\">{\"@context\":\"https:\/\/schema.org\",\"@graph\":[{\"@type\":\"WebPage\",\"@id\":\"https:\/\/www.portimex.com\/fr\/produits\/ferme-portes-et-accessoires\/ferme-portes\/ferme-porte-coulissant-dictamat-100-160bk\/\",\"url\":\"https:\/\/www.portimex.com\/fr\/produits\/ferme-portes-et-accessoires\/ferme-portes\/ferme-porte-coulissant-dictamat-100-160bk\/\",\"name\":\"Ferme-portes coulissantes DICTAMAT 100BK et 160BK - Portimex\",\"isPartOf\":{\"@id\":\"https:\/\/www.portimex.com\/#website\"},\"primaryImageOfPage\":{\"@id\":\"https:\/\/www.portimex.com\/fr\/produits\/ferme-portes-et-accessoires\/ferme-portes\/ferme-porte-coulissant-dictamat-100-160bk\/#primaryimage\"},\"image\":{\"@id\":\"https:\/\/www.portimex.com\/fr\/produits\/ferme-portes-et-accessoires\/ferme-portes\/ferme-porte-coulissant-dictamat-100-160bk\/#primaryimage\"},\"thumbnailUrl\":\"https:\/\/www.portimex.com\/wp-content\/uploads\/2024\/05\/DICTAMAT-100-BK.jpg\",\"datePublished\":\"2024-05-02T07:32:46+00:00\",\"dateModified\":\"2024-06-14T08:58:20+00:00\",\"breadcrumb\":{\"@id\":\"https:\/\/www.portimex.com\/fr\/produits\/ferme-portes-et-accessoires\/ferme-portes\/ferme-porte-coulissant-dictamat-100-160bk\/#breadcrumb\"},\"inLanguage\":\"fr-CH\",\"potentialAction\":[{\"@type\":\"ReadAction\",\"target\":[\"https:\/\/www.portimex.com\/fr\/produits\/ferme-portes-et-accessoires\/ferme-portes\/ferme-porte-coulissant-dictamat-100-160bk\/\"]}]},{\"@type\":\"ImageObject\",\"inLanguage\":\"fr-CH\",\"@id\":\"https:\/\/www.portimex.com\/fr\/produits\/ferme-portes-et-accessoires\/ferme-portes\/ferme-porte-coulissant-dictamat-100-160bk\/#primaryimage\",\"url\":\"https:\/\/www.portimex.com\/wp-content\/uploads\/2024\/05\/DICTAMAT-100-BK.jpg\",\"contentUrl\":\"https:\/\/www.portimex.com\/wp-content\/uploads\/2024\/05\/DICTAMAT-100-BK.jpg\"},{\"@type\":\"BreadcrumbList\",\"@id\":\"https:\/\/www.portimex.com\/fr\/produits\/ferme-portes-et-accessoires\/ferme-portes\/ferme-porte-coulissant-dictamat-100-160bk\/#breadcrumb\",\"itemListElement\":[{\"@type\":\"ListItem\",\"position\":1,\"name\":\"Home\",\"item\":\"https:\/\/www.portimex.com\/fr\/\"},{\"@type\":\"ListItem\",\"position\":2,\"name\":\"Produits\",\"item\":\"https:\/\/www.portimex.com\/fr\/produits\/\"},{\"@type\":\"ListItem\",\"position\":3,\"name\":\"Ferme-portes et accessoires\",\"item\":\"https:\/\/www.portimex.com\/fr\/produits\/ferme-portes-et-accessoires\/\"},{\"@type\":\"ListItem\",\"position\":4,\"name\":\"Ferme-portes\",\"item\":\"https:\/\/www.portimex.com\/fr\/produits\/ferme-portes-et-accessoires\/ferme-portes\/\"},{\"@type\":\"ListItem\",\"position\":5,\"name\":\"Ferme-portes coulissantes DICTAMAT 100BK et 160BK\"}]},{\"@type\":\"WebSite\",\"@id\":\"https:\/\/www.portimex.com\/#website\",\"url\":\"https:\/\/www.portimex.com\/\",\"name\":\"Portimex\",\"description\":\"\",\"publisher\":{\"@id\":\"https:\/\/www.portimex.com\/#organization\"},\"potentialAction\":[{\"@type\":\"SearchAction\",\"target\":{\"@type\":\"EntryPoint\",\"urlTemplate\":\"https:\/\/www.portimex.com\/?s={search_term_string}\"},\"query-input\":{\"@type\":\"PropertyValueSpecification\",\"valueRequired\":true,\"valueName\":\"search_term_string\"}}],\"inLanguage\":\"fr-CH\"},{\"@type\":\"Organization\",\"@id\":\"https:\/\/www.portimex.com\/#organization\",\"name\":\"Portimex\",\"url\":\"https:\/\/www.portimex.com\/\",\"logo\":{\"@type\":\"ImageObject\",\"inLanguage\":\"fr-CH\",\"@id\":\"https:\/\/www.portimex.com\/#\/schema\/logo\/image\/\",\"url\":\"https:\/\/www.portimex.com\/wp-content\/uploads\/2024\/05\/cropped-Portimex-Logo.jpg\",\"contentUrl\":\"https:\/\/www.portimex.com\/wp-content\/uploads\/2024\/05\/cropped-Portimex-Logo.jpg\",\"width\":198,\"height\":46,\"caption\":\"Portimex\"},\"image\":{\"@id\":\"https:\/\/www.portimex.com\/#\/schema\/logo\/image\/\"}}]}<\/script>\n<!-- \/ Yoast SEO plugin. -->","yoast_head_json":{"title":"Ferme-portes coulissantes DICTAMAT 100BK et 160BK - Portimex","robots":{"index":"index","follow":"follow","max-snippet":"max-snippet:-1","max-image-preview":"max-image-preview:large","max-video-preview":"max-video-preview:-1"},"canonical":"https:\/\/www.portimex.com\/fr\/produits\/ferme-portes-et-accessoires\/ferme-portes\/ferme-porte-coulissant-dictamat-100-160bk\/","og_locale":"fr_FR","og_type":"article","og_title":"Ferme-portes coulissantes DICTAMAT 100BK et 160BK - Portimex","og_url":"https:\/\/www.portimex.com\/fr\/produits\/ferme-portes-et-accessoires\/ferme-portes\/ferme-porte-coulissant-dictamat-100-160bk\/","og_site_name":"Portimex","article_modified_time":"2024-06-14T08:58:20+00:00","og_image":[{"url":"https:\/\/www.portimex.com\/wp-content\/uploads\/2024\/05\/DICTAMAT-100-BK.jpg","type":"","width":"","height":""}],"twitter_card":"summary_large_image","twitter_misc":{"Est. reading time":"4 minutes"},"schema":{"@context":"https:\/\/schema.org","@graph":[{"@type":"WebPage","@id":"https:\/\/www.portimex.com\/fr\/produits\/ferme-portes-et-accessoires\/ferme-portes\/ferme-porte-coulissant-dictamat-100-160bk\/","url":"https:\/\/www.portimex.com\/fr\/produits\/ferme-portes-et-accessoires\/ferme-portes\/ferme-porte-coulissant-dictamat-100-160bk\/","name":"Ferme-portes coulissantes DICTAMAT 100BK et 160BK - Portimex","isPartOf":{"@id":"https:\/\/www.portimex.com\/#website"},"primaryImageOfPage":{"@id":"https:\/\/www.portimex.com\/fr\/produits\/ferme-portes-et-accessoires\/ferme-portes\/ferme-porte-coulissant-dictamat-100-160bk\/#primaryimage"},"image":{"@id":"https:\/\/www.portimex.com\/fr\/produits\/ferme-portes-et-accessoires\/ferme-portes\/ferme-porte-coulissant-dictamat-100-160bk\/#primaryimage"},"thumbnailUrl":"https:\/\/www.portimex.com\/wp-content\/uploads\/2024\/05\/DICTAMAT-100-BK.jpg","datePublished":"2024-05-02T07:32:46+00:00","dateModified":"2024-06-14T08:58:20+00:00","breadcrumb":{"@id":"https:\/\/www.portimex.com\/fr\/produits\/ferme-portes-et-accessoires\/ferme-portes\/ferme-porte-coulissant-dictamat-100-160bk\/#breadcrumb"},"inLanguage":"fr-CH","potentialAction":[{"@type":"ReadAction","target":["https:\/\/www.portimex.com\/fr\/produits\/ferme-portes-et-accessoires\/ferme-portes\/ferme-porte-coulissant-dictamat-100-160bk\/"]}]},{"@type":"ImageObject","inLanguage":"fr-CH","@id":"https:\/\/www.portimex.com\/fr\/produits\/ferme-portes-et-accessoires\/ferme-portes\/ferme-porte-coulissant-dictamat-100-160bk\/#primaryimage","url":"https:\/\/www.portimex.com\/wp-content\/uploads\/2024\/05\/DICTAMAT-100-BK.jpg","contentUrl":"https:\/\/www.portimex.com\/wp-content\/uploads\/2024\/05\/DICTAMAT-100-BK.jpg"},{"@type":"BreadcrumbList","@id":"https:\/\/www.portimex.com\/fr\/produits\/ferme-portes-et-accessoires\/ferme-portes\/ferme-porte-coulissant-dictamat-100-160bk\/#breadcrumb","itemListElement":[{"@type":"ListItem","position":1,"name":"Home","item":"https:\/\/www.portimex.com\/fr\/"},{"@type":"ListItem","position":2,"name":"Produits","item":"https:\/\/www.portimex.com\/fr\/produits\/"},{"@type":"ListItem","position":3,"name":"Ferme-portes et accessoires","item":"https:\/\/www.portimex.com\/fr\/produits\/ferme-portes-et-accessoires\/"},{"@type":"ListItem","position":4,"name":"Ferme-portes","item":"https:\/\/www.portimex.com\/fr\/produits\/ferme-portes-et-accessoires\/ferme-portes\/"},{"@type":"ListItem","position":5,"name":"Ferme-portes coulissantes DICTAMAT 100BK et 160BK"}]},{"@type":"WebSite","@id":"https:\/\/www.portimex.com\/#website","url":"https:\/\/www.portimex.com\/","name":"Portimex","description":"","publisher":{"@id":"https:\/\/www.portimex.com\/#organization"},"potentialAction":[{"@type":"SearchAction","target":{"@type":"EntryPoint","urlTemplate":"https:\/\/www.portimex.com\/?s={search_term_string}"},"query-input":{"@type":"PropertyValueSpecification","valueRequired":true,"valueName":"search_term_string"}}],"inLanguage":"fr-CH"},{"@type":"Organization","@id":"https:\/\/www.portimex.com\/#organization","name":"Portimex","url":"https:\/\/www.portimex.com\/","logo":{"@type":"ImageObject","inLanguage":"fr-CH","@id":"https:\/\/www.portimex.com\/#\/schema\/logo\/image\/","url":"https:\/\/www.portimex.com\/wp-content\/uploads\/2024\/05\/cropped-Portimex-Logo.jpg","contentUrl":"https:\/\/www.portimex.com\/wp-content\/uploads\/2024\/05\/cropped-Portimex-Logo.jpg","width":198,"height":46,"caption":"Portimex"},"image":{"@id":"https:\/\/www.portimex.com\/#\/schema\/logo\/image\/"}}]}},"featured_image_src":null,"featured_image_src_square":null,"uagb_featured_image_src":{"full":false,"thumbnail":false,"medium":false,"medium_large":false,"large":false,"1536x1536":false,"2048x2048":false,"sidebar-featured":false,"genesis-singular-images":false,"gb-block-post-grid-landscape":false,"gb-block-post-grid-square":false},"uagb_author_info":{"display_name":"Tanja L.","author_link":"https:\/\/www.portimex.com\/fr\/author\/t-lang\/"},"uagb_comment_info":0,"uagb_excerpt":null,"_links":{"self":[{"href":"https:\/\/www.portimex.com\/fr\/wp-json\/wp\/v2\/pages\/4096","targetHints":{"allow":["GET"]}}],"collection":[{"href":"https:\/\/www.portimex.com\/fr\/wp-json\/wp\/v2\/pages"}],"about":[{"href":"https:\/\/www.portimex.com\/fr\/wp-json\/wp\/v2\/types\/page"}],"author":[{"embeddable":true,"href":"https:\/\/www.portimex.com\/fr\/wp-json\/wp\/v2\/users\/3"}],"replies":[{"embeddable":true,"href":"https:\/\/www.portimex.com\/fr\/wp-json\/wp\/v2\/comments?post=4096"}],"version-history":[{"count":1,"href":"https:\/\/www.portimex.com\/fr\/wp-json\/wp\/v2\/pages\/4096\/revisions"}],"predecessor-version":[{"id":4097,"href":"https:\/\/www.portimex.com\/fr\/wp-json\/wp\/v2\/pages\/4096\/revisions\/4097"}],"up":[{"embeddable":true,"href":"https:\/\/www.portimex.com\/fr\/wp-json\/wp\/v2\/pages\/4088"}],"wp:attachment":[{"href":"https:\/\/www.portimex.com\/fr\/wp-json\/wp\/v2\/media?parent=4096"}],"curies":[{"name":"wp","href":"https:\/\/api.w.org\/{rel}","templated":true}]}}