{"id":4048,"date":"2024-05-15T15:43:36","date_gmt":"2024-05-15T13:43:36","guid":{"rendered":"https:\/\/www.portimex.com\/?page_id=4048"},"modified":"2025-08-22T12:41:59","modified_gmt":"2025-08-22T10:41:59","slug":"motorisation-fenetres-coulissantes-verticales","status":"publish","type":"page","link":"https:\/\/www.portimex.com\/fr\/produits\/motorisations-pour-portes-et-portails\/motorisation-fenetres-coulissantes-verticales\/","title":{"rendered":"Automatisation des fen\u00eatres coulissantes verticales"},"content":{"rendered":"\n<div class=\"wp-block-genesis-blocks-gb-columns gb-layout-columns-1 one-column\"><div class=\"gb-layout-column-wrap gb-block-layout-column-gap-2 gb-is-responsive-column\">\n<div class=\"wp-block-genesis-blocks-gb-column gb-block-layout-column\"><div class=\"gb-block-layout-column-inner\"><div class=\"yoast-breadcrumbs\"><span><span><a href=\"https:\/\/www.portimex.com\/fr\/\">Home<\/a><\/span> \u00bb <span><a href=\"https:\/\/www.portimex.com\/fr\/produits\/\">Produits<\/a><\/span> \u00bb <span><a href=\"https:\/\/www.portimex.com\/fr\/produits\/motorisations-pour-portes-et-portails\/\">Motorisations pour portes et portails<\/a><\/span> \u00bb <span class=\"breadcrumb_last\" aria-current=\"page\">Automatisation des fen\u00eatres coulissantes verticales<\/span><\/span><\/div>\n\n\n<h1 class=\"wp-block-heading\" style=\"padding-top:var(--wp--preset--spacing--40);font-size:40px;text-transform:uppercase\">Automatisation des fen\u00eatres coulissantes verticales &#8211; ouverture et fermeture simple par&nbsp; pression d&#8217;un bouton\u201c<\/h1>\n\n\n\n<div class=\"wp-block-genesis-blocks-gb-columns gb-layout-columns-2 gb-2-col-wideleft\"><div class=\"gb-layout-column-wrap gb-block-layout-column-gap-2 gb-is-responsive-column\">\n<div class=\"wp-block-genesis-blocks-gb-column gb-block-layout-column\"><div class=\"gb-block-layout-column-inner\">\n<p class=\"has-small-font-size\">Les fen\u00eatres coulissantes verticales pr\u00e9sentent deux avantages majeurs : elles ne s&#8217;ouvrent pas sur la pi\u00e8ce et ne g\u00eanent donc pas le passage. Et surtout dans les r\u00e9gions venteuses, elles sont id\u00e9ales car elles ne peuvent pas s&#8217;ouvrir brusquement.<\/p>\n\n\n\n<p class=\"has-small-font-size\">Ces avantages sont \u00e9galement utilis\u00e9s par les restaurants sur les lacs, entre autres, pour donner \u00e0 leurs clients la sensation d&#8217;\u00eatre assis pratiquement dehors sur tout le front qui donne sur le lac lors des beaux jours.<\/p>\n\n\n\n<p class=\"has-small-font-size\">Cependant, les grandes fen\u00eatres sont lourdes et il est difficile de les ouvrir et de les fermer sans un support appropri\u00e9, surtout si elles sont larges ou hautes. Non seulement parce qu&#8217;il faut une force correspondante \u00e9lev\u00e9e, mais aussi parce qu&#8217;il est possible que le vantail de fen\u00eatre se coince.<\/p>\n\n\n\n<h2 class=\"wp-block-heading has-large-font-size\">Portimex a d\u00e9velopp\u00e9 deux concepts de solution diff\u00e9rents pour de telles applications :<\/h2>\n\n\n\n<h3 class=\"wp-block-heading has-medium-font-size\"><a href=\"https:\/\/www.portimex.com\/fr\/produits\/motorisations-pour-portes-et-portails\/motorisation-fenetres-coulissantes-verticales\/solution-mecanique-fenetres-coulissantes-verticales\/\">Solution m\u00e9canique pour l&#8217;ouverture et la fermeture<\/a><\/h3>\n\n\n\n<p class=\"has-small-font-size\"><a href=\"https:\/\/www.portimex.com\/fr\/produits\/motorisations-pour-portes-et-portails\/motorisation-fenetres-coulissantes-verticales\/solution-mecanique-fenetres-coulissantes-verticales\/\">&gt;&gt;Lire plus<\/a><\/p>\n\n\n\n<h3 class=\"wp-block-heading has-medium-font-size\"><a href=\"https:\/\/www.portimex.com\/fr\/produits\/motorisations-pour-portes-et-portails\/motorisation-fenetres-coulissantes-verticales\/systeme-vertical-fenetres-coulissantes\/\">Ouverture et fermeture motoris\u00e9es<\/a><\/h3>\n\n\n\n<p class=\"has-small-font-size\"><a href=\"https:\/\/www.portimex.com\/fr\/produits\/motorisations-pour-portes-et-portails\/motorisation-fenetres-coulissantes-verticales\/systeme-vertical-fenetres-coulissantes\/\">&gt;&gt;Lire plus<\/a><\/p>\n<\/div><\/div>\n\n\n\n<div class=\"wp-block-genesis-blocks-gb-column gb-block-layout-column\"><div class=\"gb-block-layout-column-inner\">\n<div class=\"wp-block-uagb-image uagb-block-e4823742 wp-block-uagb-image--layout-default wp-block-uagb-image--effect-static wp-block-uagb-image--align-none\"><figure class=\"wp-block-uagb-image__figure\"><img decoding=\"async\" srcset=\"https:\/\/www.portimex.com\/wp-content\/uploads\/2024\/05\/Fensterfront-Restaurant-Samigo.jpg ,https:\/\/www.portimex.com\/wp-content\/uploads\/2024\/05\/Fensterfront-Restaurant-Samigo.jpg 780w, https:\/\/www.portimex.com\/wp-content\/uploads\/2024\/05\/Fensterfront-Restaurant-Samigo.jpg 360w\" sizes=\"auto, (max-width: 480px) 150px\" src=\"https:\/\/www.portimex.com\/wp-content\/uploads\/2024\/05\/Fensterfront-Restaurant-Samigo.jpg\" alt=\"\" class=\"uag-image-3622\" width=\"408\" height=\"259\" title=\"Fensterfront-Restaurant-Samigo\" loading=\"lazy\" role=\"img\"\/><figcaption class=\"uagb-image-caption\"><em>Support m\u00e9canique\u00a0pour l&#8217;ouverture et la fermeture des fen\u00eatres coulissantes verticales existantes dans le restaurant Samigo Amusement<\/em><br><br><\/figcaption><\/figure><\/div>\n\n\n\n<div class=\"wp-block-uagb-image uagb-block-04e4f505 wp-block-uagb-image--layout-default wp-block-uagb-image--effect-static wp-block-uagb-image--align-none\"><figure class=\"wp-block-uagb-image__figure\"><img decoding=\"async\" srcset=\"https:\/\/www.portimex.com\/wp-content\/uploads\/2024\/05\/Hotel-Schwert-Fensterfront.jpg ,https:\/\/www.portimex.com\/wp-content\/uploads\/2024\/05\/Hotel-Schwert-Fensterfront.jpg 780w, https:\/\/www.portimex.com\/wp-content\/uploads\/2024\/05\/Hotel-Schwert-Fensterfront.jpg 360w\" sizes=\"auto, (max-width: 480px) 150px\" src=\"https:\/\/www.portimex.com\/wp-content\/uploads\/2024\/05\/Hotel-Schwert-Fensterfront.jpg\" alt=\"\" class=\"uag-image-3625\" width=\"408\" height=\"306\" title=\"Hotel-Schwert-Fensterfront\" loading=\"lazy\" role=\"img\"\/><\/figure><\/div>\n<\/div><\/div>\n<\/div><\/div>\n<\/div><\/div>\n<\/div><\/div>\n","protected":false},"excerpt":{"rendered":"","protected":false},"author":3,"featured_media":0,"parent":3968,"menu_order":0,"comment_status":"closed","ping_status":"closed","template":"","meta":{"_acf_changed":false,"_uag_custom_page_level_css":"","_genesis_hide_title":true,"_genesis_hide_breadcrumbs":false,"_genesis_hide_singular_image":false,"_genesis_hide_footer_widgets":false,"_genesis_custom_body_class":"","_genesis_custom_post_class":"","_genesis_layout":"","footnotes":""},"class_list":{"0":"post-4048","1":"page","2":"type-page","3":"status-publish","5":"entry"},"acf":[],"yoast_head":"<!-- This site is optimized with the Yoast SEO plugin v25.7 - https:\/\/yoast.com\/wordpress\/plugins\/seo\/ -->\n<title>Automatisation des fen\u00eatres coulissantes verticales - Portimex Motorisations pour fen\u00eatres coulissantes verticales<\/title>\n<meta name=\"robots\" content=\"index, follow, max-snippet:-1, max-image-preview:large, max-video-preview:-1\" \/>\n<link rel=\"canonical\" href=\"https:\/\/www.portimex.com\/fr\/produits\/motorisations-pour-portes-et-portails\/motorisation-fenetres-coulissantes-verticales\/\" \/>\n<meta property=\"og:locale\" content=\"fr_FR\" \/>\n<meta property=\"og:type\" content=\"article\" \/>\n<meta property=\"og:title\" content=\"Automatisation des fen\u00eatres coulissantes verticales - Portimex Motorisations pour fen\u00eatres coulissantes verticales\" \/>\n<meta property=\"og:url\" content=\"https:\/\/www.portimex.com\/fr\/produits\/motorisations-pour-portes-et-portails\/motorisation-fenetres-coulissantes-verticales\/\" \/>\n<meta property=\"og:site_name\" content=\"Portimex\" \/>\n<meta property=\"article:modified_time\" content=\"2025-08-22T10:41:59+00:00\" \/>\n<meta property=\"og:image\" content=\"https:\/\/www.portimex.com\/wp-content\/uploads\/2024\/05\/Fensterfront-Restaurant-Samigo.jpg\" \/>\n<meta name=\"twitter:card\" content=\"summary_large_image\" \/>\n<meta name=\"twitter:label1\" content=\"Est. reading time\" \/>\n\t<meta name=\"twitter:data1\" content=\"2 minutes\" \/>\n<script type=\"application\/ld+json\" class=\"yoast-schema-graph\">{\"@context\":\"https:\/\/schema.org\",\"@graph\":[{\"@type\":\"WebPage\",\"@id\":\"https:\/\/www.portimex.com\/fr\/produits\/motorisations-pour-portes-et-portails\/motorisation-fenetres-coulissantes-verticales\/\",\"url\":\"https:\/\/www.portimex.com\/fr\/produits\/motorisations-pour-portes-et-portails\/motorisation-fenetres-coulissantes-verticales\/\",\"name\":\"Automatisation des fen\u00eatres coulissantes verticales - Portimex Motorisations pour fen\u00eatres coulissantes verticales\",\"isPartOf\":{\"@id\":\"https:\/\/www.portimex.com\/#website\"},\"primaryImageOfPage\":{\"@id\":\"https:\/\/www.portimex.com\/fr\/produits\/motorisations-pour-portes-et-portails\/motorisation-fenetres-coulissantes-verticales\/#primaryimage\"},\"image\":{\"@id\":\"https:\/\/www.portimex.com\/fr\/produits\/motorisations-pour-portes-et-portails\/motorisation-fenetres-coulissantes-verticales\/#primaryimage\"},\"thumbnailUrl\":\"https:\/\/www.portimex.com\/wp-content\/uploads\/2024\/05\/Fensterfront-Restaurant-Samigo.jpg\",\"datePublished\":\"2024-05-15T13:43:36+00:00\",\"dateModified\":\"2025-08-22T10:41:59+00:00\",\"breadcrumb\":{\"@id\":\"https:\/\/www.portimex.com\/fr\/produits\/motorisations-pour-portes-et-portails\/motorisation-fenetres-coulissantes-verticales\/#breadcrumb\"},\"inLanguage\":\"fr-CH\",\"potentialAction\":[{\"@type\":\"ReadAction\",\"target\":[\"https:\/\/www.portimex.com\/fr\/produits\/motorisations-pour-portes-et-portails\/motorisation-fenetres-coulissantes-verticales\/\"]}]},{\"@type\":\"ImageObject\",\"inLanguage\":\"fr-CH\",\"@id\":\"https:\/\/www.portimex.com\/fr\/produits\/motorisations-pour-portes-et-portails\/motorisation-fenetres-coulissantes-verticales\/#primaryimage\",\"url\":\"https:\/\/www.portimex.com\/wp-content\/uploads\/2024\/05\/Fensterfront-Restaurant-Samigo.jpg\",\"contentUrl\":\"https:\/\/www.portimex.com\/wp-content\/uploads\/2024\/05\/Fensterfront-Restaurant-Samigo.jpg\"},{\"@type\":\"BreadcrumbList\",\"@id\":\"https:\/\/www.portimex.com\/fr\/produits\/motorisations-pour-portes-et-portails\/motorisation-fenetres-coulissantes-verticales\/#breadcrumb\",\"itemListElement\":[{\"@type\":\"ListItem\",\"position\":1,\"name\":\"Home\",\"item\":\"https:\/\/www.portimex.com\/fr\/\"},{\"@type\":\"ListItem\",\"position\":2,\"name\":\"Produits\",\"item\":\"https:\/\/www.portimex.com\/fr\/produits\/\"},{\"@type\":\"ListItem\",\"position\":3,\"name\":\"Motorisations pour portes et portails\",\"item\":\"https:\/\/www.portimex.com\/fr\/produits\/motorisations-pour-portes-et-portails\/\"},{\"@type\":\"ListItem\",\"position\":4,\"name\":\"Automatisation des fen\u00eatres coulissantes verticales\"}]},{\"@type\":\"WebSite\",\"@id\":\"https:\/\/www.portimex.com\/#website\",\"url\":\"https:\/\/www.portimex.com\/\",\"name\":\"Portimex\",\"description\":\"\",\"publisher\":{\"@id\":\"https:\/\/www.portimex.com\/#organization\"},\"potentialAction\":[{\"@type\":\"SearchAction\",\"target\":{\"@type\":\"EntryPoint\",\"urlTemplate\":\"https:\/\/www.portimex.com\/?s={search_term_string}\"},\"query-input\":{\"@type\":\"PropertyValueSpecification\",\"valueRequired\":true,\"valueName\":\"search_term_string\"}}],\"inLanguage\":\"fr-CH\"},{\"@type\":\"Organization\",\"@id\":\"https:\/\/www.portimex.com\/#organization\",\"name\":\"Portimex\",\"url\":\"https:\/\/www.portimex.com\/\",\"logo\":{\"@type\":\"ImageObject\",\"inLanguage\":\"fr-CH\",\"@id\":\"https:\/\/www.portimex.com\/#\/schema\/logo\/image\/\",\"url\":\"https:\/\/www.portimex.com\/wp-content\/uploads\/2024\/05\/cropped-Portimex-Logo.jpg\",\"contentUrl\":\"https:\/\/www.portimex.com\/wp-content\/uploads\/2024\/05\/cropped-Portimex-Logo.jpg\",\"width\":198,\"height\":46,\"caption\":\"Portimex\"},\"image\":{\"@id\":\"https:\/\/www.portimex.com\/#\/schema\/logo\/image\/\"}}]}<\/script>\n<!-- \/ Yoast SEO plugin. -->","yoast_head_json":{"title":"Automatisation des fen\u00eatres coulissantes verticales - Portimex Motorisations pour fen\u00eatres coulissantes verticales","robots":{"index":"index","follow":"follow","max-snippet":"max-snippet:-1","max-image-preview":"max-image-preview:large","max-video-preview":"max-video-preview:-1"},"canonical":"https:\/\/www.portimex.com\/fr\/produits\/motorisations-pour-portes-et-portails\/motorisation-fenetres-coulissantes-verticales\/","og_locale":"fr_FR","og_type":"article","og_title":"Automatisation des fen\u00eatres coulissantes verticales - Portimex Motorisations pour fen\u00eatres coulissantes verticales","og_url":"https:\/\/www.portimex.com\/fr\/produits\/motorisations-pour-portes-et-portails\/motorisation-fenetres-coulissantes-verticales\/","og_site_name":"Portimex","article_modified_time":"2025-08-22T10:41:59+00:00","og_image":[{"url":"https:\/\/www.portimex.com\/wp-content\/uploads\/2024\/05\/Fensterfront-Restaurant-Samigo.jpg","type":"","width":"","height":""}],"twitter_card":"summary_large_image","twitter_misc":{"Est. reading time":"2 minutes"},"schema":{"@context":"https:\/\/schema.org","@graph":[{"@type":"WebPage","@id":"https:\/\/www.portimex.com\/fr\/produits\/motorisations-pour-portes-et-portails\/motorisation-fenetres-coulissantes-verticales\/","url":"https:\/\/www.portimex.com\/fr\/produits\/motorisations-pour-portes-et-portails\/motorisation-fenetres-coulissantes-verticales\/","name":"Automatisation des fen\u00eatres coulissantes verticales - Portimex Motorisations pour fen\u00eatres coulissantes verticales","isPartOf":{"@id":"https:\/\/www.portimex.com\/#website"},"primaryImageOfPage":{"@id":"https:\/\/www.portimex.com\/fr\/produits\/motorisations-pour-portes-et-portails\/motorisation-fenetres-coulissantes-verticales\/#primaryimage"},"image":{"@id":"https:\/\/www.portimex.com\/fr\/produits\/motorisations-pour-portes-et-portails\/motorisation-fenetres-coulissantes-verticales\/#primaryimage"},"thumbnailUrl":"https:\/\/www.portimex.com\/wp-content\/uploads\/2024\/05\/Fensterfront-Restaurant-Samigo.jpg","datePublished":"2024-05-15T13:43:36+00:00","dateModified":"2025-08-22T10:41:59+00:00","breadcrumb":{"@id":"https:\/\/www.portimex.com\/fr\/produits\/motorisations-pour-portes-et-portails\/motorisation-fenetres-coulissantes-verticales\/#breadcrumb"},"inLanguage":"fr-CH","potentialAction":[{"@type":"ReadAction","target":["https:\/\/www.portimex.com\/fr\/produits\/motorisations-pour-portes-et-portails\/motorisation-fenetres-coulissantes-verticales\/"]}]},{"@type":"ImageObject","inLanguage":"fr-CH","@id":"https:\/\/www.portimex.com\/fr\/produits\/motorisations-pour-portes-et-portails\/motorisation-fenetres-coulissantes-verticales\/#primaryimage","url":"https:\/\/www.portimex.com\/wp-content\/uploads\/2024\/05\/Fensterfront-Restaurant-Samigo.jpg","contentUrl":"https:\/\/www.portimex.com\/wp-content\/uploads\/2024\/05\/Fensterfront-Restaurant-Samigo.jpg"},{"@type":"BreadcrumbList","@id":"https:\/\/www.portimex.com\/fr\/produits\/motorisations-pour-portes-et-portails\/motorisation-fenetres-coulissantes-verticales\/#breadcrumb","itemListElement":[{"@type":"ListItem","position":1,"name":"Home","item":"https:\/\/www.portimex.com\/fr\/"},{"@type":"ListItem","position":2,"name":"Produits","item":"https:\/\/www.portimex.com\/fr\/produits\/"},{"@type":"ListItem","position":3,"name":"Motorisations pour portes et portails","item":"https:\/\/www.portimex.com\/fr\/produits\/motorisations-pour-portes-et-portails\/"},{"@type":"ListItem","position":4,"name":"Automatisation des fen\u00eatres coulissantes verticales"}]},{"@type":"WebSite","@id":"https:\/\/www.portimex.com\/#website","url":"https:\/\/www.portimex.com\/","name":"Portimex","description":"","publisher":{"@id":"https:\/\/www.portimex.com\/#organization"},"potentialAction":[{"@type":"SearchAction","target":{"@type":"EntryPoint","urlTemplate":"https:\/\/www.portimex.com\/?s={search_term_string}"},"query-input":{"@type":"PropertyValueSpecification","valueRequired":true,"valueName":"search_term_string"}}],"inLanguage":"fr-CH"},{"@type":"Organization","@id":"https:\/\/www.portimex.com\/#organization","name":"Portimex","url":"https:\/\/www.portimex.com\/","logo":{"@type":"ImageObject","inLanguage":"fr-CH","@id":"https:\/\/www.portimex.com\/#\/schema\/logo\/image\/","url":"https:\/\/www.portimex.com\/wp-content\/uploads\/2024\/05\/cropped-Portimex-Logo.jpg","contentUrl":"https:\/\/www.portimex.com\/wp-content\/uploads\/2024\/05\/cropped-Portimex-Logo.jpg","width":198,"height":46,"caption":"Portimex"},"image":{"@id":"https:\/\/www.portimex.com\/#\/schema\/logo\/image\/"}}]}},"featured_image_src":null,"featured_image_src_square":null,"uagb_featured_image_src":{"full":false,"thumbnail":false,"medium":false,"medium_large":false,"large":false,"1536x1536":false,"2048x2048":false,"sidebar-featured":false,"genesis-singular-images":false,"gb-block-post-grid-landscape":false,"gb-block-post-grid-square":false},"uagb_author_info":{"display_name":"Tanja L.","author_link":"https:\/\/www.portimex.com\/fr\/author\/t-lang\/"},"uagb_comment_info":0,"uagb_excerpt":null,"_links":{"self":[{"href":"https:\/\/www.portimex.com\/fr\/wp-json\/wp\/v2\/pages\/4048","targetHints":{"allow":["GET"]}}],"collection":[{"href":"https:\/\/www.portimex.com\/fr\/wp-json\/wp\/v2\/pages"}],"about":[{"href":"https:\/\/www.portimex.com\/fr\/wp-json\/wp\/v2\/types\/page"}],"author":[{"embeddable":true,"href":"https:\/\/www.portimex.com\/fr\/wp-json\/wp\/v2\/users\/3"}],"replies":[{"embeddable":true,"href":"https:\/\/www.portimex.com\/fr\/wp-json\/wp\/v2\/comments?post=4048"}],"version-history":[{"count":4,"href":"https:\/\/www.portimex.com\/fr\/wp-json\/wp\/v2\/pages\/4048\/revisions"}],"predecessor-version":[{"id":5672,"href":"https:\/\/www.portimex.com\/fr\/wp-json\/wp\/v2\/pages\/4048\/revisions\/5672"}],"up":[{"embeddable":true,"href":"https:\/\/www.portimex.com\/fr\/wp-json\/wp\/v2\/pages\/3968"}],"wp:attachment":[{"href":"https:\/\/www.portimex.com\/fr\/wp-json\/wp\/v2\/media?parent=4048"}],"curies":[{"name":"wp","href":"https:\/\/api.w.org\/{rel}","templated":true}]}}