{"id":4039,"date":"2024-05-15T15:37:27","date_gmt":"2024-05-15T13:37:27","guid":{"rendered":"https:\/\/www.portimex.com\/?page_id=4039"},"modified":"2024-06-12T13:00:34","modified_gmt":"2024-06-12T11:00:34","slug":"motorisation-panneaux-media","status":"publish","type":"page","link":"https:\/\/www.portimex.com\/fr\/produits\/motorisations-pour-portes-et-portails\/motorisation-panneaux-media\/","title":{"rendered":"Motorisation pour panneaux m\u00e9dia"},"content":{"rendered":"\n<div class=\"wp-block-genesis-blocks-gb-columns gb-layout-columns-1 one-column\"><div class=\"gb-layout-column-wrap gb-block-layout-column-gap-2 gb-is-responsive-column\">\n<div class=\"wp-block-genesis-blocks-gb-column gb-block-layout-column\"><div class=\"gb-block-layout-column-inner\">\n<div class=\"wp-block-genesis-blocks-gb-columns gb-layout-columns-2 gb-2-col-wideleft\"><div class=\"gb-layout-column-wrap gb-block-layout-column-gap-2 gb-is-responsive-column\">\n<div class=\"wp-block-genesis-blocks-gb-column gb-block-layout-column\"><div class=\"gb-block-layout-column-inner\"><div class=\"yoast-breadcrumbs\"><span><span><a href=\"https:\/\/www.portimex.com\/fr\/\">Home<\/a><\/span> \u00bb <span><a href=\"https:\/\/www.portimex.com\/fr\/produits\/\">Produits<\/a><\/span> \u00bb <span><a href=\"https:\/\/www.portimex.com\/fr\/produits\/motorisations-pour-portes-et-portails\/\">Motorisations pour portes et portails<\/a><\/span> \u00bb <span class=\"breadcrumb_last\" aria-current=\"page\">Motorisation pour panneaux m\u00e9dia<\/span><\/span><\/div>\n\n\n<h1 class=\"wp-block-heading\" style=\"padding-top:var(--wp--preset--spacing--40);font-size:40px;text-transform:uppercase\">Motorisation pour panneaux m\u00e9dia<\/h1>\n\n\n\n<p class=\"has-small-font-size\">La motorisation Portimex Mediawand (= panneau m\u00e9dia) est un d\u00e9veloppement propre pour des panneaux glissants qu&#8217;on ne doit presque pas pouvoir discerner quand ils sont ferm\u00e9s et qu&#8217;ils s&#8217;ouvrent derri\u00e8re un rev\u00eatement. Utilisable pour des installations \u00e0 vantail simple ou aux vantaux doubles avec une ferrure similaire \u00e0 HAWA Planfront 70 et une motorisation Portimex-MEDIA 2017, en combinaison avec un syst\u00e8me de guidage sp\u00e9cial.<\/p>\n\n\n\n<p class=\"has-small-font-size\"><strong><strong>Nous d\u00e9veloppons votre solution \u00e0 mesure. Contactez-nous.<\/strong><\/strong><\/p>\n\n\n\n<h2 class=\"wp-block-heading has-large-font-size\">Mod\u00e8les<\/h2>\n\n\n\n<h3 class=\"wp-block-heading has-medium-font-size\">Type MEDIA 3000<\/h3>\n\n\n\n<p class=\"has-small-font-size\">Ce type s&#8217;utilisait pour une grande porte qui se dissimule dans une sorte de proue. Vantail avec ferrure HAWA Spezial, similaire \u00e0 HAWA Planfront 70, motorisation avec syst\u00e8me \u00e0 rails sp\u00e9cial.<\/p>\n\n\n\n<h3 class=\"wp-block-heading has-medium-font-size\">Type MEDIA 2017<\/h3>\n\n\n\n<p class=\"has-small-font-size\">La version \u00ab normale \u00bb pour des portes coulissantes cach\u00e9es.<br>Vantail avec la ferrure HAWA Planfront 70, motorisation avec syst\u00e8me \u00e0 rails sp\u00e9cial.<\/p>\n<\/div><\/div>\n\n\n\n<div class=\"wp-block-genesis-blocks-gb-column gb-block-layout-column\"><div class=\"gb-block-layout-column-inner\">\n<figure style=\"padding-bottom:var(--wp--preset--spacing--40)\" class=\"wp-block-video\"><video height=\"480\" style=\"aspect-ratio: 638 \/ 480;\" width=\"638\" controls src=\"https:\/\/www.portimex.com\/wp-content\/uploads\/2024\/05\/Mediawand.mp4\"><\/video><\/figure>\n\n\n\n<div class=\"wp-block-uagb-image uagb-block-a8eb13c4 wp-block-uagb-image--layout-default wp-block-uagb-image--effect-static wp-block-uagb-image--align-none\"><figure class=\"wp-block-uagb-image__figure\"><img decoding=\"async\" srcset=\"https:\/\/www.portimex.com\/wp-content\/uploads\/2024\/05\/Mediawand.jpg ,https:\/\/www.portimex.com\/wp-content\/uploads\/2024\/05\/Mediawand.jpg 780w, https:\/\/www.portimex.com\/wp-content\/uploads\/2024\/05\/Mediawand.jpg 360w\" sizes=\"auto, (max-width: 480px) 150px\" src=\"https:\/\/www.portimex.com\/wp-content\/uploads\/2024\/05\/Mediawand.jpg\" alt=\"\" class=\"uag-image-3611\" width=\"900\" height=\"500\" title=\"Mediawand\" loading=\"lazy\" role=\"img\"\/><\/figure><\/div>\n\n\n\n<div class=\"wp-block-uagb-image uagb-block-9d962811 wp-block-uagb-image--layout-default wp-block-uagb-image--effect-static wp-block-uagb-image--align-none\"><figure class=\"wp-block-uagb-image__figure\"><img decoding=\"async\" srcset=\"https:\/\/www.portimex.com\/wp-content\/uploads\/2024\/05\/Mediawand-Hawa.gif ,https:\/\/www.portimex.com\/wp-content\/uploads\/2024\/05\/Mediawand-Hawa.gif 780w, https:\/\/www.portimex.com\/wp-content\/uploads\/2024\/05\/Mediawand-Hawa.gif 360w\" sizes=\"auto, (max-width: 480px) 150px\" src=\"https:\/\/www.portimex.com\/wp-content\/uploads\/2024\/05\/Mediawand-Hawa.gif\" alt=\"\" class=\"uag-image-3613\" width=\"90\" height=\"112\" title=\"Mediawand-Hawa\" loading=\"lazy\" role=\"img\"\/><\/figure><\/div>\n<\/div><\/div>\n<\/div><\/div>\n\n\n\n<div class=\"wp-block-genesis-blocks-gb-columns gb-layout-columns-1 one-column\"><div class=\"gb-layout-column-wrap gb-block-layout-column-gap-2 gb-is-responsive-column\">\n<div class=\"wp-block-genesis-blocks-gb-column gb-block-layout-column\"><div class=\"gb-block-layout-column-inner\">\n<h2 class=\"wp-block-heading has-large-font-size\">Donn\u00e9es techniques<\/h2>\n\n\n\n<figure class=\"wp-block-table is-style-stripes has-small-font-size\"><table><thead><tr><th><\/th><th class=\"has-text-align-left\" data-align=\"left\">TYPE MEDIA 3000<\/th><th class=\"has-text-align-left\" data-align=\"left\"><strong>TYPE MEDIA 2017<\/strong><\/th><\/tr><\/thead><tbody><tr><td>Tension d&#8217;alimentation<\/td><td class=\"has-text-align-left\" data-align=\"left\">230 V AC \/ 50-60 Hz<\/td><td class=\"has-text-align-left\" data-align=\"left\">230 V AC 7 50-60 Hz<\/td><\/tr><tr><td>Alimentation du moteur<\/td><td class=\"has-text-align-left\" data-align=\"left\">24 V DC<\/td><td class=\"has-text-align-left\" data-align=\"left\">24 V DC<\/td><\/tr><tr><td>Consommation du moteur<\/td><td class=\"has-text-align-left\" data-align=\"left\">8 A<\/td><td class=\"has-text-align-left\" data-align=\"left\">0.5 A<\/td><\/tr><tr><td>Pouss\u00e9e maxi<\/td><td class=\"has-text-align-left\" data-align=\"left\">300 N<\/td><td class=\"has-text-align-left\" data-align=\"left\">300 N<\/td><\/tr><tr><td>D\u00e9tection des fins de course<\/td><td class=\"has-text-align-left\" data-align=\"left\">encodeur<\/td><td class=\"has-text-align-left\" data-align=\"left\">encodeur<\/td><\/tr><tr><td>Vitesse d&#8217;ouverture\/vantail (mm\/s)<\/td><td class=\"has-text-align-left\" data-align=\"left\">100 &#8211; 300<\/td><td class=\"has-text-align-left\" data-align=\"left\">maxi 600<\/td><\/tr><tr><td>Vitesse de fermeture\/vantail (mm\/s)<\/td><td class=\"has-text-align-left\" data-align=\"left\">100 &#8211; 200<\/td><td class=\"has-text-align-left\" data-align=\"left\">maxi 600<\/td><\/tr><tr><td>Facteur de marche<\/td><td class=\"has-text-align-left\" data-align=\"left\">S3 = 80 %<\/td><td class=\"has-text-align-left\" data-align=\"left\">S3 = 100 %<\/td><\/tr><tr><td>Largeur de vantail maxi<\/td><td class=\"has-text-align-left\" data-align=\"left\">1200 mm<\/td><td class=\"has-text-align-left\" data-align=\"left\">600 mm<\/td><\/tr><tr><td>Course maxi<\/td><td class=\"has-text-align-left\" data-align=\"left\">6000 mm<\/td><td class=\"has-text-align-left\" data-align=\"left\">3000 mm<\/td><\/tr><tr><td>Poids de vantail maxi (d\u00e9pend des rails !)<\/td><td class=\"has-text-align-left\" data-align=\"left\">300 kg<\/td><td class=\"has-text-align-left\" data-align=\"left\">70 kg 1 vantail\/ 140 kg 2 vantaux<\/td><\/tr><tr><td>Alimentation de secours (-10 \u00b0C \/ +50 \u00b0C)<\/td><td class=\"has-text-align-left\" data-align=\"left\">en option<\/td><td class=\"has-text-align-left\" data-align=\"left\">en option<\/td><\/tr><tr><td>Plage de temp\u00e9rature<\/td><td class=\"has-text-align-left\" data-align=\"left\">-20 \u00b0C \/ +55 \u00b0C<\/td><td class=\"has-text-align-left\" data-align=\"left\">-20 \u00b0C \/ +55 \u00b0C<\/td><\/tr><tr><td>Fonction coupe-feu<\/td><td class=\"has-text-align-left\" data-align=\"left\">en option<\/td><td class=\"has-text-align-left\" data-align=\"left\">en option<\/td><\/tr><tr><td>Commande<\/td><td class=\"has-text-align-left\" data-align=\"left\">230 V AC\/50-60 Hz\/1 A\/IP55<\/td><td class=\"has-text-align-left\" data-align=\"left\">230 V AC\/50-60 Hz\/1 A\/IP20<\/td><\/tr><tr><td>S\u00e9curit\u00e9<\/td><td class=\"has-text-align-left\" data-align=\"left\">senseurs \/ rideaux lumineux selon l&#8217;application et les directives<\/td><td class=\"has-text-align-left\" data-align=\"left\">senseurs \/ rideaux lumineux selon l&#8217;application et les directives<\/td><\/tr><\/tbody><\/table><\/figure>\n<\/div><\/div>\n<\/div><\/div>\n\n\n\n<div class=\"wp-block-genesis-blocks-gb-columns gb-layout-columns-2 gb-2-col-equal\"><div class=\"gb-layout-column-wrap gb-block-layout-column-gap-2 gb-is-responsive-column\">\n<div class=\"wp-block-genesis-blocks-gb-column gb-block-layout-column\"><div class=\"gb-block-layout-column-inner\">\n<div class=\"wp-block-uagb-image uagb-block-2429b1e6 wp-block-uagb-image--layout-default wp-block-uagb-image--effect-static wp-block-uagb-image--align-none\"><figure class=\"wp-block-uagb-image__figure\"><img decoding=\"async\" srcset=\"https:\/\/www.portimex.com\/wp-content\/uploads\/2024\/05\/Mediawandantrieb-geschlossen.jpg ,https:\/\/www.portimex.com\/wp-content\/uploads\/2024\/05\/Mediawandantrieb-geschlossen.jpg 780w, https:\/\/www.portimex.com\/wp-content\/uploads\/2024\/05\/Mediawandantrieb-geschlossen.jpg 360w\" sizes=\"auto, (max-width: 480px) 150px\" src=\"https:\/\/www.portimex.com\/wp-content\/uploads\/2024\/05\/Mediawandantrieb-geschlossen.jpg\" alt=\"\" class=\"uag-image-3615\" width=\"612\" height=\"458\" title=\"Mediawandantrieb-geschlossen\" loading=\"lazy\" role=\"img\"\/><figcaption class=\"uagb-image-caption\">Panneau m\u00e9dia ferm\u00e9<\/figcaption><\/figure><\/div>\n<\/div><\/div>\n\n\n\n<div class=\"wp-block-genesis-blocks-gb-column gb-block-layout-column\"><div class=\"gb-block-layout-column-inner\">\n<div class=\"wp-block-uagb-image uagb-block-363733b9 wp-block-uagb-image--layout-default wp-block-uagb-image--effect-static wp-block-uagb-image--align-none\"><figure class=\"wp-block-uagb-image__figure\"><img decoding=\"async\" srcset=\"https:\/\/www.portimex.com\/wp-content\/uploads\/2024\/05\/Mediawandantrieb-offen.jpg ,https:\/\/www.portimex.com\/wp-content\/uploads\/2024\/05\/Mediawandantrieb-offen.jpg 780w, https:\/\/www.portimex.com\/wp-content\/uploads\/2024\/05\/Mediawandantrieb-offen.jpg 360w\" sizes=\"auto, (max-width: 480px) 150px\" src=\"https:\/\/www.portimex.com\/wp-content\/uploads\/2024\/05\/Mediawandantrieb-offen.jpg\" alt=\"\" class=\"uag-image-3617\" width=\"612\" height=\"459\" title=\"Mediawandantrieb-offen\" loading=\"lazy\" role=\"img\"\/><figcaption class=\"uagb-image-caption\">Panneau m\u00e9dia ouvert<\/figcaption><\/figure><\/div>\n<\/div><\/div>\n<\/div><\/div>\n<\/div><\/div>\n<\/div><\/div>\n","protected":false},"excerpt":{"rendered":"","protected":false},"author":3,"featured_media":0,"parent":3968,"menu_order":0,"comment_status":"closed","ping_status":"closed","template":"","meta":{"_acf_changed":false,"_uag_custom_page_level_css":"","_genesis_hide_title":true,"_genesis_hide_breadcrumbs":false,"_genesis_hide_singular_image":false,"_genesis_hide_footer_widgets":false,"_genesis_custom_body_class":"","_genesis_custom_post_class":"","_genesis_layout":"","footnotes":""},"class_list":{"0":"post-4039","1":"page","2":"type-page","3":"status-publish","5":"entry"},"acf":[],"yoast_head":"<!-- This site is optimized with the Yoast SEO plugin v25.7 - https:\/\/yoast.com\/wordpress\/plugins\/seo\/ -->\n<title>Motorisation pour panneaux m\u00e9dia - Portimex<\/title>\n<meta name=\"robots\" content=\"index, follow, max-snippet:-1, max-image-preview:large, max-video-preview:-1\" \/>\n<link rel=\"canonical\" href=\"https:\/\/www.portimex.com\/fr\/produits\/motorisations-pour-portes-et-portails\/motorisation-panneaux-media\/\" \/>\n<meta property=\"og:locale\" content=\"fr_FR\" \/>\n<meta property=\"og:type\" content=\"article\" \/>\n<meta property=\"og:title\" content=\"Motorisation pour panneaux m\u00e9dia - Portimex\" \/>\n<meta property=\"og:url\" content=\"https:\/\/www.portimex.com\/fr\/produits\/motorisations-pour-portes-et-portails\/motorisation-panneaux-media\/\" \/>\n<meta property=\"og:site_name\" content=\"Portimex\" \/>\n<meta property=\"article:modified_time\" content=\"2024-06-12T11:00:34+00:00\" \/>\n<meta property=\"og:image\" content=\"https:\/\/www.portimex.com\/wp-content\/uploads\/2024\/05\/Mediawand.jpg\" \/>\n<meta name=\"twitter:card\" content=\"summary_large_image\" \/>\n<meta name=\"twitter:label1\" content=\"Est. reading time\" \/>\n\t<meta name=\"twitter:data1\" content=\"3 minutes\" \/>\n<script type=\"application\/ld+json\" class=\"yoast-schema-graph\">{\"@context\":\"https:\/\/schema.org\",\"@graph\":[{\"@type\":\"WebPage\",\"@id\":\"https:\/\/www.portimex.com\/fr\/produits\/motorisations-pour-portes-et-portails\/motorisation-panneaux-media\/\",\"url\":\"https:\/\/www.portimex.com\/fr\/produits\/motorisations-pour-portes-et-portails\/motorisation-panneaux-media\/\",\"name\":\"Motorisation pour panneaux m\u00e9dia - Portimex\",\"isPartOf\":{\"@id\":\"https:\/\/www.portimex.com\/#website\"},\"primaryImageOfPage\":{\"@id\":\"https:\/\/www.portimex.com\/fr\/produits\/motorisations-pour-portes-et-portails\/motorisation-panneaux-media\/#primaryimage\"},\"image\":{\"@id\":\"https:\/\/www.portimex.com\/fr\/produits\/motorisations-pour-portes-et-portails\/motorisation-panneaux-media\/#primaryimage\"},\"thumbnailUrl\":\"https:\/\/www.portimex.com\/wp-content\/uploads\/2024\/05\/Mediawand.jpg\",\"datePublished\":\"2024-05-15T13:37:27+00:00\",\"dateModified\":\"2024-06-12T11:00:34+00:00\",\"breadcrumb\":{\"@id\":\"https:\/\/www.portimex.com\/fr\/produits\/motorisations-pour-portes-et-portails\/motorisation-panneaux-media\/#breadcrumb\"},\"inLanguage\":\"fr-CH\",\"potentialAction\":[{\"@type\":\"ReadAction\",\"target\":[\"https:\/\/www.portimex.com\/fr\/produits\/motorisations-pour-portes-et-portails\/motorisation-panneaux-media\/\"]}]},{\"@type\":\"ImageObject\",\"inLanguage\":\"fr-CH\",\"@id\":\"https:\/\/www.portimex.com\/fr\/produits\/motorisations-pour-portes-et-portails\/motorisation-panneaux-media\/#primaryimage\",\"url\":\"https:\/\/www.portimex.com\/wp-content\/uploads\/2024\/05\/Mediawand.jpg\",\"contentUrl\":\"https:\/\/www.portimex.com\/wp-content\/uploads\/2024\/05\/Mediawand.jpg\"},{\"@type\":\"BreadcrumbList\",\"@id\":\"https:\/\/www.portimex.com\/fr\/produits\/motorisations-pour-portes-et-portails\/motorisation-panneaux-media\/#breadcrumb\",\"itemListElement\":[{\"@type\":\"ListItem\",\"position\":1,\"name\":\"Home\",\"item\":\"https:\/\/www.portimex.com\/fr\/\"},{\"@type\":\"ListItem\",\"position\":2,\"name\":\"Produits\",\"item\":\"https:\/\/www.portimex.com\/fr\/produits\/\"},{\"@type\":\"ListItem\",\"position\":3,\"name\":\"Motorisations pour portes et portails\",\"item\":\"https:\/\/www.portimex.com\/fr\/produits\/motorisations-pour-portes-et-portails\/\"},{\"@type\":\"ListItem\",\"position\":4,\"name\":\"Motorisation pour panneaux m\u00e9dia\"}]},{\"@type\":\"WebSite\",\"@id\":\"https:\/\/www.portimex.com\/#website\",\"url\":\"https:\/\/www.portimex.com\/\",\"name\":\"Portimex\",\"description\":\"\",\"publisher\":{\"@id\":\"https:\/\/www.portimex.com\/#organization\"},\"potentialAction\":[{\"@type\":\"SearchAction\",\"target\":{\"@type\":\"EntryPoint\",\"urlTemplate\":\"https:\/\/www.portimex.com\/?s={search_term_string}\"},\"query-input\":{\"@type\":\"PropertyValueSpecification\",\"valueRequired\":true,\"valueName\":\"search_term_string\"}}],\"inLanguage\":\"fr-CH\"},{\"@type\":\"Organization\",\"@id\":\"https:\/\/www.portimex.com\/#organization\",\"name\":\"Portimex\",\"url\":\"https:\/\/www.portimex.com\/\",\"logo\":{\"@type\":\"ImageObject\",\"inLanguage\":\"fr-CH\",\"@id\":\"https:\/\/www.portimex.com\/#\/schema\/logo\/image\/\",\"url\":\"https:\/\/www.portimex.com\/wp-content\/uploads\/2024\/05\/cropped-Portimex-Logo.jpg\",\"contentUrl\":\"https:\/\/www.portimex.com\/wp-content\/uploads\/2024\/05\/cropped-Portimex-Logo.jpg\",\"width\":198,\"height\":46,\"caption\":\"Portimex\"},\"image\":{\"@id\":\"https:\/\/www.portimex.com\/#\/schema\/logo\/image\/\"}}]}<\/script>\n<!-- \/ Yoast SEO plugin. -->","yoast_head_json":{"title":"Motorisation pour panneaux m\u00e9dia - Portimex","robots":{"index":"index","follow":"follow","max-snippet":"max-snippet:-1","max-image-preview":"max-image-preview:large","max-video-preview":"max-video-preview:-1"},"canonical":"https:\/\/www.portimex.com\/fr\/produits\/motorisations-pour-portes-et-portails\/motorisation-panneaux-media\/","og_locale":"fr_FR","og_type":"article","og_title":"Motorisation pour panneaux m\u00e9dia - Portimex","og_url":"https:\/\/www.portimex.com\/fr\/produits\/motorisations-pour-portes-et-portails\/motorisation-panneaux-media\/","og_site_name":"Portimex","article_modified_time":"2024-06-12T11:00:34+00:00","og_image":[{"url":"https:\/\/www.portimex.com\/wp-content\/uploads\/2024\/05\/Mediawand.jpg","type":"","width":"","height":""}],"twitter_card":"summary_large_image","twitter_misc":{"Est. reading time":"3 minutes"},"schema":{"@context":"https:\/\/schema.org","@graph":[{"@type":"WebPage","@id":"https:\/\/www.portimex.com\/fr\/produits\/motorisations-pour-portes-et-portails\/motorisation-panneaux-media\/","url":"https:\/\/www.portimex.com\/fr\/produits\/motorisations-pour-portes-et-portails\/motorisation-panneaux-media\/","name":"Motorisation pour panneaux m\u00e9dia - Portimex","isPartOf":{"@id":"https:\/\/www.portimex.com\/#website"},"primaryImageOfPage":{"@id":"https:\/\/www.portimex.com\/fr\/produits\/motorisations-pour-portes-et-portails\/motorisation-panneaux-media\/#primaryimage"},"image":{"@id":"https:\/\/www.portimex.com\/fr\/produits\/motorisations-pour-portes-et-portails\/motorisation-panneaux-media\/#primaryimage"},"thumbnailUrl":"https:\/\/www.portimex.com\/wp-content\/uploads\/2024\/05\/Mediawand.jpg","datePublished":"2024-05-15T13:37:27+00:00","dateModified":"2024-06-12T11:00:34+00:00","breadcrumb":{"@id":"https:\/\/www.portimex.com\/fr\/produits\/motorisations-pour-portes-et-portails\/motorisation-panneaux-media\/#breadcrumb"},"inLanguage":"fr-CH","potentialAction":[{"@type":"ReadAction","target":["https:\/\/www.portimex.com\/fr\/produits\/motorisations-pour-portes-et-portails\/motorisation-panneaux-media\/"]}]},{"@type":"ImageObject","inLanguage":"fr-CH","@id":"https:\/\/www.portimex.com\/fr\/produits\/motorisations-pour-portes-et-portails\/motorisation-panneaux-media\/#primaryimage","url":"https:\/\/www.portimex.com\/wp-content\/uploads\/2024\/05\/Mediawand.jpg","contentUrl":"https:\/\/www.portimex.com\/wp-content\/uploads\/2024\/05\/Mediawand.jpg"},{"@type":"BreadcrumbList","@id":"https:\/\/www.portimex.com\/fr\/produits\/motorisations-pour-portes-et-portails\/motorisation-panneaux-media\/#breadcrumb","itemListElement":[{"@type":"ListItem","position":1,"name":"Home","item":"https:\/\/www.portimex.com\/fr\/"},{"@type":"ListItem","position":2,"name":"Produits","item":"https:\/\/www.portimex.com\/fr\/produits\/"},{"@type":"ListItem","position":3,"name":"Motorisations pour portes et portails","item":"https:\/\/www.portimex.com\/fr\/produits\/motorisations-pour-portes-et-portails\/"},{"@type":"ListItem","position":4,"name":"Motorisation pour panneaux m\u00e9dia"}]},{"@type":"WebSite","@id":"https:\/\/www.portimex.com\/#website","url":"https:\/\/www.portimex.com\/","name":"Portimex","description":"","publisher":{"@id":"https:\/\/www.portimex.com\/#organization"},"potentialAction":[{"@type":"SearchAction","target":{"@type":"EntryPoint","urlTemplate":"https:\/\/www.portimex.com\/?s={search_term_string}"},"query-input":{"@type":"PropertyValueSpecification","valueRequired":true,"valueName":"search_term_string"}}],"inLanguage":"fr-CH"},{"@type":"Organization","@id":"https:\/\/www.portimex.com\/#organization","name":"Portimex","url":"https:\/\/www.portimex.com\/","logo":{"@type":"ImageObject","inLanguage":"fr-CH","@id":"https:\/\/www.portimex.com\/#\/schema\/logo\/image\/","url":"https:\/\/www.portimex.com\/wp-content\/uploads\/2024\/05\/cropped-Portimex-Logo.jpg","contentUrl":"https:\/\/www.portimex.com\/wp-content\/uploads\/2024\/05\/cropped-Portimex-Logo.jpg","width":198,"height":46,"caption":"Portimex"},"image":{"@id":"https:\/\/www.portimex.com\/#\/schema\/logo\/image\/"}}]}},"featured_image_src":null,"featured_image_src_square":null,"uagb_featured_image_src":{"full":false,"thumbnail":false,"medium":false,"medium_large":false,"large":false,"1536x1536":false,"2048x2048":false,"sidebar-featured":false,"genesis-singular-images":false,"gb-block-post-grid-landscape":false,"gb-block-post-grid-square":false},"uagb_author_info":{"display_name":"Tanja L.","author_link":"https:\/\/www.portimex.com\/fr\/author\/t-lang\/"},"uagb_comment_info":0,"uagb_excerpt":null,"_links":{"self":[{"href":"https:\/\/www.portimex.com\/fr\/wp-json\/wp\/v2\/pages\/4039","targetHints":{"allow":["GET"]}}],"collection":[{"href":"https:\/\/www.portimex.com\/fr\/wp-json\/wp\/v2\/pages"}],"about":[{"href":"https:\/\/www.portimex.com\/fr\/wp-json\/wp\/v2\/types\/page"}],"author":[{"embeddable":true,"href":"https:\/\/www.portimex.com\/fr\/wp-json\/wp\/v2\/users\/3"}],"replies":[{"embeddable":true,"href":"https:\/\/www.portimex.com\/fr\/wp-json\/wp\/v2\/comments?post=4039"}],"version-history":[{"count":2,"href":"https:\/\/www.portimex.com\/fr\/wp-json\/wp\/v2\/pages\/4039\/revisions"}],"predecessor-version":[{"id":4042,"href":"https:\/\/www.portimex.com\/fr\/wp-json\/wp\/v2\/pages\/4039\/revisions\/4042"}],"up":[{"embeddable":true,"href":"https:\/\/www.portimex.com\/fr\/wp-json\/wp\/v2\/pages\/3968"}],"wp:attachment":[{"href":"https:\/\/www.portimex.com\/fr\/wp-json\/wp\/v2\/media?parent=4039"}],"curies":[{"name":"wp","href":"https:\/\/api.w.org\/{rel}","templated":true}]}}