{"id":4031,"date":"2024-05-15T14:32:02","date_gmt":"2024-05-15T12:32:02","guid":{"rendered":"https:\/\/www.portimex.com\/?page_id=4031"},"modified":"2024-06-12T12:21:20","modified_gmt":"2024-06-12T10:21:20","slug":"motorisation-fenetres","status":"publish","type":"page","link":"https:\/\/www.portimex.com\/fr\/produits\/motorisations-pour-portes-et-portails\/motorisation-fenetres\/","title":{"rendered":"Motorisation pour fen\u00eatres"},"content":{"rendered":"\n<div class=\"wp-block-genesis-blocks-gb-columns gb-layout-columns-1 one-column\"><div class=\"gb-layout-column-wrap gb-block-layout-column-gap-2 gb-is-responsive-column\">\n<div class=\"wp-block-genesis-blocks-gb-column gb-block-layout-column\"><div class=\"gb-block-layout-column-inner\"><div class=\"yoast-breadcrumbs\"><span><span><a href=\"https:\/\/www.portimex.com\/fr\/\">Home<\/a><\/span> \u00bb <span><a href=\"https:\/\/www.portimex.com\/fr\/produits\/\">Produits<\/a><\/span> \u00bb <span><a href=\"https:\/\/www.portimex.com\/fr\/produits\/motorisations-pour-portes-et-portails\/\">Motorisations pour portes et portails<\/a><\/span> \u00bb <span class=\"breadcrumb_last\" aria-current=\"page\">Motorisation pour fen\u00eatres<\/span><\/span><\/div>\n\n\n<h1 class=\"wp-block-heading\" style=\"padding-top:var(--wp--preset--spacing--40);font-size:40px;text-transform:uppercase\">Motorisation pour fen\u00eatres<\/h1>\n\n\n\n<div class=\"wp-block-genesis-blocks-gb-columns gb-layout-columns-2 gb-2-col-wideleft\"><div class=\"gb-layout-column-wrap gb-block-layout-column-gap-2 gb-is-responsive-column\">\n<div class=\"wp-block-genesis-blocks-gb-column gb-block-layout-column\"><div class=\"gb-block-layout-column-inner\">\n<p class=\"has-small-font-size\">La motorisation pour fen\u00eatres Portimex se compose d\u2019une motorisation \u00e0 broche de levage de l\u2019entreprise Hautau compl\u00e9t\u00e9e avec notre savoir-faire, les accessoires et le montage.<\/p>\n\n\n\n<p class=\"has-small-font-size\">La premi\u00e8re motorisation pour fen\u00eatres r\u00e9alis\u00e9e se trouve dans l\u2019objet Villa (voir les photos et la vid\u00e9o),\u00a0construite en style moderne d\u2019une maison d\u2019Appenzell. L\u00e0 il y a des fen\u00eatres et des volets roulants qui doivent ouvrir et fermer sans qu\u2019on voie une motorisation.<\/p>\n\n\n\n<p><strong><strong>Ce qu\u2019on exigeait des fen\u00eatres et des volets roulants :<\/strong><\/strong><\/p>\n\n\n\n<ul class=\"wp-block-list\">\n<li>Chaque fen\u00eatre se compose de trois \u00e9l\u00e9ments : une fen\u00eatre \u00e0 lever ext\u00e9rieure, le volet roulant au milieu et la fen\u00eatre \u00e0 lever int\u00e9rieure.<\/li>\n\n\n\n<li>Le mouvement des deux fen\u00eatres et du volet roulant doit \u00eatre synchrone, le volet ayant le trajet double.<\/li>\n\n\n\n<li>Il y a extr\u00eamement peu d\u2019espace pour la commande, la motorisation etc.<\/li>\n\n\n\n<li>Pilotage complexe par des capteurs m\u00e9t\u00e9o.<\/li>\n\n\n\n<li>La motorisation, la commande etc. ne doivent pas se voir.<\/li>\n<\/ul>\n\n\n\n<p class=\"has-small-font-size\"><strong>Avez-vous aussi un objet avec exigences individuelles ? Contactez-nous \u2013 nous vous conseillerons volontiers.<\/strong><\/p>\n\n\n\n<figure class=\"wp-block-video\"><video height=\"480\" style=\"aspect-ratio: 854 \/ 480;\" width=\"854\" controls src=\"https:\/\/www.portimex.com\/wp-content\/uploads\/2024\/05\/Fensterantrieb-Portimex.mp4\"><\/video><\/figure>\n<\/div><\/div>\n\n\n\n<div class=\"wp-block-genesis-blocks-gb-column gb-block-layout-column\"><div class=\"gb-block-layout-column-inner\">\n<div class=\"wp-block-uagb-image aligncenter uagb-block-389f9c55 wp-block-uagb-image--layout-default wp-block-uagb-image--effect-static wp-block-uagb-image--align-center\"><figure class=\"wp-block-uagb-image__figure\"><img decoding=\"async\" srcset=\"https:\/\/www.portimex.com\/wp-content\/uploads\/2024\/05\/Spindelantrieb-Fensterantrieb-300x300.jpg ,https:\/\/www.portimex.com\/wp-content\/uploads\/2024\/05\/Spindelantrieb-Fensterantrieb.jpg 780w, https:\/\/www.portimex.com\/wp-content\/uploads\/2024\/05\/Spindelantrieb-Fensterantrieb.jpg 360w\" sizes=\"auto, (max-width: 480px) 150px\" src=\"https:\/\/www.portimex.com\/wp-content\/uploads\/2024\/05\/Spindelantrieb-Fensterantrieb-300x300.jpg\" alt=\"\" class=\"uag-image-3565\" width=\"300\" height=\"300\" title=\"Spindelantrieb-Fensterantrieb\" loading=\"lazy\" role=\"img\"\/><\/figure><\/div>\n\n\n\n<div class=\"wp-block-uagb-image aligncenter uagb-block-9588946b wp-block-uagb-image--layout-default wp-block-uagb-image--effect-static wp-block-uagb-image--align-center\"><figure class=\"wp-block-uagb-image__figure\"><img decoding=\"async\" srcset=\"https:\/\/www.portimex.com\/wp-content\/uploads\/2024\/05\/Fenster-Antrieb-Sonderloesung-1.jpg ,https:\/\/www.portimex.com\/wp-content\/uploads\/2024\/05\/Fenster-Antrieb-Sonderloesung-1.jpg 780w, https:\/\/www.portimex.com\/wp-content\/uploads\/2024\/05\/Fenster-Antrieb-Sonderloesung-1.jpg 360w\" sizes=\"auto, (max-width: 480px) 150px\" src=\"https:\/\/www.portimex.com\/wp-content\/uploads\/2024\/05\/Fenster-Antrieb-Sonderloesung-1.jpg\" alt=\"\" class=\"uag-image-3567\" width=\"400\" height=\"800\" title=\"\u00f8;\" loading=\"lazy\" role=\"img\"\/><\/figure><\/div>\n\n\n\n<div class=\"wp-block-uagb-image aligncenter uagb-block-f5d2fc3e wp-block-uagb-image--layout-default wp-block-uagb-image--effect-static wp-block-uagb-image--align-center\"><figure class=\"wp-block-uagb-image__figure\"><img decoding=\"async\" srcset=\"https:\/\/www.portimex.com\/wp-content\/uploads\/2024\/05\/Fenster-Antrieb-Sonderloesung-Konstruktion.jpg ,https:\/\/www.portimex.com\/wp-content\/uploads\/2024\/05\/Fenster-Antrieb-Sonderloesung-Konstruktion.jpg 780w, https:\/\/www.portimex.com\/wp-content\/uploads\/2024\/05\/Fenster-Antrieb-Sonderloesung-Konstruktion.jpg 360w\" sizes=\"auto, (max-width: 480px) 150px\" src=\"https:\/\/www.portimex.com\/wp-content\/uploads\/2024\/05\/Fenster-Antrieb-Sonderloesung-Konstruktion.jpg\" alt=\"\" class=\"uag-image-3569\" width=\"400\" height=\"750\" title=\"\u00f8;\" loading=\"lazy\" role=\"img\"\/><\/figure><\/div>\n<\/div><\/div>\n<\/div><\/div>\n<\/div><\/div>\n<\/div><\/div>\n","protected":false},"excerpt":{"rendered":"","protected":false},"author":3,"featured_media":0,"parent":3968,"menu_order":0,"comment_status":"closed","ping_status":"closed","template":"","meta":{"_acf_changed":false,"_uag_custom_page_level_css":"","_genesis_hide_title":true,"_genesis_hide_breadcrumbs":false,"_genesis_hide_singular_image":false,"_genesis_hide_footer_widgets":false,"_genesis_custom_body_class":"","_genesis_custom_post_class":"","_genesis_layout":"","footnotes":""},"class_list":{"0":"post-4031","1":"page","2":"type-page","3":"status-publish","5":"entry"},"acf":[],"yoast_head":"<!-- This site is optimized with the Yoast SEO plugin v25.7 - https:\/\/yoast.com\/wordpress\/plugins\/seo\/ -->\n<title>Motorisation pour fen\u00eatres - Portimex<\/title>\n<meta name=\"robots\" content=\"index, follow, max-snippet:-1, max-image-preview:large, max-video-preview:-1\" \/>\n<link rel=\"canonical\" href=\"https:\/\/www.portimex.com\/fr\/produits\/motorisations-pour-portes-et-portails\/motorisation-fenetres\/\" \/>\n<meta property=\"og:locale\" content=\"fr_FR\" \/>\n<meta property=\"og:type\" content=\"article\" \/>\n<meta property=\"og:title\" content=\"Motorisation pour fen\u00eatres - Portimex\" \/>\n<meta property=\"og:url\" content=\"https:\/\/www.portimex.com\/fr\/produits\/motorisations-pour-portes-et-portails\/motorisation-fenetres\/\" \/>\n<meta property=\"og:site_name\" content=\"Portimex\" \/>\n<meta property=\"article:modified_time\" content=\"2024-06-12T10:21:20+00:00\" \/>\n<meta property=\"og:image\" content=\"https:\/\/www.portimex.com\/wp-content\/uploads\/2024\/05\/Spindelantrieb-Fensterantrieb-300x300.jpg\" \/>\n<meta name=\"twitter:card\" content=\"summary_large_image\" \/>\n<meta name=\"twitter:label1\" content=\"Est. reading time\" \/>\n\t<meta name=\"twitter:data1\" content=\"2 minutes\" \/>\n<script type=\"application\/ld+json\" class=\"yoast-schema-graph\">{\"@context\":\"https:\/\/schema.org\",\"@graph\":[{\"@type\":\"WebPage\",\"@id\":\"https:\/\/www.portimex.com\/fr\/produits\/motorisations-pour-portes-et-portails\/motorisation-fenetres\/\",\"url\":\"https:\/\/www.portimex.com\/fr\/produits\/motorisations-pour-portes-et-portails\/motorisation-fenetres\/\",\"name\":\"Motorisation pour fen\u00eatres - Portimex\",\"isPartOf\":{\"@id\":\"https:\/\/www.portimex.com\/#website\"},\"primaryImageOfPage\":{\"@id\":\"https:\/\/www.portimex.com\/fr\/produits\/motorisations-pour-portes-et-portails\/motorisation-fenetres\/#primaryimage\"},\"image\":{\"@id\":\"https:\/\/www.portimex.com\/fr\/produits\/motorisations-pour-portes-et-portails\/motorisation-fenetres\/#primaryimage\"},\"thumbnailUrl\":\"https:\/\/www.portimex.com\/wp-content\/uploads\/2024\/05\/Spindelantrieb-Fensterantrieb-300x300.jpg\",\"datePublished\":\"2024-05-15T12:32:02+00:00\",\"dateModified\":\"2024-06-12T10:21:20+00:00\",\"breadcrumb\":{\"@id\":\"https:\/\/www.portimex.com\/fr\/produits\/motorisations-pour-portes-et-portails\/motorisation-fenetres\/#breadcrumb\"},\"inLanguage\":\"fr-CH\",\"potentialAction\":[{\"@type\":\"ReadAction\",\"target\":[\"https:\/\/www.portimex.com\/fr\/produits\/motorisations-pour-portes-et-portails\/motorisation-fenetres\/\"]}]},{\"@type\":\"ImageObject\",\"inLanguage\":\"fr-CH\",\"@id\":\"https:\/\/www.portimex.com\/fr\/produits\/motorisations-pour-portes-et-portails\/motorisation-fenetres\/#primaryimage\",\"url\":\"https:\/\/www.portimex.com\/wp-content\/uploads\/2024\/05\/Spindelantrieb-Fensterantrieb-300x300.jpg\",\"contentUrl\":\"https:\/\/www.portimex.com\/wp-content\/uploads\/2024\/05\/Spindelantrieb-Fensterantrieb-300x300.jpg\"},{\"@type\":\"BreadcrumbList\",\"@id\":\"https:\/\/www.portimex.com\/fr\/produits\/motorisations-pour-portes-et-portails\/motorisation-fenetres\/#breadcrumb\",\"itemListElement\":[{\"@type\":\"ListItem\",\"position\":1,\"name\":\"Home\",\"item\":\"https:\/\/www.portimex.com\/fr\/\"},{\"@type\":\"ListItem\",\"position\":2,\"name\":\"Produits\",\"item\":\"https:\/\/www.portimex.com\/fr\/produits\/\"},{\"@type\":\"ListItem\",\"position\":3,\"name\":\"Motorisations pour portes et portails\",\"item\":\"https:\/\/www.portimex.com\/fr\/produits\/motorisations-pour-portes-et-portails\/\"},{\"@type\":\"ListItem\",\"position\":4,\"name\":\"Motorisation pour fen\u00eatres\"}]},{\"@type\":\"WebSite\",\"@id\":\"https:\/\/www.portimex.com\/#website\",\"url\":\"https:\/\/www.portimex.com\/\",\"name\":\"Portimex\",\"description\":\"\",\"publisher\":{\"@id\":\"https:\/\/www.portimex.com\/#organization\"},\"potentialAction\":[{\"@type\":\"SearchAction\",\"target\":{\"@type\":\"EntryPoint\",\"urlTemplate\":\"https:\/\/www.portimex.com\/?s={search_term_string}\"},\"query-input\":{\"@type\":\"PropertyValueSpecification\",\"valueRequired\":true,\"valueName\":\"search_term_string\"}}],\"inLanguage\":\"fr-CH\"},{\"@type\":\"Organization\",\"@id\":\"https:\/\/www.portimex.com\/#organization\",\"name\":\"Portimex\",\"url\":\"https:\/\/www.portimex.com\/\",\"logo\":{\"@type\":\"ImageObject\",\"inLanguage\":\"fr-CH\",\"@id\":\"https:\/\/www.portimex.com\/#\/schema\/logo\/image\/\",\"url\":\"https:\/\/www.portimex.com\/wp-content\/uploads\/2024\/05\/cropped-Portimex-Logo.jpg\",\"contentUrl\":\"https:\/\/www.portimex.com\/wp-content\/uploads\/2024\/05\/cropped-Portimex-Logo.jpg\",\"width\":198,\"height\":46,\"caption\":\"Portimex\"},\"image\":{\"@id\":\"https:\/\/www.portimex.com\/#\/schema\/logo\/image\/\"}}]}<\/script>\n<!-- \/ Yoast SEO plugin. -->","yoast_head_json":{"title":"Motorisation pour fen\u00eatres - Portimex","robots":{"index":"index","follow":"follow","max-snippet":"max-snippet:-1","max-image-preview":"max-image-preview:large","max-video-preview":"max-video-preview:-1"},"canonical":"https:\/\/www.portimex.com\/fr\/produits\/motorisations-pour-portes-et-portails\/motorisation-fenetres\/","og_locale":"fr_FR","og_type":"article","og_title":"Motorisation pour fen\u00eatres - Portimex","og_url":"https:\/\/www.portimex.com\/fr\/produits\/motorisations-pour-portes-et-portails\/motorisation-fenetres\/","og_site_name":"Portimex","article_modified_time":"2024-06-12T10:21:20+00:00","og_image":[{"url":"https:\/\/www.portimex.com\/wp-content\/uploads\/2024\/05\/Spindelantrieb-Fensterantrieb-300x300.jpg","type":"","width":"","height":""}],"twitter_card":"summary_large_image","twitter_misc":{"Est. reading time":"2 minutes"},"schema":{"@context":"https:\/\/schema.org","@graph":[{"@type":"WebPage","@id":"https:\/\/www.portimex.com\/fr\/produits\/motorisations-pour-portes-et-portails\/motorisation-fenetres\/","url":"https:\/\/www.portimex.com\/fr\/produits\/motorisations-pour-portes-et-portails\/motorisation-fenetres\/","name":"Motorisation pour fen\u00eatres - Portimex","isPartOf":{"@id":"https:\/\/www.portimex.com\/#website"},"primaryImageOfPage":{"@id":"https:\/\/www.portimex.com\/fr\/produits\/motorisations-pour-portes-et-portails\/motorisation-fenetres\/#primaryimage"},"image":{"@id":"https:\/\/www.portimex.com\/fr\/produits\/motorisations-pour-portes-et-portails\/motorisation-fenetres\/#primaryimage"},"thumbnailUrl":"https:\/\/www.portimex.com\/wp-content\/uploads\/2024\/05\/Spindelantrieb-Fensterantrieb-300x300.jpg","datePublished":"2024-05-15T12:32:02+00:00","dateModified":"2024-06-12T10:21:20+00:00","breadcrumb":{"@id":"https:\/\/www.portimex.com\/fr\/produits\/motorisations-pour-portes-et-portails\/motorisation-fenetres\/#breadcrumb"},"inLanguage":"fr-CH","potentialAction":[{"@type":"ReadAction","target":["https:\/\/www.portimex.com\/fr\/produits\/motorisations-pour-portes-et-portails\/motorisation-fenetres\/"]}]},{"@type":"ImageObject","inLanguage":"fr-CH","@id":"https:\/\/www.portimex.com\/fr\/produits\/motorisations-pour-portes-et-portails\/motorisation-fenetres\/#primaryimage","url":"https:\/\/www.portimex.com\/wp-content\/uploads\/2024\/05\/Spindelantrieb-Fensterantrieb-300x300.jpg","contentUrl":"https:\/\/www.portimex.com\/wp-content\/uploads\/2024\/05\/Spindelantrieb-Fensterantrieb-300x300.jpg"},{"@type":"BreadcrumbList","@id":"https:\/\/www.portimex.com\/fr\/produits\/motorisations-pour-portes-et-portails\/motorisation-fenetres\/#breadcrumb","itemListElement":[{"@type":"ListItem","position":1,"name":"Home","item":"https:\/\/www.portimex.com\/fr\/"},{"@type":"ListItem","position":2,"name":"Produits","item":"https:\/\/www.portimex.com\/fr\/produits\/"},{"@type":"ListItem","position":3,"name":"Motorisations pour portes et portails","item":"https:\/\/www.portimex.com\/fr\/produits\/motorisations-pour-portes-et-portails\/"},{"@type":"ListItem","position":4,"name":"Motorisation pour fen\u00eatres"}]},{"@type":"WebSite","@id":"https:\/\/www.portimex.com\/#website","url":"https:\/\/www.portimex.com\/","name":"Portimex","description":"","publisher":{"@id":"https:\/\/www.portimex.com\/#organization"},"potentialAction":[{"@type":"SearchAction","target":{"@type":"EntryPoint","urlTemplate":"https:\/\/www.portimex.com\/?s={search_term_string}"},"query-input":{"@type":"PropertyValueSpecification","valueRequired":true,"valueName":"search_term_string"}}],"inLanguage":"fr-CH"},{"@type":"Organization","@id":"https:\/\/www.portimex.com\/#organization","name":"Portimex","url":"https:\/\/www.portimex.com\/","logo":{"@type":"ImageObject","inLanguage":"fr-CH","@id":"https:\/\/www.portimex.com\/#\/schema\/logo\/image\/","url":"https:\/\/www.portimex.com\/wp-content\/uploads\/2024\/05\/cropped-Portimex-Logo.jpg","contentUrl":"https:\/\/www.portimex.com\/wp-content\/uploads\/2024\/05\/cropped-Portimex-Logo.jpg","width":198,"height":46,"caption":"Portimex"},"image":{"@id":"https:\/\/www.portimex.com\/#\/schema\/logo\/image\/"}}]}},"featured_image_src":null,"featured_image_src_square":null,"uagb_featured_image_src":{"full":false,"thumbnail":false,"medium":false,"medium_large":false,"large":false,"1536x1536":false,"2048x2048":false,"sidebar-featured":false,"genesis-singular-images":false,"gb-block-post-grid-landscape":false,"gb-block-post-grid-square":false},"uagb_author_info":{"display_name":"Tanja L.","author_link":"https:\/\/www.portimex.com\/fr\/author\/t-lang\/"},"uagb_comment_info":0,"uagb_excerpt":null,"_links":{"self":[{"href":"https:\/\/www.portimex.com\/fr\/wp-json\/wp\/v2\/pages\/4031","targetHints":{"allow":["GET"]}}],"collection":[{"href":"https:\/\/www.portimex.com\/fr\/wp-json\/wp\/v2\/pages"}],"about":[{"href":"https:\/\/www.portimex.com\/fr\/wp-json\/wp\/v2\/types\/page"}],"author":[{"embeddable":true,"href":"https:\/\/www.portimex.com\/fr\/wp-json\/wp\/v2\/users\/3"}],"replies":[{"embeddable":true,"href":"https:\/\/www.portimex.com\/fr\/wp-json\/wp\/v2\/comments?post=4031"}],"version-history":[{"count":2,"href":"https:\/\/www.portimex.com\/fr\/wp-json\/wp\/v2\/pages\/4031\/revisions"}],"predecessor-version":[{"id":4033,"href":"https:\/\/www.portimex.com\/fr\/wp-json\/wp\/v2\/pages\/4031\/revisions\/4033"}],"up":[{"embeddable":true,"href":"https:\/\/www.portimex.com\/fr\/wp-json\/wp\/v2\/pages\/3968"}],"wp:attachment":[{"href":"https:\/\/www.portimex.com\/fr\/wp-json\/wp\/v2\/media?parent=4031"}],"curies":[{"name":"wp","href":"https:\/\/api.w.org\/{rel}","templated":true}]}}