{"id":4022,"date":"2024-05-13T15:42:43","date_gmt":"2024-05-13T13:42:43","guid":{"rendered":"https:\/\/www.portimex.com\/?page_id=4022"},"modified":"2024-06-12T12:11:09","modified_gmt":"2024-06-12T10:11:09","slug":"barriere-automatique-ditec-qik","status":"publish","type":"page","link":"https:\/\/www.portimex.com\/fr\/produits\/motorisations-pour-portes-et-portails\/motorisations-pour-portes-et-portails-coulissants\/barriere-automatique-ditec-qik\/","title":{"rendered":"Barri\u00e8res automatiques Ditec QIK"},"content":{"rendered":"\n<div class=\"wp-block-genesis-blocks-gb-columns gb-layout-columns-1 one-column\"><div class=\"gb-layout-column-wrap gb-block-layout-column-gap-2 gb-is-responsive-column\">\n<div class=\"wp-block-genesis-blocks-gb-column gb-block-layout-column\"><div class=\"gb-block-layout-column-inner\"><div class=\"yoast-breadcrumbs\"><span><span><a href=\"https:\/\/www.portimex.com\/fr\/\">Home<\/a><\/span> \u00bb <span><a href=\"https:\/\/www.portimex.com\/fr\/produits\/\">Produits<\/a><\/span> \u00bb <span><a href=\"https:\/\/www.portimex.com\/fr\/produits\/motorisations-pour-portes-et-portails\/\">Motorisations pour portes et portails<\/a><\/span> \u00bb <span><a href=\"https:\/\/www.portimex.com\/fr\/produits\/motorisations-pour-portes-et-portails\/motorisations-pour-portes-et-portails-coulissants\/\">Motorisations pour portes et portails coulissants<\/a><\/span> \u00bb <span class=\"breadcrumb_last\" aria-current=\"page\">Barri\u00e8res automatiques Ditec QIK<\/span><\/span><\/div>\n\n\n<h1 class=\"wp-block-heading\" style=\"padding-top:var(--wp--preset--spacing--40);font-size:40px;text-transform:uppercase\">Ditec QIK &#8211; Barri\u00e8res automatiques jusqu&#8217;\u00e0 une largeur de blocage de 7,6 m<\/h1>\n\n\n\n<div class=\"wp-block-genesis-blocks-gb-columns gb-layout-columns-2 gb-2-col-wideleft\"><div class=\"gb-layout-column-wrap gb-block-layout-column-gap-2 gb-is-responsive-column\">\n<div class=\"wp-block-genesis-blocks-gb-column gb-block-layout-column\"><div class=\"gb-block-layout-column-inner\">\n<p class=\"has-small-font-size\">Les barri\u00e8res automatiques Ditec sont la solution optimale pour les h\u00f4tels, les complexes r\u00e9sidentiels et les espaces publics qui ont besoin d&#8217;un syst\u00e8me de contr\u00f4le d&#8217;acc\u00e8s s\u00fbr, efficace et fiable. Ils assurent un contr\u00f4le d&#8217;acc\u00e8s enti\u00e8rement s\u00e9curis\u00e9 pour les zones de passage moyennement fr\u00e9quent\u00e9es et sont compl\u00e9t\u00e9s par une large gamme d&#8217;accessoires offrant de nombreuses possibilit\u00e9s de commande et de surveillance.<\/p>\n\n\n\n<h3 class=\"wp-block-heading\">2 mod\u00e8les<\/h3>\n\n\n\n<ul class=\"wp-block-list\">\n<li>7EH: Lisse elliptique en aluminium pour des ouvertures comprises entre 1,3 m et 5,8 m<\/li>\n\n\n\n<li>80EH: Lisse ronde en aluminium pour des ouvertures jusqu\u2019\u00e0 7,6 m<\/li>\n<\/ul>\n\n\n\n<p class=\"has-small-font-size\">Ditec Qik est une barri\u00e8re automatique performante, synonyme de long\u00e9vit\u00e9 : elle a \u00e9t\u00e9 test\u00e9e pour<strong>\u00a0plus d&#8217;un million de cycles<\/strong>, poss\u00e8de une vitesse d&#8217;ouverture allant jusqu&#8217;\u00e0 2 secondes (ouverture \u00e0 90\u00b0) et s&#8217;int\u00e8gre parfaitement dans tout environnement.<\/p>\n\n\n\n<h3 class=\"wp-block-heading\">S\u00fbr<\/h3>\n\n\n\n<ul class=\"wp-block-list\">\n<li>Version 230 V AC \u00e0 3,5 m<\/li>\n\n\n\n<li>Version 24 V DC pour une dur\u00e9e de fonctionnement tr\u00e8s \u00e9lev\u00e9e &#8211; pour des passages jusqu&#8217;\u00e0 5,8 ou 7,6 m.<\/li>\n\n\n\n<li>Fonctionnement sur batterie possible<\/li>\n\n\n\n<li>Classe de r\u00e9sistance au vent : classe 5<\/li>\n<\/ul>\n\n\n\n<h3 class=\"wp-block-heading\">Polyvalent<\/h3>\n\n\n\n<p class=\"has-small-font-size\">La commande \u00e9lectronique int\u00e9gr\u00e9e dans le bo\u00eetier de la barri\u00e8re permet un r\u00e9glage pr\u00e9cis de la vitesse, ainsi que de la distance de freinage et de la vitesse d&#8217;approche lors de l&#8217;ouverture et de la fermeture.<\/p>\n\n\n\n<p><strong><strong>Possibilit\u00e9s d&#8217;accessoires :<\/strong><\/strong><\/p>\n\n\n\n<ul class=\"wp-block-list\">\n<li>Interrupteur \u00e0 cl\u00e9<\/li>\n\n\n\n<li>T\u00e9l\u00e9commande<\/li>\n\n\n\n<li>Lampe clignotante<\/li>\n\n\n\n<li>Barri\u00e8re lumineuse<\/li>\n\n\n\n<li>Fonction de batterie<\/li>\n<\/ul>\n<\/div><\/div>\n\n\n\n<div class=\"wp-block-genesis-blocks-gb-column gb-block-layout-column\"><div class=\"gb-block-layout-column-inner\">\n<div class=\"wp-block-uagb-image uagb-block-2d5ff150 wp-block-uagb-image--layout-default wp-block-uagb-image--effect-static wp-block-uagb-image--align-none\"><figure class=\"wp-block-uagb-image__figure\"><img decoding=\"async\" srcset=\"https:\/\/www.portimex.com\/wp-content\/uploads\/2024\/05\/Torschranke-Ditec.jpg ,https:\/\/www.portimex.com\/wp-content\/uploads\/2024\/05\/Torschranke-Ditec.jpg 780w, https:\/\/www.portimex.com\/wp-content\/uploads\/2024\/05\/Torschranke-Ditec.jpg 360w\" sizes=\"auto, (max-width: 480px) 150px\" src=\"https:\/\/www.portimex.com\/wp-content\/uploads\/2024\/05\/Torschranke-Ditec.jpg\" alt=\"\" class=\"uag-image-3533\" width=\"888\" height=\"510\" title=\"Torschranke-Ditec\" loading=\"lazy\" role=\"img\"\/><\/figure><\/div>\n\n\n\n<figure class=\"wp-block-video\"><video height=\"540\" style=\"aspect-ratio: 960 \/ 540;\" width=\"960\" controls src=\"https:\/\/www.portimex.com\/wp-content\/uploads\/2024\/05\/Ditec-QIK-Torschranke-web.mp4\"><\/video><\/figure>\n<\/div><\/div>\n<\/div><\/div>\n\n\n\n<div class=\"wp-block-genesis-blocks-gb-columns gb-layout-columns-1 one-column\"><div class=\"gb-layout-column-wrap gb-block-layout-column-gap-2 gb-is-responsive-column\">\n<div class=\"wp-block-genesis-blocks-gb-column gb-block-layout-column\"><div class=\"gb-block-layout-column-inner\">\n<h2 class=\"wp-block-heading has-large-font-size\">Exemple d&#8217;application<\/h2>\n\n\n\n<p>Dans la r\u00e9gion zurichoise, nous avons assur\u00e9 le service d&#8217;une barri\u00e8re automatique au fil des ans. La barri\u00e8re est l&#8217;acc\u00e8s \u00e0 une entreprise d&#8217;exportation d&#8217;automobiles. De nombreux v\u00e9hicules passent donc quotidiennement \u00e0 travers la barri\u00e8re.<\/p>\n\n\n\n<p>En 2021, un v\u00e9hicule a percut\u00e9 la barri\u00e8re et l&#8217;arbre de commande. L&#8217;unit\u00e9 compl\u00e8te a d\u00fb \u00eatre remplac\u00e9e.<\/p>\n\n\n\n<div class=\"wp-block-genesis-blocks-gb-columns gb-layout-columns-2 gb-2-col-equal\"><div class=\"gb-layout-column-wrap gb-block-layout-column-gap-2 gb-is-responsive-column\">\n<div class=\"wp-block-genesis-blocks-gb-column gb-block-layout-column\"><div class=\"gb-block-layout-column-inner\">\n<div class=\"wp-block-uagb-image uagb-block-1e7913cb wp-block-uagb-image--layout-default wp-block-uagb-image--effect-static wp-block-uagb-image--align-none\"><figure class=\"wp-block-uagb-image__figure\"><img decoding=\"async\" srcset=\"https:\/\/www.portimex.com\/wp-content\/uploads\/2024\/05\/Ditec-Schranke-Winter-1.jpg ,https:\/\/www.portimex.com\/wp-content\/uploads\/2024\/05\/Ditec-Schranke-Winter-1.jpg 780w, https:\/\/www.portimex.com\/wp-content\/uploads\/2024\/05\/Ditec-Schranke-Winter-1.jpg 360w\" sizes=\"auto, (max-width: 480px) 150px\" src=\"https:\/\/www.portimex.com\/wp-content\/uploads\/2024\/05\/Ditec-Schranke-Winter-1.jpg\" alt=\"\" class=\"uag-image-3539\" width=\"612\" height=\"295\" title=\"Ditec-Schranke-Winter-1\" loading=\"lazy\" role=\"img\"\/><figcaption class=\"uagb-image-caption\">Ancienne &#8211; a \u00e9galement fonctionn\u00e9 parfaitement par tous les temps<\/figcaption><\/figure><\/div>\n<\/div><\/div>\n\n\n\n<div class=\"wp-block-genesis-blocks-gb-column gb-block-layout-column\"><div class=\"gb-block-layout-column-inner\">\n<div class=\"wp-block-uagb-image uagb-block-6355d74b wp-block-uagb-image--layout-default wp-block-uagb-image--effect-static wp-block-uagb-image--align-none\"><figure class=\"wp-block-uagb-image__figure\"><img decoding=\"async\" srcset=\"https:\/\/www.portimex.com\/wp-content\/uploads\/2024\/05\/Ditec-Torschranke-Sommer.jpg ,https:\/\/www.portimex.com\/wp-content\/uploads\/2024\/05\/Ditec-Torschranke-Sommer.jpg 780w, https:\/\/www.portimex.com\/wp-content\/uploads\/2024\/05\/Ditec-Torschranke-Sommer.jpg 360w\" sizes=\"auto, (max-width: 480px) 150px\" src=\"https:\/\/www.portimex.com\/wp-content\/uploads\/2024\/05\/Ditec-Torschranke-Sommer.jpg\" alt=\"\" class=\"uag-image-3541\" width=\"737\" height=\"357\" title=\"Ditec-Torschranke-Sommer\" loading=\"lazy\" role=\"img\"\/><figcaption class=\"uagb-image-caption\">Nouveau<\/figcaption><\/figure><\/div>\n<\/div><\/div>\n<\/div><\/div>\n\n\n\n<h2 class=\"wp-block-heading has-large-font-size\">Caract\u00e9ristiques du produit &#8211; 7EH<\/h2>\n\n\n\n<div class=\"wp-block-uagb-image uagb-block-d98b3c72 wp-block-uagb-image--layout-default wp-block-uagb-image--effect-static wp-block-uagb-image--align-none\"><figure class=\"wp-block-uagb-image__figure\"><img decoding=\"async\" srcset=\"https:\/\/www.portimex.com\/wp-content\/uploads\/2024\/06\/Ditec-Qik-Barriere-automatique-7EH-.jpg ,https:\/\/www.portimex.com\/wp-content\/uploads\/2024\/06\/Ditec-Qik-Barriere-automatique-7EH-.jpg 780w, https:\/\/www.portimex.com\/wp-content\/uploads\/2024\/06\/Ditec-Qik-Barriere-automatique-7EH-.jpg 360w\" sizes=\"auto, (max-width: 480px) 150px\" src=\"https:\/\/www.portimex.com\/wp-content\/uploads\/2024\/06\/Ditec-Qik-Barriere-automatique-7EH-.jpg\" alt=\"\" class=\"uag-image-4023\" width=\"900\" height=\"428\" title=\"Ditec-Qik-Barriere-automatique-7EH-\" loading=\"lazy\" role=\"img\"\/><\/figure><\/div>\n\n\n\n<p>Caract\u00e9ristiques du produit &#8211; 80EH<\/p>\n\n\n\n<div class=\"wp-block-uagb-image uagb-block-c8fb0eba wp-block-uagb-image--layout-default wp-block-uagb-image--effect-static wp-block-uagb-image--align-none\"><figure class=\"wp-block-uagb-image__figure\"><img decoding=\"async\" srcset=\"https:\/\/www.portimex.com\/wp-content\/uploads\/2024\/06\/Ditec-Qik-Barriere-automatique-80EH-.jpg ,https:\/\/www.portimex.com\/wp-content\/uploads\/2024\/06\/Ditec-Qik-Barriere-automatique-80EH-.jpg 780w, https:\/\/www.portimex.com\/wp-content\/uploads\/2024\/06\/Ditec-Qik-Barriere-automatique-80EH-.jpg 360w\" sizes=\"auto, (max-width: 480px) 150px\" src=\"https:\/\/www.portimex.com\/wp-content\/uploads\/2024\/06\/Ditec-Qik-Barriere-automatique-80EH-.jpg\" alt=\"\" class=\"uag-image-4025\" width=\"900\" height=\"361\" title=\"Ditec-Qik-Barriere-automatique-80EH-\" loading=\"lazy\" role=\"img\"\/><\/figure><\/div>\n<\/div><\/div>\n<\/div><\/div>\n\n\n\n<div class=\"wp-block-genesis-blocks-gb-columns gb-layout-columns-1 one-column\"><div class=\"gb-layout-column-wrap gb-block-layout-column-gap-2 gb-is-responsive-column\">\n<div class=\"wp-block-genesis-blocks-gb-column gb-block-layout-column\"><div class=\"gb-block-layout-column-inner has-ci-quaternary-background-color\" style=\"padding-top:50px;padding-right:100px;padding-bottom:50px;padding-left:100px\">\n<h2 class=\"wp-block-heading has-large-font-size\" style=\"text-transform:uppercase\"><br><strong>Vous \u00eates int\u00e9ress\u00e9 par une barri\u00e8re automatique ?<\/strong><\/h2>\n\n\n\n<p class=\"has-medium-font-size\">Vous pouvez vous les procurer directement chez nous. Nous vous conseillons volontiers individuellement sur le mod\u00e8le le mieux adapt\u00e9 \u00e0 votre application.<\/p>\n\n\n\n<div class=\"wp-block-uagb-buttons uagb-buttons__outer-wrap uagb-btn__default-btn uagb-btn-tablet__default-btn uagb-btn-mobile__default-btn uagb-block-39eb0c0e\"><div class=\"uagb-buttons__wrap uagb-buttons-layout-wrap \">\n<div class=\"wp-block-uagb-buttons-child uagb-buttons__outer-wrap uagb-block-d206b251 wp-block-button\"><div class=\"uagb-button__wrapper\"><a class=\"uagb-buttons-repeater wp-block-button__link\" aria-label=\"\" href=\"https:\/\/www.portimex.com\/fr\/contact\/\" rel=\"follow noopener\" target=\"_self\" role=\"button\"><div class=\"uagb-button__link\">Contactez Nous<\/div><span class=\"uagb-button__icon uagb-button__icon-position-after\"><svg xmlns=\"https:\/\/www.w3.org\/2000\/svg\" viewBox=\"0 0 448 512\" aria-hidden=\"true\" focussable=\"false\"><path d=\"M438.6 278.6l-160 160C272.4 444.9 264.2 448 256 448s-16.38-3.125-22.62-9.375c-12.5-12.5-12.5-32.75 0-45.25L338.8 288H32C14.33 288 .0016 273.7 .0016 256S14.33 224 32 224h306.8l-105.4-105.4c-12.5-12.5-12.5-32.75 0-45.25s32.75-12.5 45.25 0l160 160C451.1 245.9 451.1 266.1 438.6 278.6z\"><\/path><\/svg><\/span><\/a><\/div><\/div>\n<\/div><\/div>\n<\/div><\/div>\n<\/div><\/div>\n<\/div><\/div>\n<\/div><\/div>\n","protected":false},"excerpt":{"rendered":"","protected":false},"author":3,"featured_media":0,"parent":3993,"menu_order":0,"comment_status":"closed","ping_status":"closed","template":"","meta":{"_acf_changed":false,"_uag_custom_page_level_css":"","_genesis_hide_title":true,"_genesis_hide_breadcrumbs":false,"_genesis_hide_singular_image":false,"_genesis_hide_footer_widgets":false,"_genesis_custom_body_class":"","_genesis_custom_post_class":"","_genesis_layout":"","footnotes":""},"class_list":{"0":"post-4022","1":"page","2":"type-page","3":"status-publish","5":"entry"},"acf":[],"yoast_head":"<!-- This site is optimized with the Yoast SEO plugin v25.7 - https:\/\/yoast.com\/wordpress\/plugins\/seo\/ -->\n<title>Barri\u00e8re automatique Ditec QIK - Portimex<\/title>\n<meta name=\"description\" content=\"Les barri\u00e8res automatiques Ditec sont un syst\u00e8me de contr\u00f4le d&#039;acc\u00e8s s\u00fbr, efficace et fiable. Ils assurent un contr\u00f4le d&#039;acc\u00e8s s\u00e9curis\u00e9.\" \/>\n<meta name=\"robots\" content=\"index, follow, max-snippet:-1, max-image-preview:large, max-video-preview:-1\" \/>\n<link rel=\"canonical\" href=\"https:\/\/www.portimex.com\/fr\/produits\/motorisations-pour-portes-et-portails\/motorisations-pour-portes-et-portails-coulissants\/barriere-automatique-ditec-qik\/\" \/>\n<meta property=\"og:locale\" content=\"fr_FR\" \/>\n<meta property=\"og:type\" content=\"article\" \/>\n<meta property=\"og:title\" content=\"Barri\u00e8re automatique Ditec QIK - Portimex\" \/>\n<meta property=\"og:description\" content=\"Les barri\u00e8res automatiques Ditec sont un syst\u00e8me de contr\u00f4le d&#039;acc\u00e8s s\u00fbr, efficace et fiable. Ils assurent un contr\u00f4le d&#039;acc\u00e8s s\u00e9curis\u00e9.\" \/>\n<meta property=\"og:url\" content=\"https:\/\/www.portimex.com\/fr\/produits\/motorisations-pour-portes-et-portails\/motorisations-pour-portes-et-portails-coulissants\/barriere-automatique-ditec-qik\/\" \/>\n<meta property=\"og:site_name\" content=\"Portimex\" \/>\n<meta property=\"article:modified_time\" content=\"2024-06-12T10:11:09+00:00\" \/>\n<meta property=\"og:image\" content=\"https:\/\/www.portimex.com\/wp-content\/uploads\/2024\/05\/Torschranke-Ditec.jpg\" \/>\n<meta name=\"twitter:card\" content=\"summary_large_image\" \/>\n<meta name=\"twitter:label1\" content=\"Est. reading time\" \/>\n\t<meta name=\"twitter:data1\" content=\"3 minutes\" \/>\n<script type=\"application\/ld+json\" class=\"yoast-schema-graph\">{\"@context\":\"https:\/\/schema.org\",\"@graph\":[{\"@type\":\"WebPage\",\"@id\":\"https:\/\/www.portimex.com\/fr\/produits\/motorisations-pour-portes-et-portails\/motorisations-pour-portes-et-portails-coulissants\/barriere-automatique-ditec-qik\/\",\"url\":\"https:\/\/www.portimex.com\/fr\/produits\/motorisations-pour-portes-et-portails\/motorisations-pour-portes-et-portails-coulissants\/barriere-automatique-ditec-qik\/\",\"name\":\"Barri\u00e8re automatique Ditec QIK - Portimex\",\"isPartOf\":{\"@id\":\"https:\/\/www.portimex.com\/#website\"},\"primaryImageOfPage\":{\"@id\":\"https:\/\/www.portimex.com\/fr\/produits\/motorisations-pour-portes-et-portails\/motorisations-pour-portes-et-portails-coulissants\/barriere-automatique-ditec-qik\/#primaryimage\"},\"image\":{\"@id\":\"https:\/\/www.portimex.com\/fr\/produits\/motorisations-pour-portes-et-portails\/motorisations-pour-portes-et-portails-coulissants\/barriere-automatique-ditec-qik\/#primaryimage\"},\"thumbnailUrl\":\"https:\/\/www.portimex.com\/wp-content\/uploads\/2024\/05\/Torschranke-Ditec.jpg\",\"datePublished\":\"2024-05-13T13:42:43+00:00\",\"dateModified\":\"2024-06-12T10:11:09+00:00\",\"description\":\"Les barri\u00e8res automatiques Ditec sont un syst\u00e8me de contr\u00f4le d'acc\u00e8s s\u00fbr, efficace et fiable. Ils assurent un contr\u00f4le d'acc\u00e8s s\u00e9curis\u00e9.\",\"breadcrumb\":{\"@id\":\"https:\/\/www.portimex.com\/fr\/produits\/motorisations-pour-portes-et-portails\/motorisations-pour-portes-et-portails-coulissants\/barriere-automatique-ditec-qik\/#breadcrumb\"},\"inLanguage\":\"fr-CH\",\"potentialAction\":[{\"@type\":\"ReadAction\",\"target\":[\"https:\/\/www.portimex.com\/fr\/produits\/motorisations-pour-portes-et-portails\/motorisations-pour-portes-et-portails-coulissants\/barriere-automatique-ditec-qik\/\"]}]},{\"@type\":\"ImageObject\",\"inLanguage\":\"fr-CH\",\"@id\":\"https:\/\/www.portimex.com\/fr\/produits\/motorisations-pour-portes-et-portails\/motorisations-pour-portes-et-portails-coulissants\/barriere-automatique-ditec-qik\/#primaryimage\",\"url\":\"https:\/\/www.portimex.com\/wp-content\/uploads\/2024\/05\/Torschranke-Ditec.jpg\",\"contentUrl\":\"https:\/\/www.portimex.com\/wp-content\/uploads\/2024\/05\/Torschranke-Ditec.jpg\"},{\"@type\":\"BreadcrumbList\",\"@id\":\"https:\/\/www.portimex.com\/fr\/produits\/motorisations-pour-portes-et-portails\/motorisations-pour-portes-et-portails-coulissants\/barriere-automatique-ditec-qik\/#breadcrumb\",\"itemListElement\":[{\"@type\":\"ListItem\",\"position\":1,\"name\":\"Home\",\"item\":\"https:\/\/www.portimex.com\/fr\/\"},{\"@type\":\"ListItem\",\"position\":2,\"name\":\"Produits\",\"item\":\"https:\/\/www.portimex.com\/fr\/produits\/\"},{\"@type\":\"ListItem\",\"position\":3,\"name\":\"Motorisations pour portes et portails\",\"item\":\"https:\/\/www.portimex.com\/fr\/produits\/motorisations-pour-portes-et-portails\/\"},{\"@type\":\"ListItem\",\"position\":4,\"name\":\"Motorisations pour portes et portails coulissants\",\"item\":\"https:\/\/www.portimex.com\/fr\/produits\/motorisations-pour-portes-et-portails\/motorisations-pour-portes-et-portails-coulissants\/\"},{\"@type\":\"ListItem\",\"position\":5,\"name\":\"Barri\u00e8res automatiques Ditec QIK\"}]},{\"@type\":\"WebSite\",\"@id\":\"https:\/\/www.portimex.com\/#website\",\"url\":\"https:\/\/www.portimex.com\/\",\"name\":\"Portimex\",\"description\":\"\",\"publisher\":{\"@id\":\"https:\/\/www.portimex.com\/#organization\"},\"potentialAction\":[{\"@type\":\"SearchAction\",\"target\":{\"@type\":\"EntryPoint\",\"urlTemplate\":\"https:\/\/www.portimex.com\/?s={search_term_string}\"},\"query-input\":{\"@type\":\"PropertyValueSpecification\",\"valueRequired\":true,\"valueName\":\"search_term_string\"}}],\"inLanguage\":\"fr-CH\"},{\"@type\":\"Organization\",\"@id\":\"https:\/\/www.portimex.com\/#organization\",\"name\":\"Portimex\",\"url\":\"https:\/\/www.portimex.com\/\",\"logo\":{\"@type\":\"ImageObject\",\"inLanguage\":\"fr-CH\",\"@id\":\"https:\/\/www.portimex.com\/#\/schema\/logo\/image\/\",\"url\":\"https:\/\/www.portimex.com\/wp-content\/uploads\/2024\/05\/cropped-Portimex-Logo.jpg\",\"contentUrl\":\"https:\/\/www.portimex.com\/wp-content\/uploads\/2024\/05\/cropped-Portimex-Logo.jpg\",\"width\":198,\"height\":46,\"caption\":\"Portimex\"},\"image\":{\"@id\":\"https:\/\/www.portimex.com\/#\/schema\/logo\/image\/\"}}]}<\/script>\n<!-- \/ Yoast SEO plugin. -->","yoast_head_json":{"title":"Barri\u00e8re automatique Ditec QIK - Portimex","description":"Les barri\u00e8res automatiques Ditec sont un syst\u00e8me de contr\u00f4le d'acc\u00e8s s\u00fbr, efficace et fiable. Ils assurent un contr\u00f4le d'acc\u00e8s s\u00e9curis\u00e9.","robots":{"index":"index","follow":"follow","max-snippet":"max-snippet:-1","max-image-preview":"max-image-preview:large","max-video-preview":"max-video-preview:-1"},"canonical":"https:\/\/www.portimex.com\/fr\/produits\/motorisations-pour-portes-et-portails\/motorisations-pour-portes-et-portails-coulissants\/barriere-automatique-ditec-qik\/","og_locale":"fr_FR","og_type":"article","og_title":"Barri\u00e8re automatique Ditec QIK - Portimex","og_description":"Les barri\u00e8res automatiques Ditec sont un syst\u00e8me de contr\u00f4le d'acc\u00e8s s\u00fbr, efficace et fiable. Ils assurent un contr\u00f4le d'acc\u00e8s s\u00e9curis\u00e9.","og_url":"https:\/\/www.portimex.com\/fr\/produits\/motorisations-pour-portes-et-portails\/motorisations-pour-portes-et-portails-coulissants\/barriere-automatique-ditec-qik\/","og_site_name":"Portimex","article_modified_time":"2024-06-12T10:11:09+00:00","og_image":[{"url":"https:\/\/www.portimex.com\/wp-content\/uploads\/2024\/05\/Torschranke-Ditec.jpg","type":"","width":"","height":""}],"twitter_card":"summary_large_image","twitter_misc":{"Est. reading time":"3 minutes"},"schema":{"@context":"https:\/\/schema.org","@graph":[{"@type":"WebPage","@id":"https:\/\/www.portimex.com\/fr\/produits\/motorisations-pour-portes-et-portails\/motorisations-pour-portes-et-portails-coulissants\/barriere-automatique-ditec-qik\/","url":"https:\/\/www.portimex.com\/fr\/produits\/motorisations-pour-portes-et-portails\/motorisations-pour-portes-et-portails-coulissants\/barriere-automatique-ditec-qik\/","name":"Barri\u00e8re automatique Ditec QIK - Portimex","isPartOf":{"@id":"https:\/\/www.portimex.com\/#website"},"primaryImageOfPage":{"@id":"https:\/\/www.portimex.com\/fr\/produits\/motorisations-pour-portes-et-portails\/motorisations-pour-portes-et-portails-coulissants\/barriere-automatique-ditec-qik\/#primaryimage"},"image":{"@id":"https:\/\/www.portimex.com\/fr\/produits\/motorisations-pour-portes-et-portails\/motorisations-pour-portes-et-portails-coulissants\/barriere-automatique-ditec-qik\/#primaryimage"},"thumbnailUrl":"https:\/\/www.portimex.com\/wp-content\/uploads\/2024\/05\/Torschranke-Ditec.jpg","datePublished":"2024-05-13T13:42:43+00:00","dateModified":"2024-06-12T10:11:09+00:00","description":"Les barri\u00e8res automatiques Ditec sont un syst\u00e8me de contr\u00f4le d'acc\u00e8s s\u00fbr, efficace et fiable. Ils assurent un contr\u00f4le d'acc\u00e8s s\u00e9curis\u00e9.","breadcrumb":{"@id":"https:\/\/www.portimex.com\/fr\/produits\/motorisations-pour-portes-et-portails\/motorisations-pour-portes-et-portails-coulissants\/barriere-automatique-ditec-qik\/#breadcrumb"},"inLanguage":"fr-CH","potentialAction":[{"@type":"ReadAction","target":["https:\/\/www.portimex.com\/fr\/produits\/motorisations-pour-portes-et-portails\/motorisations-pour-portes-et-portails-coulissants\/barriere-automatique-ditec-qik\/"]}]},{"@type":"ImageObject","inLanguage":"fr-CH","@id":"https:\/\/www.portimex.com\/fr\/produits\/motorisations-pour-portes-et-portails\/motorisations-pour-portes-et-portails-coulissants\/barriere-automatique-ditec-qik\/#primaryimage","url":"https:\/\/www.portimex.com\/wp-content\/uploads\/2024\/05\/Torschranke-Ditec.jpg","contentUrl":"https:\/\/www.portimex.com\/wp-content\/uploads\/2024\/05\/Torschranke-Ditec.jpg"},{"@type":"BreadcrumbList","@id":"https:\/\/www.portimex.com\/fr\/produits\/motorisations-pour-portes-et-portails\/motorisations-pour-portes-et-portails-coulissants\/barriere-automatique-ditec-qik\/#breadcrumb","itemListElement":[{"@type":"ListItem","position":1,"name":"Home","item":"https:\/\/www.portimex.com\/fr\/"},{"@type":"ListItem","position":2,"name":"Produits","item":"https:\/\/www.portimex.com\/fr\/produits\/"},{"@type":"ListItem","position":3,"name":"Motorisations pour portes et portails","item":"https:\/\/www.portimex.com\/fr\/produits\/motorisations-pour-portes-et-portails\/"},{"@type":"ListItem","position":4,"name":"Motorisations pour portes et portails coulissants","item":"https:\/\/www.portimex.com\/fr\/produits\/motorisations-pour-portes-et-portails\/motorisations-pour-portes-et-portails-coulissants\/"},{"@type":"ListItem","position":5,"name":"Barri\u00e8res automatiques Ditec QIK"}]},{"@type":"WebSite","@id":"https:\/\/www.portimex.com\/#website","url":"https:\/\/www.portimex.com\/","name":"Portimex","description":"","publisher":{"@id":"https:\/\/www.portimex.com\/#organization"},"potentialAction":[{"@type":"SearchAction","target":{"@type":"EntryPoint","urlTemplate":"https:\/\/www.portimex.com\/?s={search_term_string}"},"query-input":{"@type":"PropertyValueSpecification","valueRequired":true,"valueName":"search_term_string"}}],"inLanguage":"fr-CH"},{"@type":"Organization","@id":"https:\/\/www.portimex.com\/#organization","name":"Portimex","url":"https:\/\/www.portimex.com\/","logo":{"@type":"ImageObject","inLanguage":"fr-CH","@id":"https:\/\/www.portimex.com\/#\/schema\/logo\/image\/","url":"https:\/\/www.portimex.com\/wp-content\/uploads\/2024\/05\/cropped-Portimex-Logo.jpg","contentUrl":"https:\/\/www.portimex.com\/wp-content\/uploads\/2024\/05\/cropped-Portimex-Logo.jpg","width":198,"height":46,"caption":"Portimex"},"image":{"@id":"https:\/\/www.portimex.com\/#\/schema\/logo\/image\/"}}]}},"featured_image_src":null,"featured_image_src_square":null,"uagb_featured_image_src":{"full":false,"thumbnail":false,"medium":false,"medium_large":false,"large":false,"1536x1536":false,"2048x2048":false,"sidebar-featured":false,"genesis-singular-images":false,"gb-block-post-grid-landscape":false,"gb-block-post-grid-square":false},"uagb_author_info":{"display_name":"Tanja L.","author_link":"https:\/\/www.portimex.com\/fr\/author\/t-lang\/"},"uagb_comment_info":0,"uagb_excerpt":null,"_links":{"self":[{"href":"https:\/\/www.portimex.com\/fr\/wp-json\/wp\/v2\/pages\/4022","targetHints":{"allow":["GET"]}}],"collection":[{"href":"https:\/\/www.portimex.com\/fr\/wp-json\/wp\/v2\/pages"}],"about":[{"href":"https:\/\/www.portimex.com\/fr\/wp-json\/wp\/v2\/types\/page"}],"author":[{"embeddable":true,"href":"https:\/\/www.portimex.com\/fr\/wp-json\/wp\/v2\/users\/3"}],"replies":[{"embeddable":true,"href":"https:\/\/www.portimex.com\/fr\/wp-json\/wp\/v2\/comments?post=4022"}],"version-history":[{"count":3,"href":"https:\/\/www.portimex.com\/fr\/wp-json\/wp\/v2\/pages\/4022\/revisions"}],"predecessor-version":[{"id":4030,"href":"https:\/\/www.portimex.com\/fr\/wp-json\/wp\/v2\/pages\/4022\/revisions\/4030"}],"up":[{"embeddable":true,"href":"https:\/\/www.portimex.com\/fr\/wp-json\/wp\/v2\/pages\/3993"}],"wp:attachment":[{"href":"https:\/\/www.portimex.com\/fr\/wp-json\/wp\/v2\/media?parent=4022"}],"curies":[{"name":"wp","href":"https:\/\/api.w.org\/{rel}","templated":true}]}}