{"id":4016,"date":"2024-05-13T15:19:48","date_gmt":"2024-05-13T13:19:48","guid":{"rendered":"https:\/\/www.portimex.com\/?page_id=4016"},"modified":"2024-06-12T11:44:52","modified_gmt":"2024-06-12T09:44:52","slug":"systeme-ks-ks90","status":"publish","type":"page","link":"https:\/\/www.portimex.com\/fr\/produits\/motorisations-pour-portes-et-portails\/motorisations-pour-portes-et-portails-coulissants\/systeme-ks-ks90\/","title":{"rendered":"Le syst\u00e8me complet sur mesure KS \/ KS 90"},"content":{"rendered":"\n<div class=\"wp-block-genesis-blocks-gb-columns gb-layout-columns-1 one-column\"><div class=\"gb-layout-column-wrap gb-block-layout-column-gap-2 gb-is-responsive-column\">\n<div class=\"wp-block-genesis-blocks-gb-column gb-block-layout-column\"><div class=\"gb-block-layout-column-inner\"><div class=\"yoast-breadcrumbs\"><span><span><a href=\"https:\/\/www.portimex.com\/fr\/\">Home<\/a><\/span> \u00bb <span><a href=\"https:\/\/www.portimex.com\/fr\/produits\/\">Produits<\/a><\/span> \u00bb <span><a href=\"https:\/\/www.portimex.com\/fr\/produits\/motorisations-pour-portes-et-portails\/\">Motorisations pour portes et portails<\/a><\/span> \u00bb <span><a href=\"https:\/\/www.portimex.com\/fr\/produits\/motorisations-pour-portes-et-portails\/motorisations-pour-portes-et-portails-coulissants\/\">Motorisations pour portes et portails coulissants<\/a><\/span> \u00bb <span class=\"breadcrumb_last\" aria-current=\"page\">Le syst\u00e8me complet sur mesure KS \/ KS 90<\/span><\/span><\/div>\n\n\n<h1 class=\"wp-block-heading\" style=\"padding-top:var(--wp--preset--spacing--40);font-size:40px;text-transform:uppercase\">Le syst\u00e8me complet sur mesure KS \/ KS 90<\/h1>\n\n\n\n<h2 class=\"wp-block-heading has-large-font-size\"><strong>De la motorisation, en passant par le rail, jusqu&#8217;au chariot \u00e0 roulements<br>Pour les installations coupe-feu, de 1 \u00e0 2 vantaux, aussi possible pour portes t\u00e9lescopiques<\/strong><\/h2>\n\n\n\n<h2 class=\"wp-block-heading has-large-font-size\">Une solution \u00e9troite dans le rail<\/h2>\n\n\n\n<ul class=\"wp-block-list\">\n<li>Motorisation semi-automatique pour portes coulissantes coupe-feu jusqu&#8217;\u00e0 600 kg maxi<\/li>\n\n\n\n<li>Tous les composants sont install\u00e9s DANS le rail<\/li>\n\n\n\n<li>Avec une bande de recouvrement (brevet\u00e9e), aucune vie int\u00e9rieure du rail n&#8217;est visible lorsque la porte est ouverte<\/li>\n<\/ul>\n\n\n\n<div class=\"wp-block-genesis-blocks-gb-columns gb-layout-columns-2 gb-2-col-equal\"><div class=\"gb-layout-column-wrap gb-block-layout-column-gap-2 gb-is-responsive-column\">\n<div class=\"wp-block-genesis-blocks-gb-column gb-block-layout-column\"><div class=\"gb-block-layout-column-inner\">\n<p class=\"has-small-font-size\"><strong><strong>Propri\u00e9t\u00e9s :\u00a0<\/strong><\/strong><\/p>\n\n\n\n<ul class=\"wp-block-list\">\n<li>Syst\u00e8me de rail tr\u00e8s compact avec des chariots int\u00e9gr\u00e9s et \u00e0 roulement tr\u00e8s doux<\/li>\n\n\n\n<li>Dimensions ext\u00e9rieures du rail seulement 75 x 100 mm (hauteur x largeur)<\/li>\n\n\n\n<li>Transmission de puissance sans glissement avec une courroie crant\u00e9e tr\u00e8s r\u00e9sistante \u00e0 \u00e2me de c\u00e2ble en acier<\/li>\n\n\n\n<li>Syst\u00e8me totalement ferm\u00e9<\/li>\n\n\n\n<li>Peut \u00eatre maintenu ouvert \u00e0 tout moment<\/li>\n\n\n\n<li>Fermeture par contrepoids, donc ouverture toujours facile du vantail<\/li>\n<\/ul>\n<\/div><\/div>\n\n\n\n<div class=\"wp-block-genesis-blocks-gb-column gb-block-layout-column\"><div class=\"gb-block-layout-column-inner\">\n<p class=\"has-small-font-size\"><strong><strong>Inclus dans le kit<\/strong><\/strong>:<\/p>\n\n\n\n<ul class=\"wp-block-list\">\n<li>Rail 75 kit de base gauche ou droite, complet, avec rail de 6 m\u00e8tres<\/li>\n\n\n\n<li>C\u00e2ble en acier<\/li>\n\n\n\n<li>Manchon \u00e0 roue libre<\/li>\n\n\n\n<li>Protection contre sauter<\/li>\n\n\n\n<li>Rail de roulement<\/li>\n\n\n\n<li>Support de rouleau<\/li>\n\n\n\n<li>Poulie de c\u00e2ble en acier<\/li>\n\n\n\n<li>But\u00e9e<\/li>\n\n\n\n<li>sans contrepoids et DICTAMAT 570<\/li>\n\n\n\n<li>sans bande de recouvrement<\/li>\n<\/ul>\n<\/div><\/div>\n<\/div><\/div>\n\n\n\n<div class=\"wp-block-genesis-blocks-gb-columns gb-layout-columns-1 one-column\"><div class=\"gb-layout-column-wrap gb-block-layout-column-gap-2 gb-is-responsive-column\">\n<div class=\"wp-block-genesis-blocks-gb-column gb-block-layout-column\"><div class=\"gb-block-layout-column-inner\">\n<div class=\"wp-block-columns is-layout-flex wp-container-core-columns-is-layout-9d6595d7 wp-block-columns-is-layout-flex\">\n<div class=\"wp-block-column is-layout-flow wp-block-column-is-layout-flow\" style=\"flex-basis:100%\">\n<h2 class=\"wp-block-heading has-large-font-size\">Motorisation automatique de portes coulissantes coupe-feu OVER KS 90<\/h2>\n\n\n\n<div class=\"wp-block-genesis-blocks-gb-columns gb-layout-columns-2 gb-2-col-wideleft\"><div class=\"gb-layout-column-wrap gb-block-layout-column-gap-2 gb-is-responsive-column\">\n<div class=\"wp-block-genesis-blocks-gb-column gb-block-layout-column\"><div class=\"gb-block-layout-column-inner\">\n<p><strong><strong>Propri\u00e9t\u00e9s<\/strong><\/strong><\/p>\n\n\n\n<ul class=\"wp-block-list\">\n<li>Pour les portes coulissantes lourdes jusqu&#8217;\u00e0 300 kg maximum avec courroie crant\u00e9e de 16 mm<\/li>\n\n\n\n<li>Des solutions sp\u00e9ciales sont \u00e9galement possibles<\/li>\n\n\n\n<li>Si la motorisation n&#8217;a pas de place \u00e0 l&#8217;extr\u00e9mit\u00e9 du rail, une solution sp\u00e9ciale est \u00e9galement disponible (version 90\u00b0)<\/li>\n\n\n\n<li>La porte est toujours verrouill\u00e9e par un verrou \u00e9lectrom\u00e9canique, qui est lib\u00e9r\u00e9 par impulsion<\/li>\n\n\n\n<li>Un dispositif de d\u00e9verrouillage manuel est fourni, qu&#8217;on peut actionner en cas de panne de courant<\/li>\n<\/ul>\n\n\n\n<p><strong><strong>Vous recevez<\/strong><\/strong><\/p>\n\n\n\n<ul class=\"wp-block-list\">\n<li>Rail OVER kit de base gauche ou droite avec motorisation, commande Logic HE, alimentation de secours BATK2, verrou du vantail OKZ 17, d\u00e9tecteurs Primescans actif et de pr\u00e9sence<\/li>\n\n\n\n<li>Module de protection contre l&#8217;incendie FG4002-VARIO, 7 m\u00e8tres de courroie crant\u00e9e sp\u00e9ciale, 2 chariots (poids maxi du vantail 300 kg !)<\/li>\n\n\n\n<li>Bride de verrouillage<\/li>\n\n\n\n<li>Rail de roulement<\/li>\n\n\n\n<li>LOKSBM \u2013 d\u00e9blocage manuel suppl\u00e9mentaire<\/li>\n\n\n\n<li>OKZ17 \u2013 verrou du vantail<\/li>\n\n\n\n<li>Support pour OKZ17<\/li>\n<\/ul>\n\n\n\n<p><strong><strong>Pour la s\u00e9curit\u00e9 nous offrons :<\/strong><\/strong><\/p>\n\n\n\n<ul class=\"wp-block-list\">\n<li>D\u00e9tecteurs Primescans actif et de pr\u00e9sence<\/li>\n\n\n\n<li>Kit de c\u00e2bles sp\u00e9ciaux<\/li>\n<\/ul>\n<\/div><\/div>\n\n\n\n<div class=\"wp-block-genesis-blocks-gb-column gb-block-layout-column\"><div class=\"gb-block-layout-column-inner\">\n<div class=\"wp-block-uagb-image uagb-block-789d730d wp-block-uagb-image--layout-default wp-block-uagb-image--effect-static wp-block-uagb-image--align-none\"><figure class=\"wp-block-uagb-image__figure\"><img decoding=\"async\" srcset=\"https:\/\/www.portimex.com\/wp-content\/uploads\/2024\/05\/Schiebetorantrieb-mit-Holzfluegel.jpg ,https:\/\/www.portimex.com\/wp-content\/uploads\/2024\/05\/Schiebetorantrieb-mit-Holzfluegel.jpg 780w, https:\/\/www.portimex.com\/wp-content\/uploads\/2024\/05\/Schiebetorantrieb-mit-Holzfluegel.jpg 360w\" sizes=\"auto, (max-width: 480px) 150px\" src=\"https:\/\/www.portimex.com\/wp-content\/uploads\/2024\/05\/Schiebetorantrieb-mit-Holzfluegel.jpg\" alt=\"\" class=\"uag-image-3525\" width=\"900\" height=\"600\" title=\"Schiebetorantrieb-mit-Holzfluegel\" loading=\"lazy\" role=\"img\"\/><\/figure><\/div>\n<\/div><\/div>\n<\/div><\/div>\n<\/div>\n<\/div>\n\n\n\n<div class=\"wp-block-genesis-blocks-gb-columns gb-layout-columns-1 one-column\"><div class=\"gb-layout-column-wrap gb-block-layout-column-gap-2 gb-is-responsive-column\">\n<div class=\"wp-block-genesis-blocks-gb-column gb-block-layout-column\"><div class=\"gb-block-layout-column-inner\">\n<h2 class=\"wp-block-heading has-large-font-size\">Motorisation de porte coulissante semi-automatique avec fonction de roue libre<\/h2>\n\n\n\n<div class=\"wp-block-genesis-blocks-gb-columns gb-layout-columns-2 gb-2-col-wideleft\"><div class=\"gb-layout-column-wrap gb-block-layout-column-gap-2 gb-is-responsive-column\">\n<div class=\"wp-block-genesis-blocks-gb-column gb-block-layout-column\"><div class=\"gb-block-layout-column-inner\">\n<p class=\"has-small-font-size\">Avec amortisseur radial (brevet Dictator), enrouleur et ventouse \u00e9lectromagn\u00e9tique = la but\u00e9e est r\u00e9glable et amortit l&#8217;ouverture du portail coulissant. Si n\u00e9cessaire, il est possible d&#8217;augmenter la force de fermeture.<\/p>\n\n\n\n<p><strong><strong>Vous recevez :<\/strong><\/strong><\/p>\n\n\n\n<ul class=\"wp-block-list\">\n<li>Rail avec rail de roulement de 6 m\u00e8tres<br>sans contrepoids \/ chariot complet<br>Chariot d&#8217;amortissement \/ arr\u00eat<br>D\u00e9viation du c\u00e2ble\/ support arri\u00e8re<br>Bouchon d&#8217;incendie\/ plaque de recouvrement<br>Support de la poulie de renvoi<\/li>\n\n\n\n<li>C\u00e2ble en acier<\/li>\n\n\n\n<li>Enrouleur 160 N<\/li>\n\n\n\n<li>Rail sur mesure<\/li>\n\n\n\n<li>Bouton de d\u00e9clenchement manuel<\/li>\n<\/ul>\n<\/div><\/div>\n\n\n\n<div class=\"wp-block-genesis-blocks-gb-column gb-block-layout-column\"><div class=\"gb-block-layout-column-inner\">\n<div class=\"wp-block-uagb-image uagb-block-0bb47f9d wp-block-uagb-image--layout-default wp-block-uagb-image--effect-static wp-block-uagb-image--align-none\"><figure class=\"wp-block-uagb-image__figure\"><img decoding=\"async\" srcset=\"https:\/\/www.portimex.com\/wp-content\/uploads\/2024\/05\/Schiene-hinten-mit-Booster.jpg ,https:\/\/www.portimex.com\/wp-content\/uploads\/2024\/05\/Schiene-hinten-mit-Booster.jpg 780w, https:\/\/www.portimex.com\/wp-content\/uploads\/2024\/05\/Schiene-hinten-mit-Booster.jpg 360w\" sizes=\"auto, (max-width: 480px) 150px\" src=\"https:\/\/www.portimex.com\/wp-content\/uploads\/2024\/05\/Schiene-hinten-mit-Booster.jpg\" alt=\"\" class=\"uag-image-3527\" width=\"900\" height=\"600\" title=\"Schiene-hinten-mit-Booster\" loading=\"lazy\" role=\"img\"\/><\/figure><\/div>\n<\/div><\/div>\n<\/div><\/div>\n<\/div><\/div>\n<\/div><\/div>\n<\/div><\/div>\n<\/div><\/div>\n<\/div><\/div>\n<\/div><\/div>\n","protected":false},"excerpt":{"rendered":"","protected":false},"author":3,"featured_media":0,"parent":3993,"menu_order":0,"comment_status":"closed","ping_status":"closed","template":"","meta":{"_acf_changed":false,"_uag_custom_page_level_css":"","_genesis_hide_title":true,"_genesis_hide_breadcrumbs":false,"_genesis_hide_singular_image":false,"_genesis_hide_footer_widgets":false,"_genesis_custom_body_class":"","_genesis_custom_post_class":"","_genesis_layout":"","footnotes":""},"class_list":{"0":"post-4016","1":"page","2":"type-page","3":"status-publish","5":"entry"},"acf":[],"yoast_head":"<!-- This site is optimized with the Yoast SEO plugin v25.7 - https:\/\/yoast.com\/wordpress\/plugins\/seo\/ -->\n<title>Le syst\u00e8me complet sur mesure KS \/ KS 90 - Portimex<\/title>\n<meta name=\"robots\" content=\"index, follow, max-snippet:-1, max-image-preview:large, max-video-preview:-1\" \/>\n<link rel=\"canonical\" href=\"https:\/\/www.portimex.com\/fr\/produits\/motorisations-pour-portes-et-portails\/motorisations-pour-portes-et-portails-coulissants\/systeme-ks-ks90\/\" \/>\n<meta property=\"og:locale\" content=\"fr_FR\" \/>\n<meta property=\"og:type\" content=\"article\" \/>\n<meta property=\"og:title\" content=\"Le syst\u00e8me complet sur mesure KS \/ KS 90 - Portimex\" \/>\n<meta property=\"og:url\" content=\"https:\/\/www.portimex.com\/fr\/produits\/motorisations-pour-portes-et-portails\/motorisations-pour-portes-et-portails-coulissants\/systeme-ks-ks90\/\" \/>\n<meta property=\"og:site_name\" content=\"Portimex\" \/>\n<meta property=\"article:modified_time\" content=\"2024-06-12T09:44:52+00:00\" \/>\n<meta property=\"og:image\" content=\"https:\/\/www.portimex.com\/wp-content\/uploads\/2024\/05\/Schiebetorantrieb-mit-Holzfluegel.jpg\" \/>\n<meta name=\"twitter:card\" content=\"summary_large_image\" \/>\n<meta name=\"twitter:label1\" content=\"Est. reading time\" \/>\n\t<meta name=\"twitter:data1\" content=\"3 minutes\" \/>\n<script type=\"application\/ld+json\" class=\"yoast-schema-graph\">{\"@context\":\"https:\/\/schema.org\",\"@graph\":[{\"@type\":\"WebPage\",\"@id\":\"https:\/\/www.portimex.com\/fr\/produits\/motorisations-pour-portes-et-portails\/motorisations-pour-portes-et-portails-coulissants\/systeme-ks-ks90\/\",\"url\":\"https:\/\/www.portimex.com\/fr\/produits\/motorisations-pour-portes-et-portails\/motorisations-pour-portes-et-portails-coulissants\/systeme-ks-ks90\/\",\"name\":\"Le syst\u00e8me complet sur mesure KS \/ KS 90 - Portimex\",\"isPartOf\":{\"@id\":\"https:\/\/www.portimex.com\/#website\"},\"primaryImageOfPage\":{\"@id\":\"https:\/\/www.portimex.com\/fr\/produits\/motorisations-pour-portes-et-portails\/motorisations-pour-portes-et-portails-coulissants\/systeme-ks-ks90\/#primaryimage\"},\"image\":{\"@id\":\"https:\/\/www.portimex.com\/fr\/produits\/motorisations-pour-portes-et-portails\/motorisations-pour-portes-et-portails-coulissants\/systeme-ks-ks90\/#primaryimage\"},\"thumbnailUrl\":\"https:\/\/www.portimex.com\/wp-content\/uploads\/2024\/05\/Schiebetorantrieb-mit-Holzfluegel.jpg\",\"datePublished\":\"2024-05-13T13:19:48+00:00\",\"dateModified\":\"2024-06-12T09:44:52+00:00\",\"breadcrumb\":{\"@id\":\"https:\/\/www.portimex.com\/fr\/produits\/motorisations-pour-portes-et-portails\/motorisations-pour-portes-et-portails-coulissants\/systeme-ks-ks90\/#breadcrumb\"},\"inLanguage\":\"fr-CH\",\"potentialAction\":[{\"@type\":\"ReadAction\",\"target\":[\"https:\/\/www.portimex.com\/fr\/produits\/motorisations-pour-portes-et-portails\/motorisations-pour-portes-et-portails-coulissants\/systeme-ks-ks90\/\"]}]},{\"@type\":\"ImageObject\",\"inLanguage\":\"fr-CH\",\"@id\":\"https:\/\/www.portimex.com\/fr\/produits\/motorisations-pour-portes-et-portails\/motorisations-pour-portes-et-portails-coulissants\/systeme-ks-ks90\/#primaryimage\",\"url\":\"https:\/\/www.portimex.com\/wp-content\/uploads\/2024\/05\/Schiebetorantrieb-mit-Holzfluegel.jpg\",\"contentUrl\":\"https:\/\/www.portimex.com\/wp-content\/uploads\/2024\/05\/Schiebetorantrieb-mit-Holzfluegel.jpg\"},{\"@type\":\"BreadcrumbList\",\"@id\":\"https:\/\/www.portimex.com\/fr\/produits\/motorisations-pour-portes-et-portails\/motorisations-pour-portes-et-portails-coulissants\/systeme-ks-ks90\/#breadcrumb\",\"itemListElement\":[{\"@type\":\"ListItem\",\"position\":1,\"name\":\"Home\",\"item\":\"https:\/\/www.portimex.com\/fr\/\"},{\"@type\":\"ListItem\",\"position\":2,\"name\":\"Produits\",\"item\":\"https:\/\/www.portimex.com\/fr\/produits\/\"},{\"@type\":\"ListItem\",\"position\":3,\"name\":\"Motorisations pour portes et portails\",\"item\":\"https:\/\/www.portimex.com\/fr\/produits\/motorisations-pour-portes-et-portails\/\"},{\"@type\":\"ListItem\",\"position\":4,\"name\":\"Motorisations pour portes et portails coulissants\",\"item\":\"https:\/\/www.portimex.com\/fr\/produits\/motorisations-pour-portes-et-portails\/motorisations-pour-portes-et-portails-coulissants\/\"},{\"@type\":\"ListItem\",\"position\":5,\"name\":\"Le syst\u00e8me complet sur mesure KS \/ KS 90\"}]},{\"@type\":\"WebSite\",\"@id\":\"https:\/\/www.portimex.com\/#website\",\"url\":\"https:\/\/www.portimex.com\/\",\"name\":\"Portimex\",\"description\":\"\",\"publisher\":{\"@id\":\"https:\/\/www.portimex.com\/#organization\"},\"potentialAction\":[{\"@type\":\"SearchAction\",\"target\":{\"@type\":\"EntryPoint\",\"urlTemplate\":\"https:\/\/www.portimex.com\/?s={search_term_string}\"},\"query-input\":{\"@type\":\"PropertyValueSpecification\",\"valueRequired\":true,\"valueName\":\"search_term_string\"}}],\"inLanguage\":\"fr-CH\"},{\"@type\":\"Organization\",\"@id\":\"https:\/\/www.portimex.com\/#organization\",\"name\":\"Portimex\",\"url\":\"https:\/\/www.portimex.com\/\",\"logo\":{\"@type\":\"ImageObject\",\"inLanguage\":\"fr-CH\",\"@id\":\"https:\/\/www.portimex.com\/#\/schema\/logo\/image\/\",\"url\":\"https:\/\/www.portimex.com\/wp-content\/uploads\/2024\/05\/cropped-Portimex-Logo.jpg\",\"contentUrl\":\"https:\/\/www.portimex.com\/wp-content\/uploads\/2024\/05\/cropped-Portimex-Logo.jpg\",\"width\":198,\"height\":46,\"caption\":\"Portimex\"},\"image\":{\"@id\":\"https:\/\/www.portimex.com\/#\/schema\/logo\/image\/\"}}]}<\/script>\n<!-- \/ Yoast SEO plugin. -->","yoast_head_json":{"title":"Le syst\u00e8me complet sur mesure KS \/ KS 90 - Portimex","robots":{"index":"index","follow":"follow","max-snippet":"max-snippet:-1","max-image-preview":"max-image-preview:large","max-video-preview":"max-video-preview:-1"},"canonical":"https:\/\/www.portimex.com\/fr\/produits\/motorisations-pour-portes-et-portails\/motorisations-pour-portes-et-portails-coulissants\/systeme-ks-ks90\/","og_locale":"fr_FR","og_type":"article","og_title":"Le syst\u00e8me complet sur mesure KS \/ KS 90 - Portimex","og_url":"https:\/\/www.portimex.com\/fr\/produits\/motorisations-pour-portes-et-portails\/motorisations-pour-portes-et-portails-coulissants\/systeme-ks-ks90\/","og_site_name":"Portimex","article_modified_time":"2024-06-12T09:44:52+00:00","og_image":[{"url":"https:\/\/www.portimex.com\/wp-content\/uploads\/2024\/05\/Schiebetorantrieb-mit-Holzfluegel.jpg","type":"","width":"","height":""}],"twitter_card":"summary_large_image","twitter_misc":{"Est. reading time":"3 minutes"},"schema":{"@context":"https:\/\/schema.org","@graph":[{"@type":"WebPage","@id":"https:\/\/www.portimex.com\/fr\/produits\/motorisations-pour-portes-et-portails\/motorisations-pour-portes-et-portails-coulissants\/systeme-ks-ks90\/","url":"https:\/\/www.portimex.com\/fr\/produits\/motorisations-pour-portes-et-portails\/motorisations-pour-portes-et-portails-coulissants\/systeme-ks-ks90\/","name":"Le syst\u00e8me complet sur mesure KS \/ KS 90 - Portimex","isPartOf":{"@id":"https:\/\/www.portimex.com\/#website"},"primaryImageOfPage":{"@id":"https:\/\/www.portimex.com\/fr\/produits\/motorisations-pour-portes-et-portails\/motorisations-pour-portes-et-portails-coulissants\/systeme-ks-ks90\/#primaryimage"},"image":{"@id":"https:\/\/www.portimex.com\/fr\/produits\/motorisations-pour-portes-et-portails\/motorisations-pour-portes-et-portails-coulissants\/systeme-ks-ks90\/#primaryimage"},"thumbnailUrl":"https:\/\/www.portimex.com\/wp-content\/uploads\/2024\/05\/Schiebetorantrieb-mit-Holzfluegel.jpg","datePublished":"2024-05-13T13:19:48+00:00","dateModified":"2024-06-12T09:44:52+00:00","breadcrumb":{"@id":"https:\/\/www.portimex.com\/fr\/produits\/motorisations-pour-portes-et-portails\/motorisations-pour-portes-et-portails-coulissants\/systeme-ks-ks90\/#breadcrumb"},"inLanguage":"fr-CH","potentialAction":[{"@type":"ReadAction","target":["https:\/\/www.portimex.com\/fr\/produits\/motorisations-pour-portes-et-portails\/motorisations-pour-portes-et-portails-coulissants\/systeme-ks-ks90\/"]}]},{"@type":"ImageObject","inLanguage":"fr-CH","@id":"https:\/\/www.portimex.com\/fr\/produits\/motorisations-pour-portes-et-portails\/motorisations-pour-portes-et-portails-coulissants\/systeme-ks-ks90\/#primaryimage","url":"https:\/\/www.portimex.com\/wp-content\/uploads\/2024\/05\/Schiebetorantrieb-mit-Holzfluegel.jpg","contentUrl":"https:\/\/www.portimex.com\/wp-content\/uploads\/2024\/05\/Schiebetorantrieb-mit-Holzfluegel.jpg"},{"@type":"BreadcrumbList","@id":"https:\/\/www.portimex.com\/fr\/produits\/motorisations-pour-portes-et-portails\/motorisations-pour-portes-et-portails-coulissants\/systeme-ks-ks90\/#breadcrumb","itemListElement":[{"@type":"ListItem","position":1,"name":"Home","item":"https:\/\/www.portimex.com\/fr\/"},{"@type":"ListItem","position":2,"name":"Produits","item":"https:\/\/www.portimex.com\/fr\/produits\/"},{"@type":"ListItem","position":3,"name":"Motorisations pour portes et portails","item":"https:\/\/www.portimex.com\/fr\/produits\/motorisations-pour-portes-et-portails\/"},{"@type":"ListItem","position":4,"name":"Motorisations pour portes et portails coulissants","item":"https:\/\/www.portimex.com\/fr\/produits\/motorisations-pour-portes-et-portails\/motorisations-pour-portes-et-portails-coulissants\/"},{"@type":"ListItem","position":5,"name":"Le syst\u00e8me complet sur mesure KS \/ KS 90"}]},{"@type":"WebSite","@id":"https:\/\/www.portimex.com\/#website","url":"https:\/\/www.portimex.com\/","name":"Portimex","description":"","publisher":{"@id":"https:\/\/www.portimex.com\/#organization"},"potentialAction":[{"@type":"SearchAction","target":{"@type":"EntryPoint","urlTemplate":"https:\/\/www.portimex.com\/?s={search_term_string}"},"query-input":{"@type":"PropertyValueSpecification","valueRequired":true,"valueName":"search_term_string"}}],"inLanguage":"fr-CH"},{"@type":"Organization","@id":"https:\/\/www.portimex.com\/#organization","name":"Portimex","url":"https:\/\/www.portimex.com\/","logo":{"@type":"ImageObject","inLanguage":"fr-CH","@id":"https:\/\/www.portimex.com\/#\/schema\/logo\/image\/","url":"https:\/\/www.portimex.com\/wp-content\/uploads\/2024\/05\/cropped-Portimex-Logo.jpg","contentUrl":"https:\/\/www.portimex.com\/wp-content\/uploads\/2024\/05\/cropped-Portimex-Logo.jpg","width":198,"height":46,"caption":"Portimex"},"image":{"@id":"https:\/\/www.portimex.com\/#\/schema\/logo\/image\/"}}]}},"featured_image_src":null,"featured_image_src_square":null,"uagb_featured_image_src":{"full":false,"thumbnail":false,"medium":false,"medium_large":false,"large":false,"1536x1536":false,"2048x2048":false,"sidebar-featured":false,"genesis-singular-images":false,"gb-block-post-grid-landscape":false,"gb-block-post-grid-square":false},"uagb_author_info":{"display_name":"Tanja L.","author_link":"https:\/\/www.portimex.com\/fr\/author\/t-lang\/"},"uagb_comment_info":0,"uagb_excerpt":null,"_links":{"self":[{"href":"https:\/\/www.portimex.com\/fr\/wp-json\/wp\/v2\/pages\/4016","targetHints":{"allow":["GET"]}}],"collection":[{"href":"https:\/\/www.portimex.com\/fr\/wp-json\/wp\/v2\/pages"}],"about":[{"href":"https:\/\/www.portimex.com\/fr\/wp-json\/wp\/v2\/types\/page"}],"author":[{"embeddable":true,"href":"https:\/\/www.portimex.com\/fr\/wp-json\/wp\/v2\/users\/3"}],"replies":[{"embeddable":true,"href":"https:\/\/www.portimex.com\/fr\/wp-json\/wp\/v2\/comments?post=4016"}],"version-history":[{"count":3,"href":"https:\/\/www.portimex.com\/fr\/wp-json\/wp\/v2\/pages\/4016\/revisions"}],"predecessor-version":[{"id":4021,"href":"https:\/\/www.portimex.com\/fr\/wp-json\/wp\/v2\/pages\/4016\/revisions\/4021"}],"up":[{"embeddable":true,"href":"https:\/\/www.portimex.com\/fr\/wp-json\/wp\/v2\/pages\/3993"}],"wp:attachment":[{"href":"https:\/\/www.portimex.com\/fr\/wp-json\/wp\/v2\/media?parent=4016"}],"curies":[{"name":"wp","href":"https:\/\/api.w.org\/{rel}","templated":true}]}}