{"id":3964,"date":"2023-12-13T12:17:55","date_gmt":"2023-12-13T11:17:55","guid":{"rendered":"https:\/\/www.portimex.com\/?page_id=3964"},"modified":"2025-08-19T09:51:39","modified_gmt":"2025-08-19T07:51:39","slug":"amortisseurs-hydrauliques","status":"publish","type":"page","link":"https:\/\/www.portimex.com\/fr\/produits\/amortisseurs-hydrauliques\/","title":{"rendered":"Amortisseurs hydrauliques"},"content":{"rendered":"\n<div class=\"wp-block-genesis-blocks-gb-columns gb-layout-columns-1 one-column\"><div class=\"gb-layout-column-wrap gb-block-layout-column-gap-2 gb-is-responsive-column\">\n<div class=\"wp-block-genesis-blocks-gb-column gb-block-layout-column\"><div class=\"gb-block-layout-column-inner\"><div class=\"yoast-breadcrumbs\"><span><span><a href=\"https:\/\/www.portimex.com\/fr\/\">Home<\/a><\/span> \u00bb <span><a href=\"https:\/\/www.portimex.com\/fr\/produits\/\">Produits<\/a><\/span> \u00bb <span class=\"breadcrumb_last\" aria-current=\"page\">Amortisseurs hydrauliques<\/span><\/span><\/div>\n\n\n<h1 class=\"wp-block-heading\" style=\"padding-top:var(--wp--preset--spacing--40);font-size:40px;text-transform:uppercase\">Amortisseurs hydrauliques<\/h1>\n\n\n\n<p>D\u2019une part les amortisseurs hydrauliques DICTATOR comprennent une grande vari\u00e9t\u00e9 d\u2019amortisseurs lin\u00e9aires, comme des amortisseurs de fin de course, des amortisseurs en montage fixe ou des amortisseurs de grande capacit\u00e9.&nbsp;D\u2019autre part, DICTATOR offre une palette \u00e9tendue d\u2019amortisseurs radiaux.&nbsp;En plus de la grande gamme standard, nous fabriquons des amortisseurs selon les exigences des clients, aussi \u00e0 l\u2019unit\u00e9.<\/p>\n\n\n\n<div class=\"wp-block-uagb-container uagb-layout-grid uagb-block-c42f61f0 alignfull uagb-is-root-container\"><div class=\"uagb-container-inner-blocks-wrap\">\n<div class=\"wp-block-uagb-container uagb-block-f508e74d default uagb-is-root-container\">\n<div class=\"wp-block-uagb-image aligncenter uagb-block-84be7e69 wp-block-uagb-image--layout-default wp-block-uagb-image--effect-static wp-block-uagb-image--align-center\"><figure class=\"wp-block-uagb-image__figure\"><a class=\"\" href=\"https:\/\/fr.dictator.de\/produits\/amortisseurs-hydrauliques\/amortisseurs-de-fin-de-course\/\" target=\"_blank\" rel=\"noreferrer noopener\"><img decoding=\"async\" srcset=\"https:\/\/www.portimex.com\/wp-content\/uploads\/2024\/04\/Endlagendaempfer.jpg ,https:\/\/www.portimex.com\/wp-content\/uploads\/2024\/04\/Endlagendaempfer.jpg 780w, https:\/\/www.portimex.com\/wp-content\/uploads\/2024\/04\/Endlagendaempfer.jpg 360w\" sizes=\"auto, (max-width: 480px) 150px\" src=\"https:\/\/www.portimex.com\/wp-content\/uploads\/2024\/04\/Endlagendaempfer.jpg\" alt=\"\" class=\"uag-image-2792\" width=\"200\" height=\"200\" title=\"Endlagendaempfer\" loading=\"lazy\" role=\"img\"\/><\/a><\/figure><\/div>\n\n\n\n<div class=\"wp-block-uagb-advanced-heading uagb-block-0a89bec5\"><h4 class=\"uagb-heading-text\"><strong>Amortisseurs de fin de course<\/strong><\/h4><\/div>\n\n\n\n<p class=\"has-small-font-size\">Les amortisseurs de fin de course DICTATOR travaillent d\u2019un ou de deux c\u00f4t\u00e9s. A c\u00f4t\u00e9 de la gamme extr\u00eamement grande des amortisseurs standard, nous concevons et fabriquons aussi des amortisseurs selon les exigences des clients \u2013 bien s\u00fbr aussi des petites quantit\u00e9s ou m\u00eame \u00e0 l\u2019unit\u00e9.<\/p>\n\n\n\n<div class=\"wp-block-uagb-buttons uagb-buttons__outer-wrap uagb-btn__small-btn uagb-btn-tablet__default-btn uagb-btn-mobile__default-btn uagb-block-27e658b2\"><div class=\"uagb-buttons__wrap uagb-buttons-layout-wrap \">\n<div class=\"wp-block-uagb-buttons-child uagb-buttons__outer-wrap uagb-block-c07e3c0f wp-block-button\"><div class=\"uagb-button__wrapper\"><a class=\"uagb-buttons-repeater wp-block-button__link\" aria-label=\"\" href=\"https:\/\/fr.dictator.de\/produits\/amortisseurs-hydrauliques\/amortisseurs-de-fin-de-course\/\" rel=\"follow noopener\" target=\"_blank\" role=\"button\"><div class=\"uagb-button__link\">Lire Plus<\/div><span class=\"uagb-button__icon uagb-button__icon-position-after\"><svg xmlns=\"https:\/\/www.w3.org\/2000\/svg\" viewBox=\"0 0 448 512\" aria-hidden=\"true\" focussable=\"false\"><path d=\"M256 64C256 46.33 270.3 32 288 32H415.1C415.1 32 415.1 32 415.1 32C420.3 32 424.5 32.86 428.2 34.43C431.1 35.98 435.5 38.27 438.6 41.3C438.6 41.35 438.6 41.4 438.7 41.44C444.9 47.66 447.1 55.78 448 63.9C448 63.94 448 63.97 448 64V192C448 209.7 433.7 224 416 224C398.3 224 384 209.7 384 192V141.3L214.6 310.6C202.1 323.1 181.9 323.1 169.4 310.6C156.9 298.1 156.9 277.9 169.4 265.4L338.7 96H288C270.3 96 256 81.67 256 64V64zM0 128C0 92.65 28.65 64 64 64H160C177.7 64 192 78.33 192 96C192 113.7 177.7 128 160 128H64V416H352V320C352 302.3 366.3 288 384 288C401.7 288 416 302.3 416 320V416C416 451.3 387.3 480 352 480H64C28.65 480 0 451.3 0 416V128z\"><\/path><\/svg><\/span><\/a><\/div><\/div>\n<\/div><\/div>\n<\/div>\n\n\n\n<div class=\"wp-block-uagb-container uagb-block-3618497e default uagb-is-root-container\">\n<div class=\"wp-block-uagb-image aligncenter uagb-block-1b38ba73 wp-block-uagb-image--layout-default wp-block-uagb-image--effect-static wp-block-uagb-image--align-center\"><figure class=\"wp-block-uagb-image__figure\"><a class=\"\" href=\"https:\/\/fr.dictator.de\/produits\/amortisseurs-hydrauliques\/amortisseurs-en-montage-fixe\/\" target=\"_blank\" rel=\"noreferrer noopener\"><img decoding=\"async\" srcset=\"https:\/\/www.portimex.com\/wp-content\/uploads\/2024\/04\/Festmontage-Oeldaempfer.jpg ,https:\/\/www.portimex.com\/wp-content\/uploads\/2024\/04\/Festmontage-Oeldaempfer.jpg 780w, https:\/\/www.portimex.com\/wp-content\/uploads\/2024\/04\/Festmontage-Oeldaempfer.jpg 360w\" sizes=\"auto, (max-width: 480px) 150px\" src=\"https:\/\/www.portimex.com\/wp-content\/uploads\/2024\/04\/Festmontage-Oeldaempfer.jpg\" alt=\"\" class=\"uag-image-2794\" width=\"200\" height=\"200\" title=\"Festmontage-Oeldaempfer\" loading=\"lazy\" role=\"img\"\/><\/a><\/figure><\/div>\n\n\n\n<div class=\"wp-block-uagb-advanced-heading uagb-block-4d7a32ed\"><h4 class=\"uagb-heading-text\">Amortisseurs en montage fixe<\/h4><\/div>\n\n\n\n<p class=\"has-small-font-size\">L\u2019ext\u00e9rieur des amortisseurs en montage fixe ressemble \u00e0 un ressort \u00e0 gaz. Mais au contraire d\u2019un ressort \u00e0 gaz, ils veillent \u00e0 ce que la trappe ou des objets similaires soient amortis sur tout leur trajet et s\u2019ouvrent\/ferment \u00e0 une vitesse contr\u00f4l\u00e9e.<\/p>\n\n\n\n<div class=\"wp-block-uagb-buttons uagb-buttons__outer-wrap uagb-btn__small-btn uagb-btn-tablet__default-btn uagb-btn-mobile__default-btn uagb-block-1e6d4ef1\"><div class=\"uagb-buttons__wrap uagb-buttons-layout-wrap \">\n<div class=\"wp-block-uagb-buttons-child uagb-buttons__outer-wrap uagb-block-b687f2c7 wp-block-button\"><div class=\"uagb-button__wrapper\"><a class=\"uagb-buttons-repeater wp-block-button__link\" aria-label=\"\" href=\"https:\/\/fr.dictator.de\/produits\/amortisseurs-hydrauliques\/amortisseurs-en-montage-fixe\/\" rel=\"follow noopener\" target=\"_blank\" role=\"button\"><div class=\"uagb-button__link\">Lire plus<\/div><span class=\"uagb-button__icon uagb-button__icon-position-after\"><svg xmlns=\"https:\/\/www.w3.org\/2000\/svg\" viewBox=\"0 0 448 512\" aria-hidden=\"true\" focussable=\"false\"><path d=\"M256 64C256 46.33 270.3 32 288 32H415.1C415.1 32 415.1 32 415.1 32C420.3 32 424.5 32.86 428.2 34.43C431.1 35.98 435.5 38.27 438.6 41.3C438.6 41.35 438.6 41.4 438.7 41.44C444.9 47.66 447.1 55.78 448 63.9C448 63.94 448 63.97 448 64V192C448 209.7 433.7 224 416 224C398.3 224 384 209.7 384 192V141.3L214.6 310.6C202.1 323.1 181.9 323.1 169.4 310.6C156.9 298.1 156.9 277.9 169.4 265.4L338.7 96H288C270.3 96 256 81.67 256 64V64zM0 128C0 92.65 28.65 64 64 64H160C177.7 64 192 78.33 192 96C192 113.7 177.7 128 160 128H64V416H352V320C352 302.3 366.3 288 384 288C401.7 288 416 302.3 416 320V416C416 451.3 387.3 480 352 480H64C28.65 480 0 451.3 0 416V128z\"><\/path><\/svg><\/span><\/a><\/div><\/div>\n<\/div><\/div>\n<\/div>\n\n\n\n<div class=\"wp-block-uagb-container uagb-block-139e2923 default uagb-is-root-container\">\n<div class=\"wp-block-uagb-image aligncenter uagb-block-ac0e9b81 wp-block-uagb-image--layout-default wp-block-uagb-image--effect-static wp-block-uagb-image--align-center\"><figure class=\"wp-block-uagb-image__figure\"><a class=\"\" href=\"https:\/\/fr.dictator.de\/produits\/amortisseurs-hydrauliques\/amortisseurs-radiaux\/\" target=\"_blank\" rel=\"noreferrer noopener\"><img decoding=\"async\" srcset=\"https:\/\/www.portimex.com\/wp-content\/uploads\/2024\/04\/Radialdaempfer.jpg ,https:\/\/www.portimex.com\/wp-content\/uploads\/2024\/04\/Radialdaempfer.jpg 780w, https:\/\/www.portimex.com\/wp-content\/uploads\/2024\/04\/Radialdaempfer.jpg 360w\" sizes=\"auto, (max-width: 480px) 150px\" src=\"https:\/\/www.portimex.com\/wp-content\/uploads\/2024\/04\/Radialdaempfer.jpg\" alt=\"\" class=\"uag-image-2796\" width=\"200\" height=\"200\" title=\"Radialdaempfer\" loading=\"lazy\" role=\"img\"\/><\/a><\/figure><\/div>\n\n\n\n<div class=\"wp-block-uagb-advanced-heading uagb-block-834cd21f\"><h4 class=\"uagb-heading-text\"><strong><strong><strong>Amortisseurs radiaux<\/strong><\/strong><\/strong><\/h4><\/div>\n\n\n\n<p class=\"has-small-font-size\">Les amortisseurs radiaux DICTATOR contr\u00f4lent non seulement les vitesses de portes et portails coulissants sur toute leur course. Sp\u00e9cialement l\u2019amortisseur radial \u00e0 lamelles nouveau et patent\u00e9 facilite des solutions individuelles pour les mouvements rotatifs et poussants les plus diff\u00e9rents.<\/p>\n\n\n\n<div class=\"wp-block-uagb-buttons uagb-buttons__outer-wrap uagb-btn__small-btn uagb-btn-tablet__default-btn uagb-btn-mobile__default-btn uagb-block-e0437532\"><div class=\"uagb-buttons__wrap uagb-buttons-layout-wrap \">\n<div class=\"wp-block-uagb-buttons-child uagb-buttons__outer-wrap uagb-block-dcf9bf10 wp-block-button\"><div class=\"uagb-button__wrapper\"><a class=\"uagb-buttons-repeater wp-block-button__link\" aria-label=\"\" href=\"https:\/\/fr.dictator.de\/produits\/amortisseurs-hydrauliques\/amortisseurs-radiaux\/\" rel=\"follow noopener\" target=\"_blank\" role=\"button\"><div class=\"uagb-button__link\">lire Plus<\/div><span class=\"uagb-button__icon uagb-button__icon-position-after\"><svg xmlns=\"https:\/\/www.w3.org\/2000\/svg\" viewBox=\"0 0 448 512\" aria-hidden=\"true\" focussable=\"false\"><path d=\"M256 64C256 46.33 270.3 32 288 32H415.1C415.1 32 415.1 32 415.1 32C420.3 32 424.5 32.86 428.2 34.43C431.1 35.98 435.5 38.27 438.6 41.3C438.6 41.35 438.6 41.4 438.7 41.44C444.9 47.66 447.1 55.78 448 63.9C448 63.94 448 63.97 448 64V192C448 209.7 433.7 224 416 224C398.3 224 384 209.7 384 192V141.3L214.6 310.6C202.1 323.1 181.9 323.1 169.4 310.6C156.9 298.1 156.9 277.9 169.4 265.4L338.7 96H288C270.3 96 256 81.67 256 64V64zM0 128C0 92.65 28.65 64 64 64H160C177.7 64 192 78.33 192 96C192 113.7 177.7 128 160 128H64V416H352V320C352 302.3 366.3 288 384 288C401.7 288 416 302.3 416 320V416C416 451.3 387.3 480 352 480H64C28.65 480 0 451.3 0 416V128z\"><\/path><\/svg><\/span><\/a><\/div><\/div>\n<\/div><\/div>\n<\/div>\n\n\n\n<div class=\"wp-block-uagb-container uagb-block-c68ceaa1 default uagb-is-root-container\">\n<div class=\"wp-block-uagb-image aligncenter uagb-block-acee9c93 wp-block-uagb-image--layout-default wp-block-uagb-image--effect-static wp-block-uagb-image--align-center\"><figure class=\"wp-block-uagb-image__figure\"><a class=\"\" href=\"https:\/\/www.portimex.com\/fr\/produits\/ferme-portes-et-accessoires\/amortisseurs-limiteurs-douverture\/\" target=\"\" rel=\"noopener\"><img decoding=\"async\" srcset=\"https:\/\/www.portimex.com\/wp-content\/uploads\/2024\/04\/Tueroeffnungsbegrenzer.jpg ,https:\/\/www.portimex.com\/wp-content\/uploads\/2024\/04\/Tueroeffnungsbegrenzer.jpg 780w, https:\/\/www.portimex.com\/wp-content\/uploads\/2024\/04\/Tueroeffnungsbegrenzer.jpg 360w\" sizes=\"auto, (max-width: 480px) 150px\" src=\"https:\/\/www.portimex.com\/wp-content\/uploads\/2024\/04\/Tueroeffnungsbegrenzer.jpg\" alt=\"\" class=\"uag-image-2740\" width=\"200\" height=\"200\" title=\"Tueroeffnungsbegrenzer\" loading=\"lazy\" role=\"img\"\/><\/a><\/figure><\/div>\n\n\n\n<div class=\"wp-block-uagb-advanced-heading uagb-block-7d86b78d\"><h4 class=\"uagb-heading-text\"><strong>LiMIteurs d&#8217;ouverture<\/strong><\/h4><\/div>\n\n\n\n<p class=\"has-small-font-size\">Pr\u00e9viennent l&#8217;ouverture incontr\u00f4l\u00e9e de portes battantes.<\/p>\n\n\n\n<p class=\"has-small-font-size\">Il y a des mod\u00e8les \u00e0 amortissement r\u00e9glable et \u00e0 r\u00e9glage fixe.<\/p>\n\n\n\n<div class=\"wp-block-uagb-buttons uagb-buttons__outer-wrap uagb-btn__small-btn uagb-btn-tablet__default-btn uagb-btn-mobile__default-btn uagb-block-6f5fd1d8\"><div class=\"uagb-buttons__wrap uagb-buttons-layout-wrap \">\n<div class=\"wp-block-uagb-buttons-child uagb-buttons__outer-wrap uagb-block-01b16250 wp-block-button\"><div class=\"uagb-button__wrapper\"><a class=\"uagb-buttons-repeater wp-block-button__link\" aria-label=\"\" href=\"https:\/\/www.portimex.com\/fr\/produits\/ferme-portes-et-accessoires\/amortisseurs-limiteurs-douverture\/\" rel=\"follow noopener\" target=\"_self\" role=\"button\"><div class=\"uagb-button__link\">Lire Plus<\/div><span class=\"uagb-button__icon uagb-button__icon-position-after\"><svg xmlns=\"https:\/\/www.w3.org\/2000\/svg\" viewBox=\"0 0 448 512\" aria-hidden=\"true\" focussable=\"false\"><path d=\"M438.6 278.6l-160 160C272.4 444.9 264.2 448 256 448s-16.38-3.125-22.62-9.375c-12.5-12.5-12.5-32.75 0-45.25L338.8 288H32C14.33 288 .0016 273.7 .0016 256S14.33 224 32 224h306.8l-105.4-105.4c-12.5-12.5-12.5-32.75 0-45.25s32.75-12.5 45.25 0l160 160C451.1 245.9 451.1 266.1 438.6 278.6z\"><\/path><\/svg><\/span><\/a><\/div><\/div>\n<\/div><\/div>\n<\/div>\n\n\n\n<div class=\"wp-block-uagb-container uagb-block-c4c602e7 default uagb-is-root-container\">\n<div class=\"wp-block-uagb-image aligncenter uagb-block-67101ef7 wp-block-uagb-image--layout-default wp-block-uagb-image--effect-static wp-block-uagb-image--align-center\"><figure class=\"wp-block-uagb-image__figure\"><a class=\"\" href=\"https:\/\/www.portimex.com\/fr\/produits\/ferme-portes-et-accessoires\/amortisseurs-porte\/\" target=\"\" rel=\"noopener\"><img decoding=\"async\" srcset=\"https:\/\/www.portimex.com\/wp-content\/uploads\/2024\/05\/Tuerdaempfer-V-1600-glanzverchromt.jpg ,https:\/\/www.portimex.com\/wp-content\/uploads\/2024\/05\/Tuerdaempfer-V-1600-glanzverchromt.jpg 780w, https:\/\/www.portimex.com\/wp-content\/uploads\/2024\/05\/Tuerdaempfer-V-1600-glanzverchromt.jpg 360w\" sizes=\"auto, (max-width: 480px) 150px\" src=\"https:\/\/www.portimex.com\/wp-content\/uploads\/2024\/05\/Tuerdaempfer-V-1600-glanzverchromt.jpg\" alt=\"\" class=\"uag-image-3242\" width=\"200\" height=\"200\" title=\"Tuerdaempfer-V-1600-glanzverchromt\" loading=\"lazy\" role=\"img\"\/><\/a><\/figure><\/div>\n\n\n\n<div class=\"wp-block-uagb-advanced-heading uagb-block-3e9d40aa\"><h4 class=\"uagb-heading-text\"><strong><strong>Amortisseurs de porte<\/strong><\/strong><\/h4><\/div>\n\n\n\n<p class=\"has-small-font-size\">Les amortisseurs de portes DICTATOR ne sont pas des ferme-portes ordinaires \u2013 ils interceptent les portes fermantes juste avant la position ferm\u00e9e et les tirent doucement jusqu&#8217;\u00e0 ce qu&#8217;elles soient compl\u00e8tement ferm\u00e9es. Cela pr\u00e9vient qu&#8217;elles claquent et ils tiennent les portes s\u00fbrement ferm\u00e9es.<\/p>\n\n\n\n<div class=\"wp-block-uagb-buttons uagb-buttons__outer-wrap uagb-btn__small-btn uagb-btn-tablet__default-btn uagb-btn-mobile__default-btn uagb-block-a210012f\"><div class=\"uagb-buttons__wrap uagb-buttons-layout-wrap \">\n<div class=\"wp-block-uagb-buttons-child uagb-buttons__outer-wrap uagb-block-d0c7421b wp-block-button\"><div class=\"uagb-button__wrapper\"><a class=\"uagb-buttons-repeater wp-block-button__link\" aria-label=\"\" href=\"https:\/\/www.portimex.com\/fr\/produits\/ferme-portes-et-accessoires\/amortisseurs-porte\/\" rel=\"follow noopener\" target=\"_self\" role=\"button\"><div class=\"uagb-button__link\">Lire Plus<\/div><span class=\"uagb-button__icon uagb-button__icon-position-after\"><svg xmlns=\"https:\/\/www.w3.org\/2000\/svg\" viewBox=\"0 0 448 512\" aria-hidden=\"true\" focussable=\"false\"><path d=\"M438.6 278.6l-160 160C272.4 444.9 264.2 448 256 448s-16.38-3.125-22.62-9.375c-12.5-12.5-12.5-32.75 0-45.25L338.8 288H32C14.33 288 .0016 273.7 .0016 256S14.33 224 32 224h306.8l-105.4-105.4c-12.5-12.5-12.5-32.75 0-45.25s32.75-12.5 45.25 0l160 160C451.1 245.9 451.1 266.1 438.6 278.6z\"><\/path><\/svg><\/span><\/a><\/div><\/div>\n<\/div><\/div>\n<\/div>\n<\/div><\/div>\n<\/div><\/div>\n<\/div><\/div>\n","protected":false},"excerpt":{"rendered":"","protected":false},"author":3,"featured_media":0,"parent":3934,"menu_order":0,"comment_status":"closed","ping_status":"closed","template":"","meta":{"_acf_changed":false,"_uag_custom_page_level_css":"","_genesis_hide_title":true,"_genesis_hide_breadcrumbs":false,"_genesis_hide_singular_image":false,"_genesis_hide_footer_widgets":false,"_genesis_custom_body_class":"","_genesis_custom_post_class":"","_genesis_layout":"","footnotes":""},"class_list":{"0":"post-3964","1":"page","2":"type-page","3":"status-publish","5":"entry"},"acf":[],"yoast_head":"<!-- This site is optimized with the Yoast SEO plugin v25.7 - https:\/\/yoast.com\/wordpress\/plugins\/seo\/ -->\n<title>Amortisseurs hydrauliques - Portimex<\/title>\n<meta name=\"robots\" content=\"index, follow, max-snippet:-1, max-image-preview:large, max-video-preview:-1\" \/>\n<link rel=\"canonical\" href=\"https:\/\/www.portimex.com\/fr\/produits\/amortisseurs-hydrauliques\/\" \/>\n<meta property=\"og:locale\" content=\"fr_FR\" \/>\n<meta property=\"og:type\" content=\"article\" \/>\n<meta property=\"og:title\" content=\"Amortisseurs hydrauliques - Portimex\" \/>\n<meta property=\"og:url\" content=\"https:\/\/www.portimex.com\/fr\/produits\/amortisseurs-hydrauliques\/\" \/>\n<meta property=\"og:site_name\" content=\"Portimex\" \/>\n<meta property=\"article:modified_time\" content=\"2025-08-19T07:51:39+00:00\" \/>\n<meta property=\"og:image\" content=\"https:\/\/www.portimex.com\/wp-content\/uploads\/2024\/04\/Endlagendaempfer.jpg\" \/>\n<meta name=\"twitter:card\" content=\"summary_large_image\" \/>\n<meta name=\"twitter:label1\" content=\"Est. reading time\" \/>\n\t<meta name=\"twitter:data1\" content=\"3 minutes\" \/>\n<script type=\"application\/ld+json\" class=\"yoast-schema-graph\">{\"@context\":\"https:\/\/schema.org\",\"@graph\":[{\"@type\":\"WebPage\",\"@id\":\"https:\/\/www.portimex.com\/fr\/produits\/amortisseurs-hydrauliques\/\",\"url\":\"https:\/\/www.portimex.com\/fr\/produits\/amortisseurs-hydrauliques\/\",\"name\":\"Amortisseurs hydrauliques - Portimex\",\"isPartOf\":{\"@id\":\"https:\/\/www.portimex.com\/#website\"},\"primaryImageOfPage\":{\"@id\":\"https:\/\/www.portimex.com\/fr\/produits\/amortisseurs-hydrauliques\/#primaryimage\"},\"image\":{\"@id\":\"https:\/\/www.portimex.com\/fr\/produits\/amortisseurs-hydrauliques\/#primaryimage\"},\"thumbnailUrl\":\"https:\/\/www.portimex.com\/wp-content\/uploads\/2024\/04\/Endlagendaempfer.jpg\",\"datePublished\":\"2023-12-13T11:17:55+00:00\",\"dateModified\":\"2025-08-19T07:51:39+00:00\",\"breadcrumb\":{\"@id\":\"https:\/\/www.portimex.com\/fr\/produits\/amortisseurs-hydrauliques\/#breadcrumb\"},\"inLanguage\":\"fr-CH\",\"potentialAction\":[{\"@type\":\"ReadAction\",\"target\":[\"https:\/\/www.portimex.com\/fr\/produits\/amortisseurs-hydrauliques\/\"]}]},{\"@type\":\"ImageObject\",\"inLanguage\":\"fr-CH\",\"@id\":\"https:\/\/www.portimex.com\/fr\/produits\/amortisseurs-hydrauliques\/#primaryimage\",\"url\":\"https:\/\/www.portimex.com\/wp-content\/uploads\/2024\/04\/Endlagendaempfer.jpg\",\"contentUrl\":\"https:\/\/www.portimex.com\/wp-content\/uploads\/2024\/04\/Endlagendaempfer.jpg\"},{\"@type\":\"BreadcrumbList\",\"@id\":\"https:\/\/www.portimex.com\/fr\/produits\/amortisseurs-hydrauliques\/#breadcrumb\",\"itemListElement\":[{\"@type\":\"ListItem\",\"position\":1,\"name\":\"Home\",\"item\":\"https:\/\/www.portimex.com\/fr\/\"},{\"@type\":\"ListItem\",\"position\":2,\"name\":\"Produits\",\"item\":\"https:\/\/www.portimex.com\/fr\/produits\/\"},{\"@type\":\"ListItem\",\"position\":3,\"name\":\"Amortisseurs hydrauliques\"}]},{\"@type\":\"WebSite\",\"@id\":\"https:\/\/www.portimex.com\/#website\",\"url\":\"https:\/\/www.portimex.com\/\",\"name\":\"Portimex\",\"description\":\"\",\"publisher\":{\"@id\":\"https:\/\/www.portimex.com\/#organization\"},\"potentialAction\":[{\"@type\":\"SearchAction\",\"target\":{\"@type\":\"EntryPoint\",\"urlTemplate\":\"https:\/\/www.portimex.com\/?s={search_term_string}\"},\"query-input\":{\"@type\":\"PropertyValueSpecification\",\"valueRequired\":true,\"valueName\":\"search_term_string\"}}],\"inLanguage\":\"fr-CH\"},{\"@type\":\"Organization\",\"@id\":\"https:\/\/www.portimex.com\/#organization\",\"name\":\"Portimex\",\"url\":\"https:\/\/www.portimex.com\/\",\"logo\":{\"@type\":\"ImageObject\",\"inLanguage\":\"fr-CH\",\"@id\":\"https:\/\/www.portimex.com\/#\/schema\/logo\/image\/\",\"url\":\"https:\/\/www.portimex.com\/wp-content\/uploads\/2024\/05\/cropped-Portimex-Logo.jpg\",\"contentUrl\":\"https:\/\/www.portimex.com\/wp-content\/uploads\/2024\/05\/cropped-Portimex-Logo.jpg\",\"width\":198,\"height\":46,\"caption\":\"Portimex\"},\"image\":{\"@id\":\"https:\/\/www.portimex.com\/#\/schema\/logo\/image\/\"}}]}<\/script>\n<!-- \/ Yoast SEO plugin. -->","yoast_head_json":{"title":"Amortisseurs hydrauliques - Portimex","robots":{"index":"index","follow":"follow","max-snippet":"max-snippet:-1","max-image-preview":"max-image-preview:large","max-video-preview":"max-video-preview:-1"},"canonical":"https:\/\/www.portimex.com\/fr\/produits\/amortisseurs-hydrauliques\/","og_locale":"fr_FR","og_type":"article","og_title":"Amortisseurs hydrauliques - Portimex","og_url":"https:\/\/www.portimex.com\/fr\/produits\/amortisseurs-hydrauliques\/","og_site_name":"Portimex","article_modified_time":"2025-08-19T07:51:39+00:00","og_image":[{"url":"https:\/\/www.portimex.com\/wp-content\/uploads\/2024\/04\/Endlagendaempfer.jpg","type":"","width":"","height":""}],"twitter_card":"summary_large_image","twitter_misc":{"Est. reading time":"3 minutes"},"schema":{"@context":"https:\/\/schema.org","@graph":[{"@type":"WebPage","@id":"https:\/\/www.portimex.com\/fr\/produits\/amortisseurs-hydrauliques\/","url":"https:\/\/www.portimex.com\/fr\/produits\/amortisseurs-hydrauliques\/","name":"Amortisseurs hydrauliques - Portimex","isPartOf":{"@id":"https:\/\/www.portimex.com\/#website"},"primaryImageOfPage":{"@id":"https:\/\/www.portimex.com\/fr\/produits\/amortisseurs-hydrauliques\/#primaryimage"},"image":{"@id":"https:\/\/www.portimex.com\/fr\/produits\/amortisseurs-hydrauliques\/#primaryimage"},"thumbnailUrl":"https:\/\/www.portimex.com\/wp-content\/uploads\/2024\/04\/Endlagendaempfer.jpg","datePublished":"2023-12-13T11:17:55+00:00","dateModified":"2025-08-19T07:51:39+00:00","breadcrumb":{"@id":"https:\/\/www.portimex.com\/fr\/produits\/amortisseurs-hydrauliques\/#breadcrumb"},"inLanguage":"fr-CH","potentialAction":[{"@type":"ReadAction","target":["https:\/\/www.portimex.com\/fr\/produits\/amortisseurs-hydrauliques\/"]}]},{"@type":"ImageObject","inLanguage":"fr-CH","@id":"https:\/\/www.portimex.com\/fr\/produits\/amortisseurs-hydrauliques\/#primaryimage","url":"https:\/\/www.portimex.com\/wp-content\/uploads\/2024\/04\/Endlagendaempfer.jpg","contentUrl":"https:\/\/www.portimex.com\/wp-content\/uploads\/2024\/04\/Endlagendaempfer.jpg"},{"@type":"BreadcrumbList","@id":"https:\/\/www.portimex.com\/fr\/produits\/amortisseurs-hydrauliques\/#breadcrumb","itemListElement":[{"@type":"ListItem","position":1,"name":"Home","item":"https:\/\/www.portimex.com\/fr\/"},{"@type":"ListItem","position":2,"name":"Produits","item":"https:\/\/www.portimex.com\/fr\/produits\/"},{"@type":"ListItem","position":3,"name":"Amortisseurs hydrauliques"}]},{"@type":"WebSite","@id":"https:\/\/www.portimex.com\/#website","url":"https:\/\/www.portimex.com\/","name":"Portimex","description":"","publisher":{"@id":"https:\/\/www.portimex.com\/#organization"},"potentialAction":[{"@type":"SearchAction","target":{"@type":"EntryPoint","urlTemplate":"https:\/\/www.portimex.com\/?s={search_term_string}"},"query-input":{"@type":"PropertyValueSpecification","valueRequired":true,"valueName":"search_term_string"}}],"inLanguage":"fr-CH"},{"@type":"Organization","@id":"https:\/\/www.portimex.com\/#organization","name":"Portimex","url":"https:\/\/www.portimex.com\/","logo":{"@type":"ImageObject","inLanguage":"fr-CH","@id":"https:\/\/www.portimex.com\/#\/schema\/logo\/image\/","url":"https:\/\/www.portimex.com\/wp-content\/uploads\/2024\/05\/cropped-Portimex-Logo.jpg","contentUrl":"https:\/\/www.portimex.com\/wp-content\/uploads\/2024\/05\/cropped-Portimex-Logo.jpg","width":198,"height":46,"caption":"Portimex"},"image":{"@id":"https:\/\/www.portimex.com\/#\/schema\/logo\/image\/"}}]}},"featured_image_src":null,"featured_image_src_square":null,"uagb_featured_image_src":{"full":false,"thumbnail":false,"medium":false,"medium_large":false,"large":false,"1536x1536":false,"2048x2048":false,"sidebar-featured":false,"genesis-singular-images":false,"gb-block-post-grid-landscape":false,"gb-block-post-grid-square":false},"uagb_author_info":{"display_name":"Tanja L.","author_link":"https:\/\/www.portimex.com\/fr\/author\/t-lang\/"},"uagb_comment_info":0,"uagb_excerpt":null,"_links":{"self":[{"href":"https:\/\/www.portimex.com\/fr\/wp-json\/wp\/v2\/pages\/3964","targetHints":{"allow":["GET"]}}],"collection":[{"href":"https:\/\/www.portimex.com\/fr\/wp-json\/wp\/v2\/pages"}],"about":[{"href":"https:\/\/www.portimex.com\/fr\/wp-json\/wp\/v2\/types\/page"}],"author":[{"embeddable":true,"href":"https:\/\/www.portimex.com\/fr\/wp-json\/wp\/v2\/users\/3"}],"replies":[{"embeddable":true,"href":"https:\/\/www.portimex.com\/fr\/wp-json\/wp\/v2\/comments?post=3964"}],"version-history":[{"count":5,"href":"https:\/\/www.portimex.com\/fr\/wp-json\/wp\/v2\/pages\/3964\/revisions"}],"predecessor-version":[{"id":5548,"href":"https:\/\/www.portimex.com\/fr\/wp-json\/wp\/v2\/pages\/3964\/revisions\/5548"}],"up":[{"embeddable":true,"href":"https:\/\/www.portimex.com\/fr\/wp-json\/wp\/v2\/pages\/3934"}],"wp:attachment":[{"href":"https:\/\/www.portimex.com\/fr\/wp-json\/wp\/v2\/media?parent=3964"}],"curies":[{"name":"wp","href":"https:\/\/api.w.org\/{rel}","templated":true}]}}