{"id":3922,"date":"2024-04-30T11:04:24","date_gmt":"2024-04-30T09:04:24","guid":{"rendered":"https:\/\/www.portimex.com\/?page_id=3922"},"modified":"2024-07-04T12:29:00","modified_gmt":"2024-07-04T10:29:00","slug":"service","status":"publish","type":"page","link":"https:\/\/www.portimex.com\/fr\/service\/","title":{"rendered":"Portimex Service"},"content":{"rendered":"\n<div class=\"wp-block-genesis-blocks-gb-columns gb-layout-columns-1 one-column\"><div class=\"gb-layout-column-wrap gb-block-layout-column-gap-2 gb-is-responsive-column\">\n<div class=\"wp-block-genesis-blocks-gb-column gb-block-layout-column\"><div class=\"gb-block-layout-column-inner\">\n<div class=\"wp-block-genesis-blocks-gb-columns gb-layout-columns-2 gb-2-col-wideleft\"><div class=\"gb-layout-column-wrap gb-block-layout-column-gap-2 gb-is-responsive-column\">\n<div class=\"wp-block-genesis-blocks-gb-column gb-block-layout-column\"><div class=\"gb-block-layout-column-inner\">\n<h1 class=\"wp-block-heading\" style=\"font-size:40px;text-transform:uppercase\">Notre service<\/h1>\n\n\n\n<h2 class=\"wp-block-heading has-large-font-size\">Depuis de nombreuses d\u00e9cennies, Portimex est votre partenaire en Suisse pour tout ce qui concerne les portes, les portails, les fen\u00eatres et partout o\u00f9 il s&#8217;agit de solutions exigeantes dans le domaine du mouvement, de l&#8217;amortissement et du maintien.<\/h2>\n\n\n\n<p class=\"has-small-font-size\">Portimex peut s&#8217;enorgueillir d&#8217;une exp\u00e9rience de pr\u00e8s de 30 ans dans le domaine des motorisations m\u00e9caniques et automatiques et dans la r\u00e9solution de nombreux probl\u00e8mes li\u00e9s aux portes, portails et autres.<\/p>\n\n\n\n<p><strong><strong>Nous offrons le service complet dont vous avez besoin, de l&#8217;assistance technique par t\u00e9l\u00e9phone ou par e-mail \u00e0 la mise en service sur place. Nous disposons d&#8217;un grand choix de produits que nous pouvons \u00e9galement adapter et compl\u00e9ter \u00e0 votre objet dans des cas sp\u00e9ciaux.<\/strong><\/strong><\/p>\n\n\n\n<h3 class=\"wp-block-heading has-medium-font-size\">Solutions automatiques<\/h3>\n\n\n\n<p class=\"has-small-font-size\">Gr\u00e2ce \u00e0 des solutions innovantes pour presque tous les probl\u00e8mes de motorisation, nous sommes rapidement devenus des sp\u00e9cialistes reconnus. Nous avons tout automatis\u00e9, des portes de garage aux portes coupe-feu (de l\u00e9g\u00e8res \u00e0 tr\u00e8s lourdes), en passant par les solutions sp\u00e9ciales de nos motorisations de fen\u00eatres verticales.<\/p>\n\n\n\n<h3 class=\"wp-block-heading has-medium-font-size\">Solutions m\u00e9caniques<\/h3>\n\n\n\n<p class=\"has-small-font-size\">Les portes qui claquent, \u00e7a n&#8217;existe pas pour nous !\u00a0<a href=\"https:\/\/www.portimex.com\/fr\/produits\/ferme-portes-et-accessoires\/amortisseurs-porte\/\">Vers la solution<\/a><br>Pas de portes des portes qui s&#8217;ouvrent de mani\u00e8re incontr\u00f4l\u00e9e non plus !\u00a0<a href=\"https:\/\/www.portimex.com\/fr\/produits\/ferme-portes-et-accessoires\/amortisseurs-limiteurs-douverture\/\">Vers la solution<\/a><br>Les trappes d&#8217;acc\u00e8s trop lourdes ou les couvercles de caisses qui coincent les doigts n&#8217;existent pas pour nous non plus, nous calculons le(s)\u00a0<a href=\"https:\/\/www.portimex.com\/fr\/produits\/ressorts-a-gaz\/\">ressort(s) \u00e0 gaz<\/a>\u00a0optimal(s) pour cela !<\/p>\n<\/div><\/div>\n\n\n\n<div class=\"wp-block-genesis-blocks-gb-column gb-block-layout-column\"><div class=\"gb-block-layout-column-inner\">\n<div class=\"wp-block-uagb-image uagb-block-ce670e9d wp-block-uagb-image--layout-default wp-block-uagb-image--effect-static wp-block-uagb-image--align-none\"><figure class=\"wp-block-uagb-image__figure\"><img decoding=\"async\" srcset=\"https:\/\/www.portimex.com\/wp-content\/uploads\/2024\/04\/Portimex-Gebaeude.jpg ,https:\/\/www.portimex.com\/wp-content\/uploads\/2024\/04\/Portimex-Gebaeude.jpg 780w, https:\/\/www.portimex.com\/wp-content\/uploads\/2024\/04\/Portimex-Gebaeude.jpg 360w\" sizes=\"auto, (max-width: 480px) 150px\" src=\"https:\/\/www.portimex.com\/wp-content\/uploads\/2024\/04\/Portimex-Gebaeude.jpg\" alt=\"\" class=\"uag-image-2715\" width=\"800\" height=\"600\" title=\"\" loading=\"lazy\" role=\"img\"\/><\/figure><\/div>\n\n\n\n<h3 class=\"wp-block-heading has-medium-font-size\">Avantages de PORTIMEX<\/h3>\n\n\n\n<ul class=\"wp-block-list\">\n<li class=\"has-small-font-size\">Nous utilisons exclusivement des produits de qualit\u00e9<\/li>\n\n\n\n<li class=\"has-small-font-size\">Notre conseil personnalis\u00e9 est simple et comp\u00e9tent<\/li>\n\n\n\n<li class=\"has-small-font-size\">Nous proposons des prix conformes au march\u00e9<\/li>\n\n\n\n<li class=\"has-small-font-size\">Un service rapide, de la demande au rendez-vous sur place ou \u00e0 la livraison, est important pour nous<\/li>\n\n\n\n<li class=\"has-small-font-size\">Si, au cours des nombreuses ann\u00e9es d&#8217;utilisation, quelque chose devait \u00eatre remplac\u00e9, notre service apr\u00e8s-vente est l\u00e0 pour vous<\/li>\n<\/ul>\n<\/div><\/div>\n<\/div><\/div>\n\n\n\n<div class=\"wp-block-genesis-blocks-gb-columns gb-layout-columns-1 gb-1-col-equal\"><div class=\"gb-layout-column-wrap gb-block-layout-column-gap-2 gb-is-responsive-column\">\n<div class=\"wp-block-genesis-blocks-gb-column gb-block-layout-column\"><div class=\"gb-block-layout-column-inner\">\n<h2 class=\"wp-block-heading has-large-font-size\">Services PORTIMEX<\/h2>\n\n\n\n<h3 class=\"wp-block-heading has-medium-font-size\">Maintenances<\/h3>\n\n\n\n<p class=\"has-small-font-size\"><strong><strong>Pour nos motorisations et d\u00e9tecteurs de fum\u00e9e, nous proposons des entretiens annuels ou semestriels ou des entretiens sur commande.<\/strong><\/strong><\/p>\n\n\n\n<p class=\"has-small-font-size\">En effet, pour les portes coupe-feu, la loi stipule qu&#8217;un entretien annuel doit \u00eatre effectu\u00e9 afin de garantir la s\u00e9curit\u00e9 en cas d&#8217;incendie. La condition pr\u00e9alable et les dispositions l\u00e9gales (SUVA, SIA 343, DIN 18650, AEAI), est la conclusion d&#8217;un contrat d&#8217;entretien adapt\u00e9.<\/p>\n\n\n\n<p class=\"has-small-font-size\"><strong><strong>Nous vous aidons volontiers \u00e0 respecter ces prescriptions.<\/strong><\/strong><\/p>\n\n\n\n<div class=\"wp-block-genesis-blocks-gb-columns gb-layout-columns-2 gb-2-col-equal\"><div class=\"gb-layout-column-wrap gb-block-layout-column-gap-2 gb-is-responsive-column\">\n<div class=\"wp-block-genesis-blocks-gb-column gb-block-layout-column\"><div class=\"gb-block-layout-column-inner\">\n<p class=\"has-small-font-size\"><strong><strong>Inclus dans un entretien des motorisations de notre assortiment<\/strong><\/strong><\/p>\n\n\n\n<ul class=\"wp-block-list\">\n<li class=\"has-small-font-size\">D\u00e9placement et retour<\/li>\n\n\n\n<li class=\"has-small-font-size\">Maintenance de la porte, nombre de motorisations<\/li>\n\n\n\n<li class=\"has-small-font-size\">V\u00e9rification du fonctionnement<\/li>\n\n\n\n<li class=\"has-small-font-size\">V\u00e9rification des batteries, qui durent environ 4 \u00e0 5 ans<\/li>\n\n\n\n<li class=\"has-small-font-size\">Nous vous contactons lorsqu&#8217;un nouvel entretien est n\u00e9cessaire et convenons d&#8217;une date<\/li>\n<\/ul>\n<\/div><\/div>\n\n\n\n<div class=\"wp-block-genesis-blocks-gb-column gb-block-layout-column\"><div class=\"gb-block-layout-column-inner\">\n<p class=\"has-small-font-size\"><strong><strong>Inclus dans un entretien de d\u00e9tecteurs de fum\u00e9e de la soci\u00e9t\u00e9 DICTATOR<\/strong><\/strong><\/p>\n\n\n\n<ul class=\"has-small-font-size wp-block-list\">\n<li>D\u00e9placement et retour<\/li>\n\n\n\n<li>Maintenance et v\u00e9rification du fonctionnement des d\u00e9tecteurs de fum\u00e9e au moyen d&#8217;un gaz de contr\u00f4le<\/li>\n\n\n\n<li>Remplacement des d\u00e9tecteurs de fum\u00e9e tous les 8 ans<\/li>\n\n\n\n<li>Nous vous contactons lorsqu&#8217;un nouvel entretien est n\u00e9cessaire et convenons d&#8217;une date<\/li>\n<\/ul>\n<\/div><\/div>\n<\/div><\/div>\n\n\n\n<div class=\"wp-block-genesis-blocks-gb-columns gb-layout-columns-2 gb-2-col-wideleft\"><div class=\"gb-layout-column-wrap gb-block-layout-column-gap-2 gb-is-responsive-column\">\n<div class=\"wp-block-genesis-blocks-gb-column gb-block-layout-column\"><div class=\"gb-block-layout-column-inner\">\n<h3 class=\"wp-block-heading has-medium-font-size\">Location d&#8217;appareils de test de d\u00e9tecteurs de fum\u00e9e<\/h3>\n\n\n\n<p class=\"has-small-font-size\">Vous pouvez louer chez nous \u00e0 la journ\u00e9e l&#8217;appareil de test de d\u00e9tecteur de fum\u00e9e, la perche de cueillette des d\u00e9tecteurs, y compris le bras t\u00e9lescopique (pour l&#8217;accessibilit\u00e9 au plafond) et le gaz de test en bo\u00eete pratique.<\/p>\n\n\n\n<h3 class=\"wp-block-heading has-medium-font-size\">Vente d&#8217;appareils de test de d\u00e9tecteurs de fum\u00e9e<\/h3>\n\n\n\n<p class=\"has-small-font-size\">Nous vendons \u00e9galement les appareils de test de d\u00e9tecteurs de fum\u00e9e aux entreprises\/administrations.<\/p>\n\n\n\n<div class=\"wp-block-genesis-blocks-gb-columns gb-layout-columns-1 one-column\"><div class=\"gb-layout-column-wrap gb-block-layout-column-gap-2 gb-is-responsive-column\">\n<div class=\"wp-block-genesis-blocks-gb-column gb-block-layout-column\"><div class=\"gb-block-layout-column-inner has-ci-quaternary-background-color\" style=\"padding-top:50px;padding-right:100px;padding-bottom:50px;padding-left:100px\">\n<h2 class=\"wp-block-heading has-large-font-size\" style=\"text-transform:uppercase\"><strong>Vous avez des questions sur nos produits ou services ?<\/strong><\/h2>\n\n\n\n<p class=\"has-medium-font-size\"><strong>Nous vous conseillons volontiers individuellement.&nbsp;N&#8217;h\u00e9sitez pas \u00e0 nous contacter !<\/strong><\/p>\n\n\n\n<div class=\"wp-block-uagb-buttons uagb-buttons__outer-wrap uagb-btn__default-btn uagb-btn-tablet__default-btn uagb-btn-mobile__default-btn uagb-block-39eb0c0e\"><div class=\"uagb-buttons__wrap uagb-buttons-layout-wrap \">\n<div class=\"wp-block-uagb-buttons-child uagb-buttons__outer-wrap uagb-block-d206b251 wp-block-button\"><div class=\"uagb-button__wrapper\"><a class=\"uagb-buttons-repeater wp-block-button__link\" aria-label=\"\" href=\"https:\/\/www.portimex.com\/fr\/contact\/\" rel=\"follow noopener\" target=\"_self\" role=\"button\"><div class=\"uagb-button__link\">Contactez-nous<\/div><span class=\"uagb-button__icon uagb-button__icon-position-after\"><svg xmlns=\"https:\/\/www.w3.org\/2000\/svg\" viewBox=\"0 0 448 512\" aria-hidden=\"true\" focussable=\"false\"><path d=\"M438.6 278.6l-160 160C272.4 444.9 264.2 448 256 448s-16.38-3.125-22.62-9.375c-12.5-12.5-12.5-32.75 0-45.25L338.8 288H32C14.33 288 .0016 273.7 .0016 256S14.33 224 32 224h306.8l-105.4-105.4c-12.5-12.5-12.5-32.75 0-45.25s32.75-12.5 45.25 0l160 160C451.1 245.9 451.1 266.1 438.6 278.6z\"><\/path><\/svg><\/span><\/a><\/div><\/div>\n<\/div><\/div>\n<\/div><\/div>\n<\/div><\/div>\n<\/div><\/div>\n\n\n\n<div class=\"wp-block-genesis-blocks-gb-column gb-block-layout-column\"><div class=\"gb-block-layout-column-inner\">\n<div class=\"wp-block-uagb-image uagb-block-1cec09a3 wp-block-uagb-image--layout-default wp-block-uagb-image--effect-static wp-block-uagb-image--align-none\"><figure class=\"wp-block-uagb-image__figure\"><img decoding=\"async\" srcset=\"https:\/\/www.portimex.com\/wp-content\/uploads\/2024\/04\/Rauchmelder-Pruefgeraet.jpg ,https:\/\/www.portimex.com\/wp-content\/uploads\/2024\/04\/Rauchmelder-Pruefgeraet.jpg 780w, https:\/\/www.portimex.com\/wp-content\/uploads\/2024\/04\/Rauchmelder-Pruefgeraet.jpg 360w\" sizes=\"auto, (max-width: 480px) 150px\" src=\"https:\/\/www.portimex.com\/wp-content\/uploads\/2024\/04\/Rauchmelder-Pruefgeraet.jpg\" alt=\"\" class=\"uag-image-3050\" width=\"724\" height=\"800\" title=\"\" loading=\"lazy\" role=\"img\"\/><\/figure><\/div>\n<\/div><\/div>\n<\/div><\/div>\n<\/div><\/div>\n<\/div><\/div>\n<\/div><\/div>\n<\/div><\/div>\n","protected":false},"excerpt":{"rendered":"","protected":false},"author":3,"featured_media":0,"parent":0,"menu_order":0,"comment_status":"closed","ping_status":"closed","template":"","meta":{"_acf_changed":false,"_uag_custom_page_level_css":"","_genesis_hide_title":true,"_genesis_hide_breadcrumbs":false,"_genesis_hide_singular_image":false,"_genesis_hide_footer_widgets":false,"_genesis_custom_body_class":"","_genesis_custom_post_class":"","_genesis_layout":"","footnotes":""},"class_list":{"0":"post-3922","1":"page","2":"type-page","3":"status-publish","5":"entry"},"acf":[],"yoast_head":"<!-- This site is optimized with the Yoast SEO plugin v25.7 - https:\/\/yoast.com\/wordpress\/plugins\/seo\/ -->\n<title>Portimex Service - Portimex<\/title>\n<meta name=\"description\" content=\"Wir bieten vom technischen Support per Telefon oder Mail bis hin zur Inbetriebnahme vor Ort den umfassenden Service, den Sie ben\u00f6tigen.\" \/>\n<meta name=\"robots\" content=\"index, follow, max-snippet:-1, max-image-preview:large, max-video-preview:-1\" \/>\n<link rel=\"canonical\" href=\"https:\/\/www.portimex.com\/portimex-service\/\" \/>\n<meta property=\"og:locale\" content=\"fr_FR\" \/>\n<meta property=\"og:type\" content=\"article\" \/>\n<meta property=\"og:title\" content=\"Portimex Service - Portimex\" \/>\n<meta property=\"og:description\" content=\"Wir bieten vom technischen Support per Telefon oder Mail bis hin zur Inbetriebnahme vor Ort den umfassenden Service, den Sie ben\u00f6tigen.\" \/>\n<meta property=\"og:url\" content=\"https:\/\/www.portimex.com\/portimex-service\/\" \/>\n<meta property=\"og:site_name\" content=\"Portimex\" \/>\n<meta property=\"article:modified_time\" content=\"2024-07-04T10:29:00+00:00\" \/>\n<meta property=\"og:image\" content=\"https:\/\/www.portimex.com\/wp-content\/uploads\/2024\/04\/Portimex-Gebaeude.jpg\" \/>\n<meta name=\"twitter:card\" content=\"summary_large_image\" \/>\n<meta name=\"twitter:label1\" content=\"Est. reading time\" \/>\n\t<meta name=\"twitter:data1\" content=\"3 minutes\" \/>\n<script type=\"application\/ld+json\" class=\"yoast-schema-graph\">{\"@context\":\"https:\/\/schema.org\",\"@graph\":[{\"@type\":\"WebPage\",\"@id\":\"https:\/\/www.portimex.com\/portimex-service\/\",\"url\":\"https:\/\/www.portimex.com\/portimex-service\/\",\"name\":\"Portimex Service - Portimex\",\"isPartOf\":{\"@id\":\"https:\/\/www.portimex.com\/#website\"},\"primaryImageOfPage\":{\"@id\":\"https:\/\/www.portimex.com\/portimex-service\/#primaryimage\"},\"image\":{\"@id\":\"https:\/\/www.portimex.com\/portimex-service\/#primaryimage\"},\"thumbnailUrl\":\"https:\/\/www.portimex.com\/wp-content\/uploads\/2024\/04\/Portimex-Gebaeude.jpg\",\"datePublished\":\"2024-04-30T09:04:24+00:00\",\"dateModified\":\"2024-07-04T10:29:00+00:00\",\"description\":\"Wir bieten vom technischen Support per Telefon oder Mail bis hin zur Inbetriebnahme vor Ort den umfassenden Service, den Sie ben\u00f6tigen.\",\"breadcrumb\":{\"@id\":\"https:\/\/www.portimex.com\/portimex-service\/#breadcrumb\"},\"inLanguage\":\"fr-CH\",\"potentialAction\":[{\"@type\":\"ReadAction\",\"target\":[\"https:\/\/www.portimex.com\/portimex-service\/\"]}]},{\"@type\":\"ImageObject\",\"inLanguage\":\"fr-CH\",\"@id\":\"https:\/\/www.portimex.com\/portimex-service\/#primaryimage\",\"url\":\"https:\/\/www.portimex.com\/wp-content\/uploads\/2024\/04\/Portimex-Gebaeude.jpg\",\"contentUrl\":\"https:\/\/www.portimex.com\/wp-content\/uploads\/2024\/04\/Portimex-Gebaeude.jpg\"},{\"@type\":\"BreadcrumbList\",\"@id\":\"https:\/\/www.portimex.com\/portimex-service\/#breadcrumb\",\"itemListElement\":[{\"@type\":\"ListItem\",\"position\":1,\"name\":\"Home\",\"item\":\"https:\/\/www.portimex.com\/fr\/\"},{\"@type\":\"ListItem\",\"position\":2,\"name\":\"Portimex Service\"}]},{\"@type\":\"WebSite\",\"@id\":\"https:\/\/www.portimex.com\/#website\",\"url\":\"https:\/\/www.portimex.com\/\",\"name\":\"Portimex\",\"description\":\"\",\"publisher\":{\"@id\":\"https:\/\/www.portimex.com\/#organization\"},\"potentialAction\":[{\"@type\":\"SearchAction\",\"target\":{\"@type\":\"EntryPoint\",\"urlTemplate\":\"https:\/\/www.portimex.com\/?s={search_term_string}\"},\"query-input\":{\"@type\":\"PropertyValueSpecification\",\"valueRequired\":true,\"valueName\":\"search_term_string\"}}],\"inLanguage\":\"fr-CH\"},{\"@type\":\"Organization\",\"@id\":\"https:\/\/www.portimex.com\/#organization\",\"name\":\"Portimex\",\"url\":\"https:\/\/www.portimex.com\/\",\"logo\":{\"@type\":\"ImageObject\",\"inLanguage\":\"fr-CH\",\"@id\":\"https:\/\/www.portimex.com\/#\/schema\/logo\/image\/\",\"url\":\"https:\/\/www.portimex.com\/wp-content\/uploads\/2024\/05\/cropped-Portimex-Logo.jpg\",\"contentUrl\":\"https:\/\/www.portimex.com\/wp-content\/uploads\/2024\/05\/cropped-Portimex-Logo.jpg\",\"width\":198,\"height\":46,\"caption\":\"Portimex\"},\"image\":{\"@id\":\"https:\/\/www.portimex.com\/#\/schema\/logo\/image\/\"}}]}<\/script>\n<!-- \/ Yoast SEO plugin. -->","yoast_head_json":{"title":"Portimex Service - Portimex","description":"Wir bieten vom technischen Support per Telefon oder Mail bis hin zur Inbetriebnahme vor Ort den umfassenden Service, den Sie ben\u00f6tigen.","robots":{"index":"index","follow":"follow","max-snippet":"max-snippet:-1","max-image-preview":"max-image-preview:large","max-video-preview":"max-video-preview:-1"},"canonical":"https:\/\/www.portimex.com\/portimex-service\/","og_locale":"fr_FR","og_type":"article","og_title":"Portimex Service - Portimex","og_description":"Wir bieten vom technischen Support per Telefon oder Mail bis hin zur Inbetriebnahme vor Ort den umfassenden Service, den Sie ben\u00f6tigen.","og_url":"https:\/\/www.portimex.com\/portimex-service\/","og_site_name":"Portimex","article_modified_time":"2024-07-04T10:29:00+00:00","og_image":[{"url":"https:\/\/www.portimex.com\/wp-content\/uploads\/2024\/04\/Portimex-Gebaeude.jpg","type":"","width":"","height":""}],"twitter_card":"summary_large_image","twitter_misc":{"Est. reading time":"3 minutes"},"schema":{"@context":"https:\/\/schema.org","@graph":[{"@type":"WebPage","@id":"https:\/\/www.portimex.com\/portimex-service\/","url":"https:\/\/www.portimex.com\/portimex-service\/","name":"Portimex Service - Portimex","isPartOf":{"@id":"https:\/\/www.portimex.com\/#website"},"primaryImageOfPage":{"@id":"https:\/\/www.portimex.com\/portimex-service\/#primaryimage"},"image":{"@id":"https:\/\/www.portimex.com\/portimex-service\/#primaryimage"},"thumbnailUrl":"https:\/\/www.portimex.com\/wp-content\/uploads\/2024\/04\/Portimex-Gebaeude.jpg","datePublished":"2024-04-30T09:04:24+00:00","dateModified":"2024-07-04T10:29:00+00:00","description":"Wir bieten vom technischen Support per Telefon oder Mail bis hin zur Inbetriebnahme vor Ort den umfassenden Service, den Sie ben\u00f6tigen.","breadcrumb":{"@id":"https:\/\/www.portimex.com\/portimex-service\/#breadcrumb"},"inLanguage":"fr-CH","potentialAction":[{"@type":"ReadAction","target":["https:\/\/www.portimex.com\/portimex-service\/"]}]},{"@type":"ImageObject","inLanguage":"fr-CH","@id":"https:\/\/www.portimex.com\/portimex-service\/#primaryimage","url":"https:\/\/www.portimex.com\/wp-content\/uploads\/2024\/04\/Portimex-Gebaeude.jpg","contentUrl":"https:\/\/www.portimex.com\/wp-content\/uploads\/2024\/04\/Portimex-Gebaeude.jpg"},{"@type":"BreadcrumbList","@id":"https:\/\/www.portimex.com\/portimex-service\/#breadcrumb","itemListElement":[{"@type":"ListItem","position":1,"name":"Home","item":"https:\/\/www.portimex.com\/fr\/"},{"@type":"ListItem","position":2,"name":"Portimex Service"}]},{"@type":"WebSite","@id":"https:\/\/www.portimex.com\/#website","url":"https:\/\/www.portimex.com\/","name":"Portimex","description":"","publisher":{"@id":"https:\/\/www.portimex.com\/#organization"},"potentialAction":[{"@type":"SearchAction","target":{"@type":"EntryPoint","urlTemplate":"https:\/\/www.portimex.com\/?s={search_term_string}"},"query-input":{"@type":"PropertyValueSpecification","valueRequired":true,"valueName":"search_term_string"}}],"inLanguage":"fr-CH"},{"@type":"Organization","@id":"https:\/\/www.portimex.com\/#organization","name":"Portimex","url":"https:\/\/www.portimex.com\/","logo":{"@type":"ImageObject","inLanguage":"fr-CH","@id":"https:\/\/www.portimex.com\/#\/schema\/logo\/image\/","url":"https:\/\/www.portimex.com\/wp-content\/uploads\/2024\/05\/cropped-Portimex-Logo.jpg","contentUrl":"https:\/\/www.portimex.com\/wp-content\/uploads\/2024\/05\/cropped-Portimex-Logo.jpg","width":198,"height":46,"caption":"Portimex"},"image":{"@id":"https:\/\/www.portimex.com\/#\/schema\/logo\/image\/"}}]}},"featured_image_src":null,"featured_image_src_square":null,"uagb_featured_image_src":{"full":false,"thumbnail":false,"medium":false,"medium_large":false,"large":false,"1536x1536":false,"2048x2048":false,"sidebar-featured":false,"genesis-singular-images":false,"gb-block-post-grid-landscape":false,"gb-block-post-grid-square":false},"uagb_author_info":{"display_name":"Tanja L.","author_link":"https:\/\/www.portimex.com\/fr\/author\/t-lang\/"},"uagb_comment_info":0,"uagb_excerpt":null,"_links":{"self":[{"href":"https:\/\/www.portimex.com\/fr\/wp-json\/wp\/v2\/pages\/3922","targetHints":{"allow":["GET"]}}],"collection":[{"href":"https:\/\/www.portimex.com\/fr\/wp-json\/wp\/v2\/pages"}],"about":[{"href":"https:\/\/www.portimex.com\/fr\/wp-json\/wp\/v2\/types\/page"}],"author":[{"embeddable":true,"href":"https:\/\/www.portimex.com\/fr\/wp-json\/wp\/v2\/users\/3"}],"replies":[{"embeddable":true,"href":"https:\/\/www.portimex.com\/fr\/wp-json\/wp\/v2\/comments?post=3922"}],"version-history":[{"count":4,"href":"https:\/\/www.portimex.com\/fr\/wp-json\/wp\/v2\/pages\/3922\/revisions"}],"predecessor-version":[{"id":4657,"href":"https:\/\/www.portimex.com\/fr\/wp-json\/wp\/v2\/pages\/3922\/revisions\/4657"}],"wp:attachment":[{"href":"https:\/\/www.portimex.com\/fr\/wp-json\/wp\/v2\/media?parent=3922"}],"curies":[{"name":"wp","href":"https:\/\/api.w.org\/{rel}","templated":true}]}}