{"id":3904,"date":"2023-12-13T12:13:51","date_gmt":"2023-12-13T11:13:51","guid":{"rendered":"https:\/\/www.portimex.com\/?page_id=3904"},"modified":"2025-09-03T14:38:09","modified_gmt":"2025-09-03T12:38:09","slug":"contact","status":"publish","type":"page","link":"https:\/\/www.portimex.com\/fr\/contact\/","title":{"rendered":"Contact"},"content":{"rendered":"\n<div class=\"wp-block-genesis-blocks-gb-columns gb-layout-columns-1 one-column\"><div class=\"gb-layout-column-wrap gb-block-layout-column-gap-2 gb-is-responsive-column\">\n<div class=\"wp-block-genesis-blocks-gb-column gb-block-layout-column\"><div class=\"gb-block-layout-column-inner\"><div class=\"yoast-breadcrumbs\"><span><span><a href=\"https:\/\/www.portimex.com\/fr\/\">Home<\/a><\/span> \u00bb <span class=\"breadcrumb_last\" aria-current=\"page\">Contact<\/span><\/span><\/div>\n\n\n<h1 class=\"wp-block-heading\" style=\"margin-top:var(--wp--preset--spacing--50);margin-bottom:var(--wp--preset--spacing--30);text-transform:uppercase\">Contact<\/h1>\n\n\n\n<p>Si vous avez des questions, nous vous aiderons volontiers !<\/p>\n\n\n\n<div class=\"wp-block-genesis-blocks-gb-columns gb-layout-columns-2 gb-2-col-wideleft\"><div class=\"gb-layout-column-wrap gb-block-layout-column-gap-2 gb-is-responsive-column\">\n<div class=\"wp-block-genesis-blocks-gb-column gb-block-layout-column\"><div class=\"gb-block-layout-column-inner\">\n<div class=\"wp-block-genesis-blocks-gb-columns form gb-layout-columns-1 one-column\"><div class=\"gb-layout-column-wrap gb-block-layout-column-gap-2 gb-is-responsive-column\">\n<div class=\"wp-block-genesis-blocks-gb-column gb-block-layout-column\"><div class=\"gb-block-layout-column-inner\">\n<h2 class=\"wp-block-heading\" style=\"text-transform:uppercase\">Formulaire de contact<\/h2>\n\n\n<div class=\"frm_forms  with_frm_style frm_style_formidable-style\" id=\"frm_form_2_container\" data-token=\"6757e5053bdea432331ca8e35c8730a7\">\n<form enctype=\"multipart\/form-data\" method=\"post\" class=\"frm-show-form  frm_js_validate \" id=\"form_contact-form2\" data-token=\"6757e5053bdea432331ca8e35c8730a7\">\n<div class=\"frm_form_fields \">\n<fieldset>\n<legend class=\"frm_screen_reader\">Formulaire de contact<\/legend>\r\n\r\n<div class=\"frm_fields_container\">\n<input type=\"hidden\" name=\"frm_action\" value=\"create\" \/>\n<input type=\"hidden\" name=\"form_id\" value=\"2\" \/>\n<input type=\"hidden\" name=\"frm_hide_fields_2\" id=\"frm_hide_fields_2\" value=\"\" \/>\n<input type=\"hidden\" name=\"form_key\" value=\"contact-form2\" \/>\n<input type=\"hidden\" name=\"item_meta[0]\" value=\"\" \/>\n<input type=\"hidden\" id=\"frm_submit_entry_2\" name=\"frm_submit_entry_2\" value=\"9ff73bb1c8\" \/><input type=\"hidden\" name=\"_wp_http_referer\" value=\"\/fr\/wp-json\/wp\/v2\/pages\/3904\" \/><div id=\"frm_field_14_container\" class=\"frm_form_field form-field  frm_top_container frm12 frm_first\">\r\n\t<label for=\"field_qh4icy2\" id=\"field_qh4icy2_label\" class=\"frm_primary_label\"><b>Pr\u00e9nom<\/b>\r\n\t\t<span class=\"frm_required\" aria-hidden=\"true\"><\/span>\r\n\t<\/label>\r\n\t<input type=\"text\" id=\"field_qh4icy2\" name=\"item_meta[14]\" value=\"\"  data-invmsg=\"&lt;b&gt;Pr\u00e9nom&lt;\/b&gt; ist ung\u00fcltig\" aria-invalid=\"false\"  \/>\r\n\t\r\n\t\r\n<\/div>\n<div id=\"frm_field_15_container\" class=\"frm_form_field form-field  frm_top_container frm_full\">\r\n\t<label for=\"field_e6lis62\" id=\"field_e6lis62_label\" class=\"frm_primary_label\"><b>Nom<\/b>\r\n\t\t<span class=\"frm_required\" aria-hidden=\"true\"><\/span>\r\n\t<\/label>\r\n\t<input type=\"text\" id=\"field_e6lis62\" name=\"item_meta[15]\" value=\"\"  data-invmsg=\"&lt;b&gt;Nom&lt;\/b&gt; ist ung\u00fcltig\" aria-invalid=\"false\"  \/>\r\n\t\r\n\t\r\n<\/div>\n<div id=\"frm_field_16_container\" class=\"frm_form_field form-field  frm_top_container\">\r\n\t<label for=\"field_9wm1y2\" id=\"field_9wm1y2_label\" class=\"frm_primary_label\"><b>Soci\u00e9t\u00e9<\/b>\r\n\t\t<span class=\"frm_required\" aria-hidden=\"true\"><\/span>\r\n\t<\/label>\r\n\t<input type=\"text\" id=\"field_9wm1y2\" name=\"item_meta[16]\" value=\"\"  data-invmsg=\"&lt;b&gt;Soci\u00e9t\u00e9&lt;\/b&gt; ist ung\u00fcltig\" aria-invalid=\"false\"  \/>\r\n\t\r\n\t\r\n<\/div>\n<div id=\"frm_field_17_container\" class=\"frm_form_field form-field  frm_top_container\">\r\n\t<label for=\"field_504p12\" id=\"field_504p12_label\" class=\"frm_primary_label\"><b>Nom de la rue et num\u00e9ro (soci\u00e9t\u00e9)<\/b>\r\n\t\t<span class=\"frm_required\" aria-hidden=\"true\"><\/span>\r\n\t<\/label>\r\n\t<input type=\"text\" id=\"field_504p12\" name=\"item_meta[17]\" value=\"\"  data-invmsg=\"&lt;b&gt;Nom de la rue et num\u00e9ro (soci\u00e9t\u00e9)&lt;\/b&gt; ist ung\u00fcltig\" aria-invalid=\"false\"  \/>\r\n\t\r\n\t\r\n<\/div>\n<div id=\"frm_field_18_container\" class=\"frm_form_field form-field  frm_top_container\">\r\n\t<label for=\"field_ihkne2\" id=\"field_ihkne2_label\" class=\"frm_primary_label\"><b>Code postal et ville (soci\u00e9t\u00e9)<\/b>\r\n\t\t<span class=\"frm_required\" aria-hidden=\"true\"><\/span>\r\n\t<\/label>\r\n\t<input type=\"text\" id=\"field_ihkne2\" name=\"item_meta[18]\" value=\"\"  data-invmsg=\"&lt;b&gt;Code postal et ville (soci\u00e9t\u00e9)&lt;\/b&gt; ist ung\u00fcltig\" aria-invalid=\"false\"  \/>\r\n\t\r\n\t\r\n<\/div>\n<div id=\"frm_field_19_container\" class=\"frm_form_field form-field  frm_required_field frm_top_container\">\r\n\t<label for=\"field_fe3ek2\" id=\"field_fe3ek2_label\" class=\"frm_primary_label\"><b>Pays<\/b>\r\n\t\t<span class=\"frm_required\" aria-hidden=\"true\">*<\/span>\r\n\t<\/label>\r\n\t<input type=\"text\" id=\"field_fe3ek2\" name=\"item_meta[19]\" value=\"Suisse\"  data-frmval=\"Suisse\" data-reqmsg=\"&lt;b&gt;Pays&lt;\/b&gt; cannot be blank.\" aria-required=\"true\" data-invmsg=\"&lt;b&gt;Pays&lt;\/b&gt; ist ung\u00fcltig\" aria-invalid=\"false\"  \/>\r\n\t\r\n\t\r\n<\/div>\n<div id=\"frm_field_20_container\" class=\"frm_form_field form-field  frm_top_container\">\r\n\t<label for=\"field_gd2ca2\" id=\"field_gd2ca2_label\" class=\"frm_primary_label\"><b>Num\u00e9ro de t\u00e9l\u00e9phone<\/b>\r\n\t\t<span class=\"frm_required\" aria-hidden=\"true\"><\/span>\r\n\t<\/label>\r\n\t<input type=\"tel\" id=\"field_gd2ca2\" name=\"item_meta[20]\" value=\"\"  data-invmsg=\"&lt;b&gt;Num\u00e9ro de t\u00e9l\u00e9phone&lt;\/b&gt; ist ung\u00fcltig\" aria-invalid=\"false\" pattern=\"((\\+\\d{1,3}(-|.| )?\\(?\\d\\)?(-| |.)?\\d{1,5})|(\\(?\\d{2,6}\\)?))(-|.| )?(\\d{3,4})(-|.| )?(\\d{4})(( x| ext)\\d{1,5}){0,1}$\"  \/>\r\n\t\r\n\t\r\n<\/div>\n<div id=\"frm_field_21_container\" class=\"frm_form_field form-field  frm_required_field frm_top_container frm_full\">\r\n\t<label for=\"field_29yf4d2\" id=\"field_29yf4d2_label\" class=\"frm_primary_label\"><b>Adresse email<\/b>\r\n\t\t<span class=\"frm_required\" aria-hidden=\"true\">*<\/span>\r\n\t<\/label>\r\n\t<input type=\"email\" id=\"field_29yf4d2\" name=\"item_meta[21]\" value=\"\"  data-reqmsg=\"&lt;b&gt;Adresse email&lt;\/b&gt; cannot be blank.\" aria-required=\"true\" data-invmsg=\"Please enter a valid email address\" aria-invalid=\"false\"  \/>\r\n\t\r\n\t\r\n<\/div>\n<div id=\"frm_field_22_container\" class=\"frm_form_field form-field  frm_top_container\">\r\n\t<label for=\"field_x6r6j2\" id=\"field_x6r6j2_label\" class=\"frm_primary_label\"><b>Object<\/b>\r\n\t\t<span class=\"frm_required\" aria-hidden=\"true\"><\/span>\r\n\t<\/label>\r\n\t<input type=\"text\" id=\"field_x6r6j2\" name=\"item_meta[22]\" value=\"\"  data-invmsg=\"&lt;b&gt;Object&lt;\/b&gt; ist ung\u00fcltig\" aria-invalid=\"false\"  \/>\r\n\t\r\n\t\r\n<\/div>\n<div id=\"frm_field_23_container\" class=\"frm_form_field form-field  frm_required_field frm_top_container frm_full\">\r\n\t<label for=\"field_9jv0r12\" id=\"field_9jv0r12_label\" class=\"frm_primary_label\"><b>Votre message<\/b>\r\n\t\t<span class=\"frm_required\" aria-hidden=\"true\">*<\/span>\r\n\t<\/label>\r\n\t<textarea name=\"item_meta[23]\" id=\"field_9jv0r12\" rows=\"5\"  data-reqmsg=\"&lt;b&gt;Votre message&lt;\/b&gt; cannot be blank.\" aria-required=\"true\" data-invmsg=\"&lt;b&gt;Votre message&lt;\/b&gt; is invalid\" aria-invalid=\"false\"  ><\/textarea>\r\n\t\r\n\t\r\n<\/div>\n<div id=\"frm_field_24_container\" class=\"frm_form_field form-field  frm_required_field frm_top_container vertical_radio\">\r\n\t<div  id=\"field_4dmav2_label\" class=\"frm_primary_label\"><b>Protection des donn\u00e9es<\/b>\r\n\t\t<span class=\"frm_required\" aria-hidden=\"true\">*<\/span>\r\n\t<\/div>\r\n\t<div class=\"frm_opt_container\" aria-labelledby=\"field_4dmav2_label\" role=\"group\">\t\t<div class=\"frm_checkbox\" id=\"frm_checkbox_24-0\">\t\t\t<label  for=\"field_4dmav2-0\">\n\t\t\t<input type=\"checkbox\" name=\"item_meta[24][]\" id=\"field_4dmav2-0\" value=\"J\u2019ai lu la &lt;a href=\u201c https:\/\/www.portimex.com\/fr\/declaration-de-protection-de-donnees\/\u201d&gt;politique de confidentialit\u00e9&lt;\/a&gt; et j&#039;accepte que mes donn\u00e9es personnelles soient utilis\u00e9es et trait\u00e9es dans le but d&#039;\u00e9tablir un contact. Mes donn\u00e9es seront utilis\u00e9es uniquement \u00e0 cette fin et ne seront pas divulgu\u00e9es \u00e0 des tiers.\"  data-reqmsg=\"&lt;b&gt;Protection des donn\u00e9es&lt;\/b&gt; cannot be blank.\" data-invmsg=\"&lt;b&gt;Protection des donn\u00e9es&lt;\/b&gt; ist ung\u00fcltig\" aria-invalid=\"false\"   aria-required=\"true\"  \/> J\u2019ai lu la <a href=\"\u201c\">politique de confidentialit\u00e9<\/a> et j'accepte que mes donn\u00e9es personnelles soient utilis\u00e9es et trait\u00e9es dans le but d'\u00e9tablir un contact. Mes donn\u00e9es seront utilis\u00e9es uniquement \u00e0 cette fin et ne seront pas divulgu\u00e9es \u00e0 des tiers.<\/label><\/div>\n<\/div>\r\n\t\r\n\t\r\n<\/div>\n<div id=\"frm_field_25_container\" class=\"frm_form_field form-field \">\r\n\t<div class=\"frm_submit frm_flex\">\r\n<button class=\"frm_button_submit\" type=\"submit\"  >ENVOYER<\/button>\r\n\r\n\r\n\r\n<\/div>\r\n<\/div>\n\t<input type=\"hidden\" name=\"item_key\" value=\"\" \/>\n\t\t\t<div id=\"frm_field_26_container\">\n\t\t\t<label for=\"field_q3cqn\" >\n\t\t\t\tIf you are human, leave this field blank.\t\t\t<\/label>\n\t\t\t<input  id=\"field_q3cqn\" type=\"text\" class=\"frm_form_field form-field frm_verify\" name=\"item_meta[26]\" value=\"\"  \/>\n\t\t<\/div>\n\t\t<input name=\"frm_state\" type=\"hidden\" value=\"J1\/wdKs7fKR7ASqoFdtNSkRiASIRvj8g\/rE+66aRwVU=\" \/><\/div>\n<\/fieldset>\n<\/div>\n\n<\/form>\n<\/div>\n\n<\/div><\/div>\n<\/div><\/div>\n<\/div><\/div>\n\n\n\n<div class=\"wp-block-genesis-blocks-gb-column gb-block-layout-column\"><div class=\"gb-block-layout-column-inner\">\n<div class=\"wp-block-uagb-image uagb-block-5e020947 wp-block-uagb-image--layout-default wp-block-uagb-image--effect-static wp-block-uagb-image--align-none\"><figure class=\"wp-block-uagb-image__figure\"><img decoding=\"async\" srcset=\"https:\/\/www.portimex.com\/wp-content\/uploads\/2024\/04\/Portimex-Karte-Schweiz.png ,https:\/\/www.portimex.com\/wp-content\/uploads\/2024\/04\/Portimex-Karte-Schweiz.png 780w, https:\/\/www.portimex.com\/wp-content\/uploads\/2024\/04\/Portimex-Karte-Schweiz.png 360w\" sizes=\"auto, (max-width: 480px) 150px\" src=\"https:\/\/www.portimex.com\/wp-content\/uploads\/2024\/04\/Portimex-Karte-Schweiz.png\" alt=\"\" class=\"uag-image-2890\" width=\"417\" height=\"418\" title=\"\" loading=\"lazy\" role=\"img\"\/><\/figure><\/div>\n\n\n\n<h2 class=\"wp-block-heading\">Notre adresse<\/h2>\n\n\n\n<p class=\"has-small-font-size\"><strong>Portimex GmbH<br><\/strong>Niederglatterstrasse 1<br>8155 Niederhasli<br>Suisse<\/p>\n\n\n\n<h2 class=\"wp-block-heading\">Pour nous contacter<\/h2>\n\n\n\n<p class=\"has-small-font-size\"><strong>T\u00e9l :<\/strong>&nbsp; +41 (0)44 845 05 69<br><strong>E-mail :<\/strong>&nbsp;<a href=\"mailto:info@portimex.com\">info@portimex.com<\/a><\/p>\n\n\n\n<h2 class=\"wp-block-heading\">Contacts internationaux<\/h2>\n\n\n\n<p class=\"has-small-font-size\"><a href=\"https:\/\/fr.dictator.de\/contact-international\/\">Ici<\/a>&nbsp;vous trouverez toutes les repr\u00e9sentations du groupe DICTATOR.<\/p>\n\n\n\n<p class=\"has-small-font-size\">Repr\u00e9sentations dans 18 pays diff\u00e9rents<br>180 collaborateurs<br>Sites de production en Allemagne, les Pays-Bas, l&#8217;Espagne, l&#8217;Angleterre<\/p>\n<\/div><\/div>\n<\/div><\/div>\n<\/div><\/div>\n<\/div><\/div>\n","protected":false},"excerpt":{"rendered":"","protected":false},"author":2,"featured_media":0,"parent":0,"menu_order":0,"comment_status":"closed","ping_status":"closed","template":"","meta":{"_acf_changed":false,"_uag_custom_page_level_css":"","_genesis_hide_title":true,"_genesis_hide_breadcrumbs":false,"_genesis_hide_singular_image":false,"_genesis_hide_footer_widgets":false,"_genesis_custom_body_class":"","_genesis_custom_post_class":"","_genesis_layout":"","footnotes":""},"class_list":{"0":"post-3904","1":"page","2":"type-page","3":"status-publish","5":"entry"},"acf":[],"yoast_head":"<!-- This site is optimized with the Yoast SEO plugin v25.7 - https:\/\/yoast.com\/wordpress\/plugins\/seo\/ -->\n<title>Contact - Portimex<\/title>\n<meta name=\"robots\" content=\"index, follow, max-snippet:-1, max-image-preview:large, max-video-preview:-1\" \/>\n<link rel=\"canonical\" href=\"https:\/\/www.portimex.com\/fr\/contact\/\" \/>\n<meta property=\"og:locale\" content=\"fr_FR\" \/>\n<meta property=\"og:type\" content=\"article\" \/>\n<meta property=\"og:title\" content=\"Contact - Portimex\" \/>\n<meta property=\"og:url\" content=\"https:\/\/www.portimex.com\/fr\/contact\/\" \/>\n<meta property=\"og:site_name\" content=\"Portimex\" \/>\n<meta property=\"article:modified_time\" content=\"2025-09-03T12:38:09+00:00\" \/>\n<meta property=\"og:image\" content=\"https:\/\/www.portimex.com\/wp-content\/uploads\/2024\/04\/Portimex-Karte-Schweiz.png\" \/>\n<meta name=\"twitter:card\" content=\"summary_large_image\" \/>\n<meta name=\"twitter:label1\" content=\"Est. reading time\" \/>\n\t<meta name=\"twitter:data1\" content=\"1 minute\" \/>\n<script type=\"application\/ld+json\" class=\"yoast-schema-graph\">{\"@context\":\"https:\/\/schema.org\",\"@graph\":[{\"@type\":\"WebPage\",\"@id\":\"https:\/\/www.portimex.com\/fr\/contact\/\",\"url\":\"https:\/\/www.portimex.com\/fr\/contact\/\",\"name\":\"Contact - Portimex\",\"isPartOf\":{\"@id\":\"https:\/\/www.portimex.com\/#website\"},\"primaryImageOfPage\":{\"@id\":\"https:\/\/www.portimex.com\/fr\/contact\/#primaryimage\"},\"image\":{\"@id\":\"https:\/\/www.portimex.com\/fr\/contact\/#primaryimage\"},\"thumbnailUrl\":\"https:\/\/www.portimex.com\/wp-content\/uploads\/2024\/04\/Portimex-Karte-Schweiz.png\",\"datePublished\":\"2023-12-13T11:13:51+00:00\",\"dateModified\":\"2025-09-03T12:38:09+00:00\",\"breadcrumb\":{\"@id\":\"https:\/\/www.portimex.com\/fr\/contact\/#breadcrumb\"},\"inLanguage\":\"fr-CH\",\"potentialAction\":[{\"@type\":\"ReadAction\",\"target\":[\"https:\/\/www.portimex.com\/fr\/contact\/\"]}]},{\"@type\":\"ImageObject\",\"inLanguage\":\"fr-CH\",\"@id\":\"https:\/\/www.portimex.com\/fr\/contact\/#primaryimage\",\"url\":\"https:\/\/www.portimex.com\/wp-content\/uploads\/2024\/04\/Portimex-Karte-Schweiz.png\",\"contentUrl\":\"https:\/\/www.portimex.com\/wp-content\/uploads\/2024\/04\/Portimex-Karte-Schweiz.png\"},{\"@type\":\"BreadcrumbList\",\"@id\":\"https:\/\/www.portimex.com\/fr\/contact\/#breadcrumb\",\"itemListElement\":[{\"@type\":\"ListItem\",\"position\":1,\"name\":\"Home\",\"item\":\"https:\/\/www.portimex.com\/fr\/\"},{\"@type\":\"ListItem\",\"position\":2,\"name\":\"Contact\"}]},{\"@type\":\"WebSite\",\"@id\":\"https:\/\/www.portimex.com\/#website\",\"url\":\"https:\/\/www.portimex.com\/\",\"name\":\"Portimex\",\"description\":\"\",\"publisher\":{\"@id\":\"https:\/\/www.portimex.com\/#organization\"},\"potentialAction\":[{\"@type\":\"SearchAction\",\"target\":{\"@type\":\"EntryPoint\",\"urlTemplate\":\"https:\/\/www.portimex.com\/?s={search_term_string}\"},\"query-input\":{\"@type\":\"PropertyValueSpecification\",\"valueRequired\":true,\"valueName\":\"search_term_string\"}}],\"inLanguage\":\"fr-CH\"},{\"@type\":\"Organization\",\"@id\":\"https:\/\/www.portimex.com\/#organization\",\"name\":\"Portimex\",\"url\":\"https:\/\/www.portimex.com\/\",\"logo\":{\"@type\":\"ImageObject\",\"inLanguage\":\"fr-CH\",\"@id\":\"https:\/\/www.portimex.com\/#\/schema\/logo\/image\/\",\"url\":\"https:\/\/www.portimex.com\/wp-content\/uploads\/2024\/05\/cropped-Portimex-Logo.jpg\",\"contentUrl\":\"https:\/\/www.portimex.com\/wp-content\/uploads\/2024\/05\/cropped-Portimex-Logo.jpg\",\"width\":198,\"height\":46,\"caption\":\"Portimex\"},\"image\":{\"@id\":\"https:\/\/www.portimex.com\/#\/schema\/logo\/image\/\"}}]}<\/script>\n<!-- \/ Yoast SEO plugin. -->","yoast_head_json":{"title":"Contact - Portimex","robots":{"index":"index","follow":"follow","max-snippet":"max-snippet:-1","max-image-preview":"max-image-preview:large","max-video-preview":"max-video-preview:-1"},"canonical":"https:\/\/www.portimex.com\/fr\/contact\/","og_locale":"fr_FR","og_type":"article","og_title":"Contact - Portimex","og_url":"https:\/\/www.portimex.com\/fr\/contact\/","og_site_name":"Portimex","article_modified_time":"2025-09-03T12:38:09+00:00","og_image":[{"url":"https:\/\/www.portimex.com\/wp-content\/uploads\/2024\/04\/Portimex-Karte-Schweiz.png","type":"","width":"","height":""}],"twitter_card":"summary_large_image","twitter_misc":{"Est. reading time":"1 minute"},"schema":{"@context":"https:\/\/schema.org","@graph":[{"@type":"WebPage","@id":"https:\/\/www.portimex.com\/fr\/contact\/","url":"https:\/\/www.portimex.com\/fr\/contact\/","name":"Contact - Portimex","isPartOf":{"@id":"https:\/\/www.portimex.com\/#website"},"primaryImageOfPage":{"@id":"https:\/\/www.portimex.com\/fr\/contact\/#primaryimage"},"image":{"@id":"https:\/\/www.portimex.com\/fr\/contact\/#primaryimage"},"thumbnailUrl":"https:\/\/www.portimex.com\/wp-content\/uploads\/2024\/04\/Portimex-Karte-Schweiz.png","datePublished":"2023-12-13T11:13:51+00:00","dateModified":"2025-09-03T12:38:09+00:00","breadcrumb":{"@id":"https:\/\/www.portimex.com\/fr\/contact\/#breadcrumb"},"inLanguage":"fr-CH","potentialAction":[{"@type":"ReadAction","target":["https:\/\/www.portimex.com\/fr\/contact\/"]}]},{"@type":"ImageObject","inLanguage":"fr-CH","@id":"https:\/\/www.portimex.com\/fr\/contact\/#primaryimage","url":"https:\/\/www.portimex.com\/wp-content\/uploads\/2024\/04\/Portimex-Karte-Schweiz.png","contentUrl":"https:\/\/www.portimex.com\/wp-content\/uploads\/2024\/04\/Portimex-Karte-Schweiz.png"},{"@type":"BreadcrumbList","@id":"https:\/\/www.portimex.com\/fr\/contact\/#breadcrumb","itemListElement":[{"@type":"ListItem","position":1,"name":"Home","item":"https:\/\/www.portimex.com\/fr\/"},{"@type":"ListItem","position":2,"name":"Contact"}]},{"@type":"WebSite","@id":"https:\/\/www.portimex.com\/#website","url":"https:\/\/www.portimex.com\/","name":"Portimex","description":"","publisher":{"@id":"https:\/\/www.portimex.com\/#organization"},"potentialAction":[{"@type":"SearchAction","target":{"@type":"EntryPoint","urlTemplate":"https:\/\/www.portimex.com\/?s={search_term_string}"},"query-input":{"@type":"PropertyValueSpecification","valueRequired":true,"valueName":"search_term_string"}}],"inLanguage":"fr-CH"},{"@type":"Organization","@id":"https:\/\/www.portimex.com\/#organization","name":"Portimex","url":"https:\/\/www.portimex.com\/","logo":{"@type":"ImageObject","inLanguage":"fr-CH","@id":"https:\/\/www.portimex.com\/#\/schema\/logo\/image\/","url":"https:\/\/www.portimex.com\/wp-content\/uploads\/2024\/05\/cropped-Portimex-Logo.jpg","contentUrl":"https:\/\/www.portimex.com\/wp-content\/uploads\/2024\/05\/cropped-Portimex-Logo.jpg","width":198,"height":46,"caption":"Portimex"},"image":{"@id":"https:\/\/www.portimex.com\/#\/schema\/logo\/image\/"}}]}},"featured_image_src":null,"featured_image_src_square":null,"uagb_featured_image_src":{"full":false,"thumbnail":false,"medium":false,"medium_large":false,"large":false,"1536x1536":false,"2048x2048":false,"sidebar-featured":false,"genesis-singular-images":false,"gb-block-post-grid-landscape":false,"gb-block-post-grid-square":false},"uagb_author_info":{"display_name":"Verena W.","author_link":"https:\/\/www.portimex.com\/fr\/author\/v-weilermann\/"},"uagb_comment_info":0,"uagb_excerpt":null,"_links":{"self":[{"href":"https:\/\/www.portimex.com\/fr\/wp-json\/wp\/v2\/pages\/3904","targetHints":{"allow":["GET"]}}],"collection":[{"href":"https:\/\/www.portimex.com\/fr\/wp-json\/wp\/v2\/pages"}],"about":[{"href":"https:\/\/www.portimex.com\/fr\/wp-json\/wp\/v2\/types\/page"}],"author":[{"embeddable":true,"href":"https:\/\/www.portimex.com\/fr\/wp-json\/wp\/v2\/users\/2"}],"replies":[{"embeddable":true,"href":"https:\/\/www.portimex.com\/fr\/wp-json\/wp\/v2\/comments?post=3904"}],"version-history":[{"count":5,"href":"https:\/\/www.portimex.com\/fr\/wp-json\/wp\/v2\/pages\/3904\/revisions"}],"predecessor-version":[{"id":5690,"href":"https:\/\/www.portimex.com\/fr\/wp-json\/wp\/v2\/pages\/3904\/revisions\/5690"}],"wp:attachment":[{"href":"https:\/\/www.portimex.com\/fr\/wp-json\/wp\/v2\/media?parent=3904"}],"curies":[{"name":"wp","href":"https:\/\/api.w.org\/{rel}","templated":true}]}}